{"id":11,"date":"2011-03-03T13:58:45","date_gmt":"2011-03-03T11:58:45","guid":{"rendered":"http:\/\/new.urogynekologia.sk\/?page_id=11"},"modified":"2017-01-02T21:31:46","modified_gmt":"2017-01-02T19:31:46","slug":"odborne-podujatia","status":"publish","type":"page","link":"https:\/\/www.urogynekologia.sk\/?page_id=11","title":{"rendered":"Rok 2015"},"content":{"rendered":"<div><strong>19.2.2015<\/strong><\/div>\n<div>9. jihlavsk\u00e1 konference: Poruchy p\u00e1nevn\u00ed statiky a urogynekologie, Jihlava, \u010cR<\/div>\n<div><a href=\"\/doc\/program9.pdf\">program na stiahnutie<br \/>\n<\/a><\/p>\n<div>\n<div><strong>20.-24.3. 2015<\/strong><\/div>\n<div>30th Anniversary European Association of Urology Congress, Madrid, \u0160panielsko<\/div>\n<div><a href=\"http:\/\/eaumadrid2015.uroweb.org\/the-congress\">http:\/\/eaumadrid2015.uroweb.org\/the-congress<br \/>\n<\/a><\/p>\n<div>\n<div><strong>10.4.-11.4.2015<\/strong><\/div>\n<div>Vesicof\u00f3rum, Modra a Dem\u00e4novsk\u00e1 dolina-Jasn\u00e1<\/div>\n<div><a href=\"\/doc\/VESICOFORUM 2015 Program.pdf\">program na stiahnutie<br \/>\n<\/a><\/p>\n<div>\n<div><strong>14.5.-17.5.2015<\/strong><\/div>\n<div>II.spolo\u010dn\u00e1 konferencia SGPS SLS a \u010cGPS \u010cLS JEP, Bratislava, Incheba Expo<\/div>\n<div><a href=\"http:\/\/www.sgps-kongres.sk\/\">http:\/\/www.sgps-kongres.sk\/<br \/>\n<\/a><\/p>\n<div>\n<div><strong>15.-19.5. 2015<\/strong><\/div>\n<div>American\u00a0Urological Association\u00a0Annual Meeting, New Orleans, U.S.A.<\/div>\n<div><a href=\"http:\/\/www.aua2015.org\/\">http:\/\/www.aua2015.org\/<br \/>\n<\/a><\/p>\n<div>\n<div><strong>4.6.-5.6.2015<\/strong><\/div>\n<div>Workshop Pokroky v urogynekologii 2015, Kyjov, \u010cR<\/div>\n<div><a href=\"http:\/\/www.nemkyj.cz\/workshop-urologie-2015\">http:\/\/www.nemkyj.cz\/workshop-urologie-2015<br \/>\n<\/a><\/p>\n<div>\n<div><strong>9.6.-13.6.2015<\/strong><\/div>\n<div>the 40th IUGA Annual Joint Meeting, Nice, France<\/div>\n<div><a href=\"http:\/\/www.iugameeting.org\/\">http:\/\/www.iugameeting.org\/<br \/>\n<\/a><\/p>\n<div>\n<div><strong>10.6.-12.6.2015<\/strong><\/div>\n<div>22. v\u00fdro\u010dn\u00e1 konferencia Slovenskej Urologickej\u00a0Spolo\u010dnosti SLS, Pre\u0161ov<\/div>\n<div><a href=\"http:\/\/www.uropresov.sk\/home\" target=\"_blank\">http:\/\/www.uropresov.sk\/home<br \/>\n<\/a><\/p>\n<div>\n<div><strong>2.10.2015<\/strong><\/div>\n<div>XII. celo\u0161t\u00e1tna konferencia gynekologickej urol\u00f3gie, Nov\u00e9 Z\u00e1mky<\/div>\n<div><a href=\"\/doc\/UrogynNoveZamky2015.pdf\">info na stiahnutie<br \/>\n<\/a><\/p>\n<div>\n<div><strong>4.-9.10.2015<\/strong><\/div>\n<div>XXI. FIGO World Congress of Gynecology nad Obstetrics, Vancouver, Kanada<\/div>\n<div><a href=\"http:\/\/figo2015.com\/\">http:\/\/figo2015.com\/<br \/>\n<\/a><\/p>\n<div>\n<div><strong>5.10.-9.10.2015<\/strong><\/div>\n<div>ICS Annual Meeting, Montreal, Canada<\/div>\n<div><a href=\"http:\/\/www.ics.org\/2015\">http:\/\/www.ics.org\/2015<br \/>\n<\/a><\/p>\n<div>\n<div><strong>8.10.-9.10.2015<\/strong><\/div>\n<div>Konferencia gynekol\u00f3gov a urol\u00f3gov, Hotel Partiz\u00e1n, T\u00e1le<\/div>\n<div><a href=\"http:\/\/www.amedi.sk\/podujatia\/ii-konferencia-gynekologov-a-urologov-17\/uvod.html\">http:\/\/www.amedi.sk\/podujatia\/ii-konferencia-gynekologov-a-urologov-17\/uvod.html<br \/>\n<\/a><\/p>\n<div>\n<div><strong>13.10.-17.10.2014<\/strong><\/div>\n<div>\n<p>AUGS 35th Annual Scientific Meeting, Seattle, Washington, U.S.A.<\/p>\n<div>\n<div><strong>15.10.-18.10.2015<\/strong><\/div>\n<div>\n<p>the 35th Congress of the Soci\u00e9t\u00e9 Internationale d\u2019Urologie, Melbourne, Australia<\/p>\n<div>\n<div><strong>6.11.-7.11.2015<\/strong><\/div>\n<div>8<sup>th<\/sup>\u00a0EUGA Annual Congress, Var\u0161ava, Po\u013esko<\/div>\n<div><a href=\"http:\/\/www.eugacongress.org\/2015\/\">http:\/\/www.eugacongress.org\/2015\/<br \/>\n<\/a><\/p>\n<div>\n<div><del><strong>20.11.-21.11.2015\u00a0<\/strong><\/del><span style=\"color: #000000; font-size: small;\">(akcia predbe\u017ene prelo\u017een\u00e1 na term\u00edn:\u00a0<\/span><span style=\"color: #000000; font-size: small;\">7.4-9.4.2016)<\/span><\/div>\n<div>State of the Art, Zl\u00edn, \u010cR<\/div>\n<div><a href=\"http:\/\/www.urogynekologiezlin.cz\/\">http:www.urogynekologiezlin.cz<br \/>\n<\/a><\/p>\n<div>\n<div><strong>26.11.-28.11.2015<\/strong><\/div>\n<div>Konferenci nemocni\u010dn\u00edch gynekolog\u016f a porodn\u00edk\u016f, Hotel Holiday Inn, Brno,\u010cR<\/div>\n<div><a href=\"http:\/\/www.sngp.cz\/index.php\/konference\/program\">http:\/\/www.sngp.cz\/index.php\/konference\/program<br \/>\n<\/a><\/p>\n<div>\n<div><strong>27.11.-28.11.2015<\/strong><\/div>\n<div>Inkof\u00f3rum, Hotel Permon, Podbansk\u00e9<\/div>\n<div><a href=\"http:\/\/www.inkoforum.sk\">http:\/\/www.inkoforum.sk<br \/>\n<\/a><\/p>\n<div>\n<div><strong>3.12.2015<\/strong><\/div>\n<div>XXIV. \u010cESK\u00c1 UROGYNEKOLOGIE 2015, Praha, Clarion Congress Hotel Prague, \u010cR<\/div>\n<div><a href=\"http:\/\/www.congressprague.cz\/urogyn2015\" target=\"_blank\">www.congressprague.cz\/urogyn2015<br \/>\n<\/a><\/div>\n<\/div>\n<\/div>\n<\/div>\n<\/div>\n<\/div>\n<\/div>\n<\/div>\n<\/div>\n<\/div>\n<\/div>\n<\/div>\n<\/div>\n<\/div>\n<\/div>\n<\/div>\n<\/div>\n<\/div>\n<\/div>\n<\/div>\n<\/div>\n<\/div>\n<\/div>\n<\/div>\n<\/div>\n<\/div>\n<\/div>\n<\/div>\n<\/div>\n<\/div>\n<\/div>\n<\/div>\n<\/div>\n<\/div>\n<\/div>\n<\/div>\n<\/div>\n","protected":false},"excerpt":{"rendered":"<p>19.2.2015 9. jihlavsk\u00e1 konference: Poruchy p\u00e1nevn\u00ed statiky a urogynekologie, Jihlava,  [&#8230;]<\/p>\n","protected":false},"author":1,"featured_media":0,"parent":1971,"menu_order":4,"comment_status":"closed","ping_status":"closed","template":"","meta":{"footnotes":""},"class_list":["post-11","page","type-page","status-publish","hentry"],"_links":{"self":[{"href":"https:\/\/www.urogynekologia.sk\/index.php?rest_route=\/wp\/v2\/pages\/11","targetHints":{"allow":["GET"]}}],"collection":[{"href":"https:\/\/www.urogynekologia.sk\/index.php?rest_route=\/wp\/v2\/pages"}],"about":[{"href":"https:\/\/www.urogynekologia.sk\/index.php?rest_route=\/wp\/v2\/types\/page"}],"author":[{"embeddable":true,"href":"https:\/\/www.urogynekologia.sk\/index.php?rest_route=\/wp\/v2\/users\/1"}],"replies":[{"embeddable":true,"href":"https:\/\/www.urogynekologia.sk\/index.php?rest_route=%2Fwp%2Fv2%2Fcomments&post=11"}],"version-history":[{"count":70,"href":"https:\/\/www.urogynekologia.sk\/index.php?rest_route=\/wp\/v2\/pages\/11\/revisions"}],"predecessor-version":[{"id":1390,"href":"https:\/\/www.urogynekologia.sk\/index.php?rest_route=\/wp\/v2\/pages\/11\/revisions\/1390"}],"up":[{"embeddable":true,"href":"https:\/\/www.urogynekologia.sk\/index.php?rest_route=\/wp\/v2\/pages\/1971"}],"wp:attachment":[{"href":"https:\/\/www.urogynekologia.sk\/index.php?rest_route=%2Fwp%2Fv2%2Fmedia&parent=11"}],"curies":[{"name":"wp","href":"https:\/\/api.w.org\/{rel}","templated":true}]}}