{"id":1131,"date":"2015-02-02T11:06:36","date_gmt":"2015-02-02T09:06:36","guid":{"rendered":"http:\/\/www.urogynekologia.sk\/?page_id=1131"},"modified":"2017-01-02T21:29:15","modified_gmt":"2017-01-02T19:29:15","slug":"rak-2011","status":"publish","type":"page","link":"https:\/\/www.urogynekologia.sk\/?page_id=1131","title":{"rendered":"Rok 2011"},"content":{"rendered":"<p>8. 3. 2011<br \/>\n10. konferencia Inco Fora na t\u00e9mu Inkontinence v prim\u00e1rn\u00ed p\u00e9\u010di, Thomayerova nemocnica s poliklinikou, Praha<br \/>\n<a href=\"http:\/\/www.incoforum.cz\/\" target=\"_blank\">http:\/\/www.incoforum.cz\/<\/a><\/p>\n<p>14. 4 &#8211; 16. 4. 2011<br \/>\n9th Annual Meeting of the Mediterranean Society of Pelvic Floor Disorders, Egypt, K\u00e1hira<br \/>\n<a href=\"http:\/\/www.mspfd2011.org\/\" target=\"_blank\">www.mspfd2011.org\/<\/a><\/p>\n<p>12. &#8211; 14. 5. 2011<br \/>\nXVIII. kongres SGPS, Nitra<br \/>\n<a href=\"http:\/\/www.sgps-kongres.sk\/\" target=\"_blank\">http:\/\/www.sgps-kongres.sk\/<\/a><\/p>\n<p>3.6 &#8211; 5. 6. 2011<br \/>\nCelost\u00e1tn\u00ed konference \u010cGPS a SSG, Hradec Kr\u00e1lov\u00e9<br \/>\n<a href=\"http:\/\/www.cgps.cz\/\" target=\"_blank\">www.cgps.cz<br \/>\n<\/a><br \/>\n17. 6. 2011<br \/>\nKonferencia Sekcie gynekologickej urol\u00f3gie, Nov\u00e9 Z\u00e1mky<br \/>\n<a title=\"Pozvanka\" href=\"http:\/\/www.sgps.sk\/doc\/2011\/pozvanka13.pdf\" target=\"_blank\">http:\/\/www.sgps.sk\/doc\/2011\/pozvanka13.pdf<\/a><\/p>\n<p>28. 6. &#8211; 2. 7. 2011<br \/>\nAnnual Meeting IUGA, Lisabon, Portugalsko<br \/>\n<a href=\"http:\/\/www.iuga2011.com\/index.html\">http:\/\/www.iuga2011.com\/index.html<\/a><\/p>\n<p>29. 8. &#8211; 2. 9. 2011<br \/>\nAnnual Meeting ICS, Glasgow, United Kingdom<br \/>\n<a href=\"http:\/\/www2.kenes.com\/ics\/pages\/home.aspx\">http:\/\/www2.kenes.com\/ics\/pages\/home.aspx<\/a><\/p>\n<p>18. 9. &#8211; 22. 9. 2011<br \/>\n21st World Congress on Ultrasound in Obstetrics and Gynecology, USA, Los Angeles<br \/>\n<a href=\"http:\/\/www.isuog.org\/WorldCongress\/2011\/\" target=\"_blank\">www.isuog.org\/WorldCongress\/2011\/<\/a><\/p>\n<p>7.10. &#8211; 8. 10. 2011<br \/>\n32. konference gynekolog\u016f zab\u00fdvaj\u00edc\u00edch se ultrazvukovou diagnostikou ve spolupr\u00e1ci s Ian Donald School of Ultrasound, Praha<br \/>\n<a href=\"http:\/\/www.gynstart.cz\/f_clanky.php?c_id=229&amp;f_id=46\">http:\/\/www.gynstart.cz\/f_clanky.php?c_id=229&amp;f_id=46<\/a><\/p>\n<p>21.10. &#8211; 22.10. 2011<br \/>\nState of the Art v urogynekologii a rekonstruk\u010dn\u00ed p\u00e1nevn\u00ed chirurgii<br \/>\nP\u0159\u00edm\u00e9 p\u0159enosy z opera\u010dn\u00edch s\u00e1l\u016f, Zl\u00edn<br \/>\n<a href=\"http:\/\/www.bpp.cz\/urogyn2011\/uvodni_strana.php\">http:\/\/www.bpp.cz\/urogyn2011\/uvodni_strana.php<\/a><\/p>\n<p>1. 12. 2011<br \/>\nUrogynekologick\u00e1 konferencia<br \/>\nPraha, \u010cR, Hotel Clarion<br \/>\n<a href=\"http:\/\/www.congressprague.cz\/kongresy\/urogyn2011.html\">http:\/\/www.congressprague.cz\/kongresy\/urogyn2011.html<\/a><\/p>\n","protected":false},"excerpt":{"rendered":"<p>8. 3. 2011 10. konferencia Inco Fora na t\u00e9mu Inkontinence  [&#8230;]<\/p>\n","protected":false},"author":1,"featured_media":0,"parent":1971,"menu_order":0,"comment_status":"closed","ping_status":"closed","template":"","meta":{"footnotes":""},"class_list":["post-1131","page","type-page","status-publish","hentry"],"_links":{"self":[{"href":"https:\/\/www.urogynekologia.sk\/index.php?rest_route=\/wp\/v2\/pages\/1131","targetHints":{"allow":["GET"]}}],"collection":[{"href":"https:\/\/www.urogynekologia.sk\/index.php?rest_route=\/wp\/v2\/pages"}],"about":[{"href":"https:\/\/www.urogynekologia.sk\/index.php?rest_route=\/wp\/v2\/types\/page"}],"author":[{"embeddable":true,"href":"https:\/\/www.urogynekologia.sk\/index.php?rest_route=\/wp\/v2\/users\/1"}],"replies":[{"embeddable":true,"href":"https:\/\/www.urogynekologia.sk\/index.php?rest_route=%2Fwp%2Fv2%2Fcomments&post=1131"}],"version-history":[{"count":3,"href":"https:\/\/www.urogynekologia.sk\/index.php?rest_route=\/wp\/v2\/pages\/1131\/revisions"}],"predecessor-version":[{"id":1973,"href":"https:\/\/www.urogynekologia.sk\/index.php?rest_route=\/wp\/v2\/pages\/1131\/revisions\/1973"}],"up":[{"embeddable":true,"href":"https:\/\/www.urogynekologia.sk\/index.php?rest_route=\/wp\/v2\/pages\/1971"}],"wp:attachment":[{"href":"https:\/\/www.urogynekologia.sk\/index.php?rest_route=%2Fwp%2Fv2%2Fmedia&parent=1131"}],"curies":[{"name":"wp","href":"https:\/\/api.w.org\/{rel}","templated":true}]}}