{"id":14,"date":"2011-03-03T13:59:14","date_gmt":"2011-03-03T13:59:14","guid":{"rendered":"http:\/\/new.urogynekologia.sk\/?page_id=14"},"modified":"2013-09-30T08:49:36","modified_gmt":"2013-09-30T06:49:36","slug":"spravy","status":"publish","type":"page","link":"https:\/\/www.urogynekologia.sk\/?page_id=14","title":{"rendered":"Spr\u00e1vy"},"content":{"rendered":"<p>12.5.2011 Nitra &#8211; Spr\u00e1va z rokovania v\u00fdboru &#8211; <a href=\"http:\/\/www.urogynekologia.sk\/doc\/110512SpravaVyboruUrogyn.doc\">na stiahnutie<\/a><\/p>\n<p>17.6.2011\u00a0Pl\u00e1\u0161\u0165ovce \u2013 Spr\u00e1va z rokovania v\u00fdboru \u2013\u00a0<a href=\"http:\/\/www.urogynekologia.sk\/doc\/110617SpravaVyboruUrogyn.doc\">na stiahnutie<\/a><\/p>\n<p>17. 6. 2011 Nov\u00e9 Z\u00e1mky \u2013 Spr\u00e1va z Konferencie Sekcie gynekologickej urol\u00f3gie \u2013 <a href=\"http:\/\/www.urogynekologia.sk\/doc\/110617SpravaUrogynKonfNZamky.doc\">na stiahnutie\u00a0<\/a><\/p>\n<p>31.5.2012 Bratislava Spr\u00e1va z rokovania v\u00fdboru \u2013 <a href=\"http:\/\/www.urogynekologia.sk\/doc\/120531SpravaVyboruUrogyn.pdf\">na stiahnutie<\/a><\/p>\n<p>28.9.2012 Slia\u010d \u2013 Sielnica-\u00a0Spr\u00e1va zo IV. kongresu jednod\u0148ovej chirurgie \u201ePORUCHY\u00a0\u00a0PANVOV\u00c9HO DNA \u2013 <a href=\"http:\/\/www.urogynekologia.sk\/doc\/120928SpravaUrogynKonfSliac.pdf\">na stiahnutie<\/a><\/p>\n<p>28. 6. 2013 Nov\u00e9 Z\u00e1mky \u2013 Spr\u00e1va z Konferencie Sekcie gynekologickej urol\u00f3gie \u2013\u00a0<a href=\"http:\/\/www.urogynekologia.sk\/doc\/130628SpravaUrogynKonfNZamky.docx\">na stiahnutie<\/a><\/p>\n<p>23.9.2013 Slia\u010d \u2013 Spr\u00e1va z rokovania v\u00fdboru \u2013\u00a0<a href=\"http:\/\/www.urogynekologia.sk\/doc\/130923SpravaVyboruUrogynSliac.pdf\">na stiahnutie<\/a><\/p>\n<p>&nbsp;<\/p>\n<p>&nbsp;<\/p>\n<p>&nbsp;<\/p>\n<p>&nbsp;<\/p>\n","protected":false},"excerpt":{"rendered":"<p>12.5.2011 Nitra &#8211; Spr\u00e1va z rokovania v\u00fdboru &#8211; na stiahnutie  [&#8230;]<\/p>\n","protected":false},"author":1,"featured_media":0,"parent":0,"menu_order":6,"comment_status":"closed","ping_status":"closed","template":"","meta":{"footnotes":""},"class_list":["post-14","page","type-page","status-publish","hentry"],"_links":{"self":[{"href":"https:\/\/www.urogynekologia.sk\/index.php?rest_route=\/wp\/v2\/pages\/14","targetHints":{"allow":["GET"]}}],"collection":[{"href":"https:\/\/www.urogynekologia.sk\/index.php?rest_route=\/wp\/v2\/pages"}],"about":[{"href":"https:\/\/www.urogynekologia.sk\/index.php?rest_route=\/wp\/v2\/types\/page"}],"author":[{"embeddable":true,"href":"https:\/\/www.urogynekologia.sk\/index.php?rest_route=\/wp\/v2\/users\/1"}],"replies":[{"embeddable":true,"href":"https:\/\/www.urogynekologia.sk\/index.php?rest_route=%2Fwp%2Fv2%2Fcomments&post=14"}],"version-history":[{"count":18,"href":"https:\/\/www.urogynekologia.sk\/index.php?rest_route=\/wp\/v2\/pages\/14\/revisions"}],"predecessor-version":[{"id":819,"href":"https:\/\/www.urogynekologia.sk\/index.php?rest_route=\/wp\/v2\/pages\/14\/revisions\/819"}],"wp:attachment":[{"href":"https:\/\/www.urogynekologia.sk\/index.php?rest_route=%2Fwp%2Fv2%2Fmedia&parent=14"}],"curies":[{"name":"wp","href":"https:\/\/api.w.org\/{rel}","templated":true}]}}