{"id":1417,"date":"2016-01-20T12:04:35","date_gmt":"2016-01-20T10:04:35","guid":{"rendered":"http:\/\/www.urogynekologia.sk\/?page_id=1417"},"modified":"2019-10-07T16:29:25","modified_gmt":"2019-10-07T14:29:25","slug":"rok-2019","status":"publish","type":"page","link":"https:\/\/www.urogynekologia.sk\/?page_id=1417","title":{"rendered":"Rok 2019"},"content":{"rendered":"<div><strong>16.3.-18.3.2019<\/strong><\/div>\n<div>34th Annual EAU Congress\/20th International EAUN Meeting&nbsp;, Barcelona<\/div>\n<div><a href=\"https:\/\/eauncongress.uroweb.org\/\" target=\"_blank\" rel=\"noopener noreferrer\" data-saferedirecturl=\"https:\/\/www.google.com\/url?q=https:\/\/eauncongress.uroweb.org\/&amp;source=gmail&amp;ust=1545209464290000&amp;usg=AFQjCNHm9RXujy4PkmsmWwxIQS7O0P20SA\">https:\/\/eauncongress.uroweb.<wbr>org\/<\/a><\/div>\n<div>&nbsp;<\/div>\n<div><strong>5.6.-7.6.2019<\/strong><\/div>\n<div>26. v\u00fdro\u010dn\u00e1 konferencia Slovenskej urologickej spolo\u010dnosti SLS, Martin<\/div>\n<div><a href=\"http:\/\/www.sus2019.sk\/\" target=\"_blank\" rel=\"noopener noreferrer\">www.sus2019.sk<\/a><\/div>\n<div>&nbsp;<\/div>\n<div><strong>13.6.-14.6.2019<\/strong><\/div>\n<div>State of the Art v urogynekologii a rekonstruk\u010dn\u00ed p\u00e1nevn\u00ed chirurgii, Zl\u00edn, \u010cR<\/div>\n<div><a href=\"http:\/\/www.statezlin.cz\/\">www.statezlin.cz<\/a>&nbsp;&nbsp;<\/div>\n<div>&nbsp;<\/div>\n<div>\n<div><strong>20.6.-23.6.2019<\/strong><\/div>\n<div>\n<div>\n<div>VI. spolo\u010dn\u00e1 konferencia SGPS SLS a \u010cGPS \u010cLS JEP, Incheba Expo, Bratislava<\/div>\n<\/div>\n<div><a href=\"http:\/\/www.sgps-kongres.sk\/\">www.sgps-kongres.sk<\/a><\/div>\n<\/div>\n<div>&nbsp;<\/div>\n<div><strong>3.9.-6.9.2019<\/strong><\/div>\n<\/div>\n<div>ICS Annual Meeting,Gothenburg, Sweden<br \/>\n<a href=\"http:\/\/www.ics.org\/2019\">http:\/\/www.ics.org\/2019<\/a><\/div>\n<div>\n<div>&nbsp;<\/div>\n<div><b>24.9.-28.9.2019<\/b><\/div>\n<div>\n<div>Joint Annual Meeting IUGA-AUGS,&nbsp;Nashville, Tennessee \u2013 USA<\/div>\n<div><span style=\"color: #000000; font-family: Open Sans;\"><a href=\"https:\/\/www.iuga.org\/meetings\/annual-meetings\/2019-iuga-44th-annual-meeting\">https:\/\/www.iuga.org\/meetings\/annual-meetings\/2019-iuga-44th-annual-meeting<\/a><\/span><\/div>\n<div>&nbsp;<\/div>\n<\/div>\n<div>\n<div><strong>11.10.-12.10.2019<\/strong><\/div>\n<div>V. konferencia gynekol\u00f3gov, urol\u00f3gov a sexuol\u00f3gov, Hotel Dru\u017eba, Jasn\u00e1<br \/>\n<a href=\"http:\/\/www.amedi.sk\/podujatia\/konferencia-gynekologov-urologov-a-sexuologov-158\/uvod.html\">http:\/\/www.amedi.sk\/podujatia\/konferencia-gynekologov-urologov-a-sexuologov-158\/uvod.html<\/a><\/div>\n<div>&nbsp;<\/div>\n<\/div>\n<div>\n<div><strong>16.10.-18.10.2019<\/strong><\/div>\n<div>XII. Annual Congress EUGA, Tel Aviv, Izrael<\/div>\n<div><a href=\"https:\/\/www.eugacongress.org\/\">https:\/\/www.eugacongress.org\/<\/a><\/div>\n<\/div>\n<\/div>\n<div>\n<div>\n<div dir=\"ltr\">\n<div dir=\"ltr\">\n<div dir=\"ltr\">\n<div dir=\"ltr\">\n<div>&nbsp;<\/div>\n<div><strong>16.10.-18.10.2019<\/strong><\/div>\n<div><span style=\"font-size: small;\">65. v\u00fdro\u010dn\u00ed konference \u010cesk\u00e9 urologick\u00e9 spole\u010dnosti \u010cLS JEP,&nbsp;<\/span>Clarion Congress Hotel Praha<\/div>\n<\/div>\n<\/div>\n<\/div>\n<\/div>\n<\/div>\n<div>\n<div dir=\"ltr\">\n<div dir=\"ltr\">\n<div dir=\"ltr\">\n<div dir=\"ltr\">\n<div><span style=\"color: #333333;\"><a href=\"http:\/\/www.cus.cz\/pro-odborniky\/akce\/65-vyrocni-konference-ceske-urologicke-spolecnosti-cls-jep\/\" target=\"_blank\" rel=\"noopener noreferrer\" data-saferedirecturl=\"https:\/\/www.google.com\/url?q=http:\/\/www.cus.cz\/pro-odborniky\/akce\/65-vyrocni-konference-ceske-urologicke-spolecnosti-cls-jep\/&amp;source=gmail&amp;ust=1545209464290000&amp;usg=AFQjCNHrIyl3xAuWDVh4UQ5jKCITjwAfRA\">http:\/\/www.cus.cz\/pro-<wbr>odborniky\/akce\/65-vyrocni-<wbr>konference-ceske-urologicke-<wbr>spolecnosti-cls-jep\/<\/a><\/span><\/div>\n<\/div>\n<div>\n<div>&nbsp;<\/div>\n<div>\n<div>\n<div><strong>25.10.-26.10.2019<\/strong><\/div>\n<div>Konferencia ne\u0161t\u00e1tnych urol\u00f3gov, Hotel Victoria, Martin<\/div>\n<div><a href=\"https:\/\/konferencia-nestatnych-urologov.sk\/\">https:\/\/konferencia-nestatnych-urologov.sk\/<\/a><\/div>\n<\/div>\n<div>&nbsp;<\/div>\n<\/div>\n<div><strong>4.12.- 5.12.2019&nbsp;<\/strong><\/div>\n<div>XXVIII. \u010desk\u00e1 urogynekologie 2019,&nbsp;Clarion Congress Hotel&nbsp;Praha, \u010cR<\/div>\n<div><span style=\"color: #737272; font-family: Open Sans, sans-serif, arial;\"><a href=\"https:\/\/www.congressprague.cz\/kongresy\/urogyn2019.html\">https:\/\/www.congressprague.cz\/kongresy\/urogyn2019.html<\/a><\/span><\/div>\n<\/div>\n<\/div>\n<\/div>\n<\/div>\n<\/div>\n<\/div>\n<div>&nbsp;<\/div>\n<div>\n<div>&nbsp;<\/div>\n<\/div>\n","protected":false},"excerpt":{"rendered":"<p>16.3.-18.3.2019 34th Annual EAU Congress\/20th International EAUN Meeting&nbsp;, Barcelona https:\/\/eauncongress.uroweb.org\/  [&#8230;]<\/p>\n","protected":false},"author":1,"featured_media":0,"parent":1968,"menu_order":0,"comment_status":"closed","ping_status":"closed","template":"","meta":{"footnotes":""},"class_list":["post-1417","page","type-page","status-publish","hentry"],"_links":{"self":[{"href":"https:\/\/www.urogynekologia.sk\/index.php?rest_route=\/wp\/v2\/pages\/1417","targetHints":{"allow":["GET"]}}],"collection":[{"href":"https:\/\/www.urogynekologia.sk\/index.php?rest_route=\/wp\/v2\/pages"}],"about":[{"href":"https:\/\/www.urogynekologia.sk\/index.php?rest_route=\/wp\/v2\/types\/page"}],"author":[{"embeddable":true,"href":"https:\/\/www.urogynekologia.sk\/index.php?rest_route=\/wp\/v2\/users\/1"}],"replies":[{"embeddable":true,"href":"https:\/\/www.urogynekologia.sk\/index.php?rest_route=%2Fwp%2Fv2%2Fcomments&post=1417"}],"version-history":[{"count":22,"href":"https:\/\/www.urogynekologia.sk\/index.php?rest_route=\/wp\/v2\/pages\/1417\/revisions"}],"predecessor-version":[{"id":2769,"href":"https:\/\/www.urogynekologia.sk\/index.php?rest_route=\/wp\/v2\/pages\/1417\/revisions\/2769"}],"up":[{"embeddable":true,"href":"https:\/\/www.urogynekologia.sk\/index.php?rest_route=\/wp\/v2\/pages\/1968"}],"wp:attachment":[{"href":"https:\/\/www.urogynekologia.sk\/index.php?rest_route=%2Fwp%2Fv2%2Fmedia&parent=1417"}],"curies":[{"name":"wp","href":"https:\/\/api.w.org\/{rel}","templated":true}]}}