{"id":1500,"date":"2016-06-09T13:06:38","date_gmt":"2016-06-09T11:06:38","guid":{"rendered":"http:\/\/www.urogynekologia.sk\/?page_id=1500"},"modified":"2018-06-12T16:38:49","modified_gmt":"2018-06-12T14:38:49","slug":"online-prihlasovanie","status":"publish","type":"page","link":"https:\/\/www.urogynekologia.sk\/?page_id=1500","title":{"rendered":"Online prihlasovanie"},"content":{"rendered":"<p style=\"text-align: center;\"><strong>VII. Slovensk\u00e1 konferencia urogynekol\u00f3gie 2018<\/strong><\/p>\n<p style=\"text-align: center;\">Prihl\u00e1\u0161ka<\/p>\n<p style=\"text-align: center;\">&nbsp;<\/p>\n\n<div class=\"wpcf7 no-js\" id=\"wpcf7-f2261-o1\" lang=\"sk-SK\" dir=\"ltr\" data-wpcf7-id=\"2261\">\n<div class=\"screen-reader-response\"><p role=\"status\" aria-live=\"polite\" aria-atomic=\"true\"><\/p> <ul><\/ul><\/div>\n<form action=\"\/index.php?rest_route=%2Fwp%2Fv2%2Fpages%2F1500#wpcf7-f2261-o1\" method=\"post\" class=\"wpcf7-form init\" aria-label=\"Kontaktn\u00fd formul\u00e1r\" novalidate=\"novalidate\" data-status=\"init\">\n<fieldset class=\"hidden-fields-container\"><input type=\"hidden\" name=\"_wpcf7\" value=\"2261\" \/><input type=\"hidden\" name=\"_wpcf7_version\" value=\"6.1.5\" \/><input type=\"hidden\" name=\"_wpcf7_locale\" value=\"sk_SK\" \/><input type=\"hidden\" name=\"_wpcf7_unit_tag\" value=\"wpcf7-f2261-o1\" \/><input type=\"hidden\" name=\"_wpcf7_container_post\" value=\"0\" \/><input type=\"hidden\" name=\"_wpcf7_posted_data_hash\" value=\"\" \/>\n<\/fieldset>\n<h4 style=\"letter-spacing: 2px;\">\n\t<div class=\"clearfix\">\n\t\t<div id=\"left\">\n\t\t\t<p>Meno (*) <span class=\"wpcf7-form-control-wrap\" data-name=\"meno\"><input size=\"40\" maxlength=\"400\" class=\"wpcf7-form-control wpcf7-text wpcf7-validates-as-required\" aria-required=\"true\" aria-invalid=\"false\" value=\"\" type=\"text\" name=\"meno\" \/><\/span>\n\t\t\t<\/p>\n\t\t\t<p>Priezvisko (*)<span class=\"wpcf7-form-control-wrap\" data-name=\"priezvisko\"><input size=\"40\" maxlength=\"400\" class=\"wpcf7-form-control wpcf7-text wpcf7-validates-as-required\" aria-required=\"true\" aria-invalid=\"false\" value=\"\" type=\"text\" name=\"priezvisko\" \/><\/span>\n\t\t\t<\/p>\n\t\t\t<p>Titul <span class=\"wpcf7-form-control-wrap\" data-name=\"titul\"><input size=\"40\" maxlength=\"400\" class=\"wpcf7-form-control wpcf7-text\" aria-invalid=\"false\" value=\"\" type=\"text\" name=\"titul\" \/><\/span>\n\t\t\t<\/p>\n\t\t\t<p>ID SLK <span class=\"wpcf7-form-control-wrap\" data-name=\"IDSLK\"><input size=\"40\" maxlength=\"400\" class=\"wpcf7-form-control wpcf7-text\" aria-invalid=\"false\" value=\"\" type=\"text\" name=\"IDSLK\" \/><\/span>\n\t\t\t<\/p>\n\t\t<\/div>\n\t\t<div id=\"right\">\n\t\t\t<p>E-mail (*) <span class=\"wpcf7-form-control-wrap\" data-name=\"email\"><input size=\"40\" maxlength=\"400\" class=\"wpcf7-form-control wpcf7-text wpcf7-validates-as-required\" aria-required=\"true\" aria-invalid=\"false\" value=\"\" type=\"text\" name=\"email\" \/><\/span>\n\t\t\t<\/p>\n\t\t\t<p>Zamestn\u00e1vate\u013e (zadajte cel\u00fd n\u00e1zov) <span class=\"wpcf7-form-control-wrap\" data-name=\"zamestnavatel\"><input size=\"40\" maxlength=\"400\" class=\"wpcf7-form-control wpcf7-text\" aria-invalid=\"false\" value=\"\" type=\"text\" name=\"zamestnavatel\" \/><\/span>\n\t\t\t<\/p>\n\t\t\t<p>Adresa pracoviska <span class=\"wpcf7-form-control-wrap\" data-name=\"adresa-pracoviska\"><input size=\"40\" maxlength=\"400\" class=\"wpcf7-form-control wpcf7-text\" aria-invalid=\"false\" value=\"\" type=\"text\" name=\"adresa-pracoviska\" \/><\/span>\n\t\t\t<\/p>\n\t\t<\/div>\n\t<\/div>\n<\/h4>\n<p>[recaptcha]\n<\/p>\n<p><input class=\"wpcf7-form-control wpcf7-submit has-spinner\" id=\"button\" type=\"submit\" value=\"Odosla\u0165\" \/>\n<\/p><div class=\"fusion-alert alert custom alert-custom fusion-alert-center wpcf7-response-output fusion-alert-capitalize awb-alert-native-link-color alert-dismissable awb-alert-close-boxed\" style=\"--awb-border-top-left-radius:0px;--awb-border-top-right-radius:0px;--awb-border-bottom-left-radius:0px;--awb-border-bottom-right-radius:0px;\" role=\"alert\"><div class=\"fusion-alert-content-wrapper\"><span class=\"fusion-alert-content\"><\/span><\/div><button type=\"button\" class=\"close toggle-alert\" data-dismiss=\"alert\" aria-label=\"Close\">&times;<\/button><\/div>\n<\/form>\n<\/div>\n\n","protected":false},"excerpt":{"rendered":"<p>VII. Slovensk\u00e1 konferencia urogynekol\u00f3gie 2018 Prihl\u00e1\u0161ka &nbsp;<\/p>\n","protected":false},"author":1,"featured_media":0,"parent":2085,"menu_order":2,"comment_status":"closed","ping_status":"closed","template":"","meta":{"footnotes":""},"class_list":["post-1500","page","type-page","status-publish","hentry"],"_links":{"self":[{"href":"https:\/\/www.urogynekologia.sk\/index.php?rest_route=\/wp\/v2\/pages\/1500","targetHints":{"allow":["GET"]}}],"collection":[{"href":"https:\/\/www.urogynekologia.sk\/index.php?rest_route=\/wp\/v2\/pages"}],"about":[{"href":"https:\/\/www.urogynekologia.sk\/index.php?rest_route=\/wp\/v2\/types\/page"}],"author":[{"embeddable":true,"href":"https:\/\/www.urogynekologia.sk\/index.php?rest_route=\/wp\/v2\/users\/1"}],"replies":[{"embeddable":true,"href":"https:\/\/www.urogynekologia.sk\/index.php?rest_route=%2Fwp%2Fv2%2Fcomments&post=1500"}],"version-history":[{"count":9,"href":"https:\/\/www.urogynekologia.sk\/index.php?rest_route=\/wp\/v2\/pages\/1500\/revisions"}],"predecessor-version":[{"id":2506,"href":"https:\/\/www.urogynekologia.sk\/index.php?rest_route=\/wp\/v2\/pages\/1500\/revisions\/2506"}],"up":[{"embeddable":true,"href":"https:\/\/www.urogynekologia.sk\/index.php?rest_route=\/wp\/v2\/pages\/2085"}],"wp:attachment":[{"href":"https:\/\/www.urogynekologia.sk\/index.php?rest_route=%2Fwp%2Fv2%2Fmedia&parent=1500"}],"curies":[{"name":"wp","href":"https:\/\/api.w.org\/{rel}","templated":true}]}}