{"id":16,"date":"2011-03-03T13:59:36","date_gmt":"2011-03-03T13:59:36","guid":{"rendered":"http:\/\/new.urogynekologia.sk\/?page_id=16"},"modified":"2024-12-19T15:12:52","modified_gmt":"2024-12-19T13:12:52","slug":"legislativa","status":"publish","type":"page","link":"https:\/\/www.urogynekologia.sk\/?page_id=16","title":{"rendered":"Legislat\u00edva"},"content":{"rendered":"<h3>Legislat\u00edva<\/h3>\n<ul>\n<li><a href=\"https:\/\/www.urogynekologia.sk\/wp-content\/uploads\/Limity260420204-cast.pdf\">Zmena v preskripcii pom\u00f4cok od 26.4.2024<\/a><\/li>\n<li><a href=\"https:\/\/www.urogynekologia.sk\/wp-content\/uploads\/Zmeny_v-limitovych_tabulkach_01_04_2024.pdf\" target=\"_blank\" rel=\"noopener noreferrer\">Zmeny v preskripcii pom\u00f4cok od 1.4.2024<\/a><\/li>\n<li><a href=\"https:\/\/www.urogynekologia.sk\/wp-content\/uploads\/LimitySZM-BulkingAgens.pdf\">Limity SZM-Bulking Agens<\/a><\/li>\n<li><a href=\"https:\/\/www.urogynekologia.sk\/wp-content\/uploads\/LimitySZM-Sietky.pdf\">Limity SZM-Sie\u0165ky<\/a><\/li>\n<li><a href=\"https:\/\/www.urogynekologia.sk\/wp-content\/uploads\/LimitySZM-SuburetralnaPaska.pdf\">Limity SZM-Suburetr\u00e1lna P\u00e1ska<\/a><\/li>\n<li><a href=\"http:\/\/www.urogynekologia.sk\/doc\/Zakon333.pdf\">Novela z\u00e1kona o dani z pr\u00edjmov<\/a><\/li>\n<li><a href=\"https:\/\/www.urogynekologia.sk\/wp-content\/uploads\/Usmernenie_k_dani_z_prijmu-2011.pdf\" target=\"_blank\" rel=\"noopener noreferrer\">Usmernenie k dani z pr\u00edjmu (2011)<\/a><\/li>\n<li><a href=\"http:\/\/www.urogynekologia.sk\/doc\/rim.pdf\" target=\"_blank\" rel=\"noopener noreferrer\">Rie\u0161enie inkontinencie mo\u010du<\/a><\/li>\n<li><a href=\"http:\/\/www.urogynekologia.sk\/doc\/vzd.pdf\" target=\"_blank\" rel=\"noopener noreferrer\">Vedenie zdravotnej dokument\u00e1cie<\/a><\/li>\n<li><a href=\"https:\/\/www.urogynekologia.sk\/wp-content\/uploads\/IndikacneObmedzeniaLiecbyOAB.pdf\" target=\"_blank\" rel=\"noopener noreferrer\">Indika\u010dn\u00e9 obmedzenia lie\u010dby OAB 2009<\/a><\/li>\n<li><a href=\"https:\/\/www.urogynekologia.sk\/wp-content\/uploads\/IndikacneObmedzliecbyOAB-2010.pdf\" target=\"_blank\" rel=\"noopener noreferrer\">Indika\u010dn\u00e9 obmedzenia lie\u010dby OAB 2010<\/a><\/li>\n<li><a href=\"https:\/\/www.urogynekologia.sk\/wp-content\/uploads\/UsmernenieTVT.pdf\" target=\"_blank\" rel=\"noopener noreferrer\">Usmernenie pre aplik\u00e1ciu suburetr\u00e1lnej p\u00e1sky<\/a><\/li>\n<li><a href=\"http:\/\/www.urogynekologia.sk\/doc\/DgaLiecbaProlapsu.pdf\" target=\"_blank\" rel=\"noopener noreferrer\">Diagnostika a lie\u010dba prolapsu panvov\u00e9ho dna<\/a><\/li>\n<li><a href=\"https:\/\/www.urogynekologia.sk\/wp-content\/uploads\/limity_k_01_07_2015.pdf\">Limit skupiny B &#8211; Zdravotn\u00edcke pom\u00f4cky pre inkontinenciu, retenciu mo\u010du od 1.7.2015<\/a><\/li>\n<li><a href=\"http:\/\/www.urogynekologia.sk\/doc\/UsmernenieVSZP.pdf\">Vykazovanie diagn\u00f3z pri inkontinencii mo\u010du \u2013 usmernenie V\u0161ZP<\/a><\/li>\n<li><a href=\"http:\/\/www.primarnykontakt.sk\/category\/vseobecny-lekar\/legislativa\/legislativa-spolu\/page\/2\/\">Preh\u013ead zdravotn\u00edckej legislat\u00edvy<\/a><\/li>\n<li><a href=\"http:\/\/www.urogynekologia.sk\/doc\/ZakonoLieku362-2011.pdf\" target=\"_blank\" rel=\"noopener noreferrer\">Z\u00e1kon 362\/2011 o liekoch a zdravotn\u00edckych pom\u00f4ckach<\/a><\/li>\n<li><a href=\"http:\/\/www.urogynekologia.sk\/doc\/vymennelistky.pdf\" target=\"_blank\" rel=\"noopener noreferrer\">Z\u00e1kon\u00a041\/2013(&#8222;V\u00fdmenn\u00e9 l\u00edstky&#8220;)<\/a><\/li>\n<li>\n<div><a href=\"http:\/\/www.urogynekologia.sk\/doc\/Z\u00e1kon13-z160Kody.pdf\" target=\"_blank\" rel=\"noopener noreferrer\">Zbierka z\u00e1konov \u010d. 160\/2013 (5 miestne k\u00f3dy chor\u00f4b)<\/a><\/div>\n<\/li>\n<li><a href=\"http:\/\/www.urogynekologia.sk\/doc\/Duloxetin.pdf\">Duloxetin &#8211; indika\u010dn\u00e9 obmedzenie<\/a><\/li>\n<li><a href=\"http:\/\/www.urogynekologia.sk\/doc\/Zakon53-2015.pdf\">Z\u00e1kon \u010d.53\/2015<\/a><\/li>\n<li><a href=\"http:\/\/www.health.gov.sk\/?zoznam-kategorizovanych-liekov\">Zoznam kategorizovan\u00fdch liekov<\/a><\/li>\n<li><a href=\"http:\/\/www.health.gov.sk\/?zoznam-kategorizovanych-zdravotnickych-pomocok\">Zoznam kategorizovan\u00fdch zdravotn\u00edckych pom\u00f4cok<\/a><\/li>\n<li><a href=\"http:\/\/www.urogynekologia.sk\/wp-content\/uploads\/Priloha_c_5_Vyhlaska_84_2016.pdf\">Pr\u00edloha \u010d.1 k vyhl\u00e1\u0161ke \u010d.84\/2016 Z.z. &#8211; &#8222;ambulancie&#8220;<\/a><\/li>\n<li><a href=\"https:\/\/www.urogynekologia.sk\/wp-content\/uploads\/Limitynapomocky-2018.pdf\">Limit skupiny B \u2013 Zdravotn\u00edcke pom\u00f4cky pre inkontinenciu, retenciu mo\u010du od 1.4.2018<\/a><\/li>\n<li><a href=\"\/doc\/ZZ_2019_263_20190901.pdf\">Vyhl\u00e1\u0161ka 263\/2019 &#8211; opakovan\u00e1 preskripcia<\/a><\/li>\n<li><a href=\"\/doc\/Fyzioterapia-Klinick.pdf\">Klinick\u00fd \u0161tandard fyzioterapie diast\u00e1zy priameho bru\u0161n\u00e9ho svalu u \u017eien po p\u00f4rode<\/a><\/li>\n<li><a href=\"\/doc\/Fyzioterapia_Stresova_inkontinencia.pdf\">Klinick\u00fd \u0161tandard fyzioterapie stresovej inkontinencie mo\u010du \u017eien<\/a><\/li>\n<li><a href=\"\/doc\/Fyzioterapia_KSF.pdf\">Klinick\u00fd \u0161tandard fyzioterapie hyperakt\u00edvneho mech\u00fara (OAB ) a urgentnej inkontinencie mo\u010du \u017eien<\/a><\/li>\n<li><a href=\"https:\/\/www.standardnepostupy.sk\/standardy-gyneklologia-a-porodnictvo\/\">\u0160tandardn\u00e9 postupy v gynekol\u00f3gii a p\u00f4rodn\u00edctve<\/a><\/li>\n<li>\n<div><a href=\"\/doc\/5_1-Gyn-a-por-Inkontinencia-mocu-u-zien.pdf\">\u0160tandardn\u00fd postup: &#8222;Inkontinencia mo\u010du u \u017eien&#8220; &#8211; 2022<\/a><\/div>\n<\/li>\n<li>\n<div><a href=\"\/doc\/5_4-Gyn-a-por-Pokles-panvovych-organov-u-zien.pdf\">\u0160tandardn\u00fd\u00a0postup: &#8222;Pokles panvov\u00fdch org\u00e1nov\u00a0u \u017eien&#8220; &#8211; 2022<\/a><\/div>\n<\/li>\n<li><a href=\"\/doc\/vestnik-2022.pdf\">Vestn\u00edk 2022-\u0161tandardy pre \u0161tudijn\u00e9 programy \/gynekologick\u00e1 urol\u00f3gia\/<\/a><\/li>\n<\/ul>\n","protected":false},"excerpt":{"rendered":"<p>Legislat\u00edva Zmena v preskripcii pom\u00f4cok od 26.4.2024 Zmeny v preskripcii  [&#8230;]<\/p>\n","protected":false},"author":1,"featured_media":0,"parent":0,"menu_order":8,"comment_status":"closed","ping_status":"closed","template":"","meta":{"footnotes":""},"class_list":["post-16","page","type-page","status-publish","hentry"],"_links":{"self":[{"href":"https:\/\/www.urogynekologia.sk\/index.php?rest_route=\/wp\/v2\/pages\/16","targetHints":{"allow":["GET"]}}],"collection":[{"href":"https:\/\/www.urogynekologia.sk\/index.php?rest_route=\/wp\/v2\/pages"}],"about":[{"href":"https:\/\/www.urogynekologia.sk\/index.php?rest_route=\/wp\/v2\/types\/page"}],"author":[{"embeddable":true,"href":"https:\/\/www.urogynekologia.sk\/index.php?rest_route=\/wp\/v2\/users\/1"}],"replies":[{"embeddable":true,"href":"https:\/\/www.urogynekologia.sk\/index.php?rest_route=%2Fwp%2Fv2%2Fcomments&post=16"}],"version-history":[{"count":39,"href":"https:\/\/www.urogynekologia.sk\/index.php?rest_route=\/wp\/v2\/pages\/16\/revisions"}],"predecessor-version":[{"id":3427,"href":"https:\/\/www.urogynekologia.sk\/index.php?rest_route=\/wp\/v2\/pages\/16\/revisions\/3427"}],"wp:attachment":[{"href":"https:\/\/www.urogynekologia.sk\/index.php?rest_route=%2Fwp%2Fv2%2Fmedia&parent=16"}],"curies":[{"name":"wp","href":"https:\/\/api.w.org\/{rel}","templated":true}]}}