{"id":18,"date":"2011-03-03T13:59:55","date_gmt":"2011-03-03T13:59:55","guid":{"rendered":"http:\/\/new.urogynekologia.sk\/?page_id=18"},"modified":"2024-12-19T15:17:01","modified_gmt":"2024-12-19T13:17:01","slug":"zaujimave-stranky","status":"publish","type":"page","link":"https:\/\/www.urogynekologia.sk\/?page_id=18","title":{"rendered":"Zauj\u00edmav\u00e9 str\u00e1nky"},"content":{"rendered":"<p>International Incontinence Society<br \/>\n<a href=\"http:\/\/www.ics.org\/\">http:\/\/www.ics.org\/<\/a><\/p>\n<p>International Urogynaecological Association<br \/>\n<a href=\"http:\/\/www.iuga.org\/\" target=\"_blank\" rel=\"noopener noreferrer\">http:\/\/www.iuga.org\/<\/a><\/p>\n<p>European Urogynaecological Association<br \/>\n<a href=\"http:\/\/www.eugaoffice.org\/\" target=\"_blank\" rel=\"noopener noreferrer\">http:\/\/www.eugaoffice.org\/<\/a><\/p>\n<p>Slovensk\u00e1 gynekologicko-p\u00f4rodn\u00edcka spolo\u010dnos\u0165<br \/>\n<a href=\"http:\/\/www.sgps.sk\/\" target=\"_blank\" rel=\"noopener noreferrer\">http:\/\/www.sgps.sk\/<\/a><\/p>\n<p>\u010cesk\u00e1 gynekologick\u00e1 a porodn\u00edck\u00e1 spolo\u010dnost<br \/>\n<a href=\"http:\/\/www.cgps.cz\/\" target=\"_blank\" rel=\"noopener noreferrer\">http:\/\/www.cgps.cz\/<\/a><\/p>\n<p>Urogynekologick\u00e1 spole\u010dnost (CZ)<br \/>\n<a title=\"http:\/\/www.urogynekologie.com\" href=\"http:\/\/www.urogynekologie.com\">http:\/\/www.urogynekologie.com<\/a><\/p>\n<p>Inko F\u00f3rum (SK)<br \/>\n<a href=\"http:\/\/www.inkoforum.sk\/\" target=\"_blank\" rel=\"noopener noreferrer\">http:\/\/www.inkoforum.sk\/<\/a><\/p>\n<p>Incof\u00f3rum (CZ)<br \/>\n<a href=\"http:\/\/www.incoforum.cz\/\" target=\"_blank\" rel=\"noopener noreferrer\">http:\/\/www.incoforum.cz\/<\/a><\/p>\n<p>American Urogynecologic Society (AUGS)<br \/>\n<a href=\"http:\/\/www.augs.org\/\">http:\/\/www.augs.org\/<\/a><\/p>\n<p>The British Society of Urogynaecology (BSUG)<br \/>\n<a title=\"http:\/\/www.bsug.org.uk\/\" href=\"http:\/\/www.bsug.org.uk\/\">http:\/\/www.bsug.org.uk\/<\/a><\/p>\n<p>Soci\u00e9t\u00e9 Internationale d&#8217;Urologie (SUI)<br \/>\n<a href=\"http:\/\/www.siu-urology.org\/\">http:\/\/www.siu-urology.org\/<\/a><\/p>\n<p>Slovensk\u00e1 urologick\u00e1 spolo\u010dnos\u0165<br \/>\n<a title=\"http:\/\/sus.sk\/\" href=\"http:\/\/sus.sk\/\">http:\/\/sus.sk\/<\/a><\/p>\n<p>\u010cesk\u00e1 urologick\u00e1 spole\u010dnost<br \/>\n<a title=\"http:\/\/www.cus.cz\/\" href=\"http:\/\/www.cus.cz\/\">http:\/\/www.cus.cz\/<br \/>\n<\/a><br \/>\nEuropean Association of Urology<br \/>\n<a title=\"http:\/\/www.uroweb.org\/\" href=\"http:\/\/www.uroweb.org\/\">http:\/\/www.uroweb.org\/<\/a><br \/>\nAmerican Urological Association<\/p>\n<div><a title=\"http:\/\/www.auanet.org\/content\/homepage\/homepage.cfm\" href=\"http:\/\/www.auanet.org\/content\/homepage\/homepage.cfm\">http:\/\/www.auanet.org\/content\/homepage\/homepage.cfm<\/a><\/div>\n<p>Cochrane Incontinence Review Group<br \/>\n<a href=\"http:\/\/incontinence.cochrane.org\/\"><span style=\"color: #800080;\">http:\/\/incontinence.cochrane.org\/<\/span><\/a><\/p>\n<p>Association for Pelvic Organ Prolapse Support<br \/>\n<a href=\"http:\/\/www.pelvicorganprolapsesupport.org\/\">http:\/\/www.pelvicorganprolapsesupport.org\/<\/a><\/p>\n","protected":false},"excerpt":{"rendered":"<p>International Incontinence Society http:\/\/www.ics.org\/ International Urogynaecological Association http:\/\/www.iuga.org\/ European Urogynaecological  [&#8230;]<\/p>\n","protected":false},"author":1,"featured_media":0,"parent":0,"menu_order":9,"comment_status":"closed","ping_status":"closed","template":"","meta":{"footnotes":""},"class_list":["post-18","page","type-page","status-publish","hentry"],"_links":{"self":[{"href":"https:\/\/www.urogynekologia.sk\/index.php?rest_route=\/wp\/v2\/pages\/18","targetHints":{"allow":["GET"]}}],"collection":[{"href":"https:\/\/www.urogynekologia.sk\/index.php?rest_route=\/wp\/v2\/pages"}],"about":[{"href":"https:\/\/www.urogynekologia.sk\/index.php?rest_route=\/wp\/v2\/types\/page"}],"author":[{"embeddable":true,"href":"https:\/\/www.urogynekologia.sk\/index.php?rest_route=\/wp\/v2\/users\/1"}],"replies":[{"embeddable":true,"href":"https:\/\/www.urogynekologia.sk\/index.php?rest_route=%2Fwp%2Fv2%2Fcomments&post=18"}],"version-history":[{"count":31,"href":"https:\/\/www.urogynekologia.sk\/index.php?rest_route=\/wp\/v2\/pages\/18\/revisions"}],"predecessor-version":[{"id":3429,"href":"https:\/\/www.urogynekologia.sk\/index.php?rest_route=\/wp\/v2\/pages\/18\/revisions\/3429"}],"wp:attachment":[{"href":"https:\/\/www.urogynekologia.sk\/index.php?rest_route=%2Fwp%2Fv2%2Fmedia&parent=18"}],"curies":[{"name":"wp","href":"https:\/\/api.w.org\/{rel}","templated":true}]}}