{"id":200,"date":"2011-07-08T13:12:59","date_gmt":"2011-07-08T11:12:59","guid":{"rendered":"http:\/\/www.urogynekologia.sk\/?page_id=200"},"modified":"2019-10-07T16:22:28","modified_gmt":"2019-10-07T14:22:28","slug":"rok-2012-2","status":"publish","type":"page","link":"https:\/\/www.urogynekologia.sk\/?page_id=200","title":{"rendered":"Rok 2013"},"content":{"rendered":"<p><span>25. 1.2013<\/span><br \/>\n<span>Do\u0161kolovac\u00ed kurz<\/span><br \/>\n<span>Diagn\u00f3za a o\u0161et\u0159en\u00ed porodn\u00edho poran\u011bn\u00ed an\u00e1ln\u00edho sv\u011bra\u010de,<\/span><br \/>\n<span>vr\u00e1tane:\u00a0Hands \u2013on, technika \u0161it\u00ed na prase\u010d\u00edch modelech, Praha, \u010cR<\/span><br \/>\n<a title=\"http:\/\/www.gynstart.cz\/f_clanky.php?c_id=347&amp;f_id=63\" href=\"http:\/\/www.gynstart.cz\/f_clanky.php?c_id=347&amp;f_id=63\"><span>http:\/\/www.gynstart.cz\/f_clanky.php?c_id=347&amp;f_id=63<\/span><\/a><\/p>\n<div>\n<div><span>21.2.2013<\/span><\/div>\n<div><span>7. jihlavsk\u00e1 konference: \u201ePoruchy p\u00e1nevn\u00ed statiky a urogynekologie\u201c, Jihlava, \u010cR<\/span><br \/>\n<span><a href=\"http:\/\/www.aesculap-akademie.cz\/go\/?action=AkadEventData&amp;menu_id=57072&amp;menu_uuid=KALQPXXE3TB9I4JU33OPFRTDXFRESXEX&amp;event_id=70097\">http:\/\/www.aesculap-akademie.cz\/<\/a><\/span><\/div>\n<p><span>22.3.2013<br \/>\n<\/span>Workshop &#8211; ultrazvukov\u00e9 vy\u0161et\u0159en\u00ed p\u00e1nevn\u00edho dna, technika 3D\/4D, Praha, \u010cR<br \/>\n<a href=\"http:\/\/www.gynstart.cz\/f_clanky.php?c_id=348&amp;f_id=64\">http:\/\/www.gynstart.cz\/f_clanky.php?c_id=348&amp;f_id=64<\/a><\/p>\n<div>4.5.-8.5.2013 San Diego, California, U.S.A.<\/div>\n<div>Annual AUA Meeting,<\/div>\n<div><a title=\"http:\/\/www.aua2013.org\/\" href=\"http:\/\/www.aua2013.org\/\">http:\/\/www.aua2013.org\/<\/a><\/div>\n<div>\n<p><span>9.5.-11.5.2013<br \/>\n<\/span>XXIII.European ENTOG conference and exchange meeting, Bratislava, SR<br \/>\n<a href=\"http:\/\/www.entogslovakia.com\/index.html\">http:\/\/www.entogslovakia.com\/index.html<\/a><\/p>\n<\/div>\n<div>16.5.-19.5.2013, Praha, \u010cR<\/div>\n<div>Celost\u00e1tn\u00ed konference\u00a0 \u010cGPS \u010cLS JEP, SSG \u010cR a SNGP<\/div>\n<div><a title=\"http:\/\/www.cgps2013.cz\/\" href=\"http:\/\/www.cgps2013.cz\/\">http:\/\/www.cgps2013.cz\/<\/a><\/div>\n<p>28.5.-1.6.2013<br \/>\n38th Annual Meeting IUGA, Dublin, Ireland<br \/>\n<a href=\"http:\/\/www.iuga2013.com\">http:\/\/www.iuga2013.com<\/a><\/p>\n<div>13.6.-15.6.2013<\/div>\n<div>Kongres SGPS, Pre\u0161ov<br \/>\n<a title=\"http:\/\/www.sgps-kongres.sk\/\" href=\"http:\/\/www.sgps-kongres.sk\/\">http:\/\/www.sgps-kongres.sk\/<\/a><\/div>\n<p><span>28.6.2013<\/span><br \/>\n<span>Urogynekol\u00f3gia, Nov\u00e9 Z\u00e1mky, SR<\/span><\/p>\n<p>26.8.-30.8.2013 Barcelona, \u0160panielsko<br \/>\nICS Annual Meeting<br \/>\n<a title=\"http:\/\/www2.kenes.com\/ics\/Pages\/Home.aspx\" href=\"http:\/\/www2.kenes.com\/ics\/Pages\/Home.aspx\">http:\/\/www2.kenes.com\/ics\/Pages\/Home.aspx<\/a><\/p>\n<p>10.10.-11.10.2013<br \/>\nUltrasound and Urodynamics Course, Viede\u0148, Rak\u00fasko<br \/>\n<a href=\"http:\/\/www.eugaoffice.org\/event\/ultrasound-and-urodynamics-course\/\">http:\/\/www.eugaoffice.org\/event\/ultrasound-and-urodynamics-course\/<\/a><\/p>\n<p>16.10.-19.10.2013\u00a0Las Vegas,\u00a0U.S.A.<br \/>\nAUGS 34th Annual Scientific Meeting<\/p>\n<p>20.10.-24.10.2013,<br \/>\n33nd Congress of the Soci\u00e9t\u00e9 Internationale d&#8217;Urologie, Vancouver, Canada<br \/>\n<span><a href=\"http:\/\/www.siucongress.org\/\">http:\/\/www.siucongress.org\/<\/a><\/span><\/p>\n<p><span>1.11.-2.11.2013<\/span><br \/>\n<span>State of the Art, Zl\u00edn, \u010cR<br \/>\n<a title=\"http:\/\/urogyn2013.bpp.cz\/uvodni_strana.php\" href=\"http:\/\/urogyn2013.bpp.cz\/uvodni_strana.php\">http:\/\/urogyn2013.bpp.cz\/uvodni_strana.php<\/a>\u00a0<\/span><\/p>\n<p>21.11.-23.11.2013<br \/>\n6th Leading Lights in Urogynaecology Berlin, Nemecko<br \/>\n(6h Annual Meeting of European Urogynecological Association)<br \/>\n<a href=\"http:\/\/www.eugaoffice.org\/event\/6th-leading-lights-in-urogynaecology\/\">http:\/\/www.eugaoffice.org\/event\/6th-leading-lights-in-urogynaecology\/<\/a><\/p>\n<p><span>5.12.2013<\/span><br \/>\nXXII. \u010desk\u00e1 urogynekologie, Praha, \u010cR<br \/>\n<a title=\"https:\/\/www.congressprague.cz\/kongresy\/urogyn2013.html\" href=\"https:\/\/www.congressprague.cz\/kongresy\/urogyn2013.html\">https:\/\/www.congressprague.cz\/kongresy\/urogyn2013.html<\/a><\/p>\n<\/div>\n","protected":false},"excerpt":{"rendered":"<p>25. 1.2013 Do\u0161kolovac\u00ed kurz Diagn\u00f3za a o\u0161et\u0159en\u00ed porodn\u00edho poran\u011bn\u00ed an\u00e1ln\u00edho  [&#8230;]<\/p>\n","protected":false},"author":1,"featured_media":0,"parent":1971,"menu_order":3,"comment_status":"closed","ping_status":"closed","template":"","meta":{"footnotes":""},"class_list":["post-200","page","type-page","status-publish","hentry"],"_links":{"self":[{"href":"https:\/\/www.urogynekologia.sk\/index.php?rest_route=\/wp\/v2\/pages\/200","targetHints":{"allow":["GET"]}}],"collection":[{"href":"https:\/\/www.urogynekologia.sk\/index.php?rest_route=\/wp\/v2\/pages"}],"about":[{"href":"https:\/\/www.urogynekologia.sk\/index.php?rest_route=\/wp\/v2\/types\/page"}],"author":[{"embeddable":true,"href":"https:\/\/www.urogynekologia.sk\/index.php?rest_route=\/wp\/v2\/users\/1"}],"replies":[{"embeddable":true,"href":"https:\/\/www.urogynekologia.sk\/index.php?rest_route=%2Fwp%2Fv2%2Fcomments&post=200"}],"version-history":[{"count":63,"href":"https:\/\/www.urogynekologia.sk\/index.php?rest_route=\/wp\/v2\/pages\/200\/revisions"}],"predecessor-version":[{"id":901,"href":"https:\/\/www.urogynekologia.sk\/index.php?rest_route=\/wp\/v2\/pages\/200\/revisions\/901"}],"up":[{"embeddable":true,"href":"https:\/\/www.urogynekologia.sk\/index.php?rest_route=\/wp\/v2\/pages\/1971"}],"wp:attachment":[{"href":"https:\/\/www.urogynekologia.sk\/index.php?rest_route=%2Fwp%2Fv2%2Fmedia&parent=200"}],"curies":[{"name":"wp","href":"https:\/\/api.w.org\/{rel}","templated":true}]}}