{"id":2053,"date":"2017-09-07T09:15:59","date_gmt":"2017-09-07T07:15:59","guid":{"rendered":"http:\/\/www.urogynekologia.sk\/?page_id=2053"},"modified":"2020-10-29T12:11:15","modified_gmt":"2020-10-29T10:11:15","slug":"rok-2020","status":"publish","type":"page","link":"https:\/\/www.urogynekologia.sk\/?page_id=2053","title":{"rendered":"Rok 2020"},"content":{"rendered":"<div>\n<div>\n<div>\n<div><strong>25.2. 2020<\/strong><\/div>\n<div>Aktu\u00e1lne v\u00fdzvy v diagnostike a lie\u010dbe inkontinencie mo\u010du v roku 2020,&nbsp;Rimavsk\u00e1 Sobota<\/div>\n<div><a href=\"https:\/\/www.inkoforum.sk\/seminar-pre-lekarov\">https:\/\/www.inkoforum.sk\/seminar-pre-lekarov<\/a>&nbsp;<\/div>\n<div>&nbsp;<\/div>\n<div><strong>26.2.2020<\/strong><\/div>\n<div>Aktu\u00e1lne v\u00fdzvy v diagnostike a lie\u010dbe inkontinencie mo\u010du v roku 2020,&nbsp;&nbsp;Ro\u017e\u0148ava<\/div>\n<div><a href=\"https:\/\/www.inkoforum.sk\/seminar-pre-lekarov\">https:\/\/www.inkoforum.sk\/seminar-pre-lekarov<\/a>&nbsp;&nbsp;<\/div>\n<div>&nbsp;<\/div>\n<div><strong>31.3.2020 <span style=\"color: #ff0000;\">&#8211; neuskuto\u010dn\u00ed&nbsp; sa, prelo\u017een\u00e9 na 8.9.2020 <\/span><\/strong><\/div>\n<div>Aktu\u00e1lne v\u00fdzvy v diagnostike a lie\u010dbe inkontinencie mo\u010du v roku 2020,&nbsp;Levice<\/div>\n<div><a href=\"https:\/\/www.inkoforum.sk\/seminar-pre-lekarov\">https:\/\/www.inkoforum.sk\/seminar-pre-lekarov<\/a>&nbsp;&nbsp;<\/div>\n<div>&nbsp;<\/div>\n<div><strong>1.4.2020 <span style=\"color: #ff0000;\">&#8211; neuskuto\u010dn\u00ed&nbsp; sa, prelo\u017een\u00e9 na 9.9.2020 <\/span><\/strong><\/div>\n<div>Aktu\u00e1lne v\u00fdzvy v diagnostike a lie\u010dbe inkontinencie mo\u010du v roku 2020,&nbsp;&nbsp;Galanta<\/div>\n<div><a href=\"https:\/\/www.inkoforum.sk\/seminar-pre-lekarov\">https:\/\/www.inkoforum.sk\/seminar-pre-lekarov<\/a>&nbsp;&nbsp;<\/div>\n<div>&nbsp;<\/div>\n<div><strong>15.4.2020 <span style=\"color: #ff0000;\">&#8211; neuskuto\u010dn\u00ed&nbsp; sa, prelo\u017een\u00e9 na 30.9.2020<\/span><\/strong><\/div>\n<div>Aktu\u00e1lne v\u00fdzvy v diagnostike a lie\u010dbe inkontinencie mo\u010du v roku 2020,&nbsp;&nbsp;Ko\u0161ice,<\/div>\n<div><a href=\"https:\/\/www.inkoforum.sk\/seminar-pre-lekarov\">https:\/\/www.inkoforum.sk\/seminar-pre-lekarov<\/a>&nbsp;&nbsp;<\/div>\n<\/div>\n<div>&nbsp;<\/div>\n<div><strong>24.4.-25.4.2020 <span style=\"color: #ff0000;\">&#8211; <b>prelo\u017een\u00e9 na&nbsp;6.\u20137.11.2020<\/b><\/span><\/strong><\/div>\n<div>Konferencia ne\u0161t\u00e1tnych urol\u00f3gov, Liptovsk\u00e1 osada&nbsp;<\/div>\n<div><a href=\"https:\/\/konferencia-nestatnych-urologov.sk\/\">https:\/\/konferencia-nestatnych-urologov.sk\/<\/a><\/div>\n<div>&nbsp;<\/div>\n<div><strong>3.6.-5.6.2020 <span style=\"color: #ff0000;\">&#8211; <b>prelo\u017een\u00e9 na&nbsp;&nbsp;22.-24.11.2020<\/b><\/span><\/strong><\/div>\n<div>27. V\u00fdro\u010dn\u00e1 konferencia Slovenskej Urologickej Spolo\u010dnosti, Ko\u0161ice<\/div>\n<div><a href=\"https:\/\/www.sus2020.sk\/\">https:\/\/www.sus2020.sk\/<\/a><\/div>\n<div>&nbsp;<\/div>\n<p><strong>4.6.-7.6.2020&nbsp;<span style=\"color: #000000;\">&#8211; <\/span><span style=\"color: #ff0000;\">neuskuto\u010dn\u00ed sa, prelo\u017een\u00e9 na 3.6.-6.6.2021<\/span><br \/>\n<\/strong>VII. spolo\u010dn\u00e1 konferencia \u010cGPS \u010cLS JEP, a&nbsp;SGPS SLS,&nbsp;hotel Thermal, Karlovy Vary&nbsp;<br \/>\n<a href=\"https:\/\/gynkonference.cz\">https:\/\/gynkonference.cz<\/a><\/p>\n<\/div>\n<\/div>\n<div>\n<div><strong>26.8.-29.8.2020 <span style=\"color: #ff0000;\">&#8211;&nbsp;prelo\u017een\u00e9 na 18.11.- 21.11.2020 LEN ONLINE&nbsp;<\/span><\/strong><\/div>\n<div>ICS Annual Meeting, Las Vegas, U.S.A.<\/div>\n<div><a href=\"https:\/\/www.ics.org\/2020\">https:\/\/www.ics.org\/2020<\/a><\/div>\n<\/div>\n<div>&nbsp;<\/div>\n<div><strong>2.9.- 5.9.2020<\/strong>&nbsp; <span style=\"color: #ff0000;\"><strong>LEN ONLINE&nbsp;<\/strong><\/span><br \/>\n45th Annual Meeting IUGA, The Hague, The Netherlands &#8211; <span style=\"color: #ff0000;\">v Holandsku sa neuskuto\u010dn\u00ed&nbsp;<\/span><br \/>\nInform\u00e1cie o online podujat\u00ed:&nbsp;<a href=\"https:\/\/www.iugameeting.org\/2020-meeting\/info\/covid-19-update\">https:\/\/www.iugameeting.org\/2020-meeting\/info\/covid-19-update<\/a>&nbsp;<\/div>\n<div>&nbsp;<\/div>\n<div>\n<div><strong>17.9.-18.9.2020<\/strong><\/div>\n<div>\n<div><b>VIII. SLOVENSK\u00c1 KONFERENCIA UROGYNEKOL\u00d3GIE, Hotel Tenis, ZVOLEN<\/b><\/div>\n<div><a href=\"http:\/\/www.urogynekologia.sk\/?page_id=2085\">http:\/\/www.urogynekologia.sk<\/a><\/div>\n<\/div>\n<\/div>\n<div>\n<div>\n<div>&nbsp;<\/div>\n<div><strong>6.10.-10.10.2020 <span style=\"color: #ff0000;\">LEN ONLINE&nbsp;<\/span><\/strong><\/div>\n<div>PFDWEEK2020, AUGS, Vancouver, Kanada<\/div>\n<div><a href=\"http:\/\/www.pfdweek.org\/\">www.pfdweek.org<\/a><\/div>\n<\/div>\n<div>\n<div>&nbsp;<\/div>\n<\/div>\n<\/div>\n<div>\n<div><strong>22.10.-24.10.2020<\/strong><\/div>\n<div>13th EUGA Annual Congress, Dublin<\/div>\n<div><a href=\"https:\/\/www.eugacongress.org\/\" target=\"_blank\" rel=\"noopener noreferrer\">https:\/\/www.eugacongress.org\/<\/a>&nbsp;&nbsp;<\/div>\n<div>&nbsp;<\/div>\n<\/div>\n<div>\n<div><strong>2.12.-3.12.2020 <b><span style=\"color: #ff0000;\">ZRU\u0160EN\u00c9<\/span><\/b><\/strong><\/div>\n<div>XXIX. \u010desk\u00e1 urogynekologie 2020,&nbsp;Clarion Congress Hotel Prague<\/div>\n<p>Praha,\u010cesk\u00e1 republika<\/p>\n<div><a href=\"https:\/\/www.congressprague.cz\/kongresy\/urogyn2020.html\">https:\/\/www.congressprague.cz\/kongresy\/urogyn2020.html<\/a>&nbsp;&nbsp;<\/div>\n<\/div>\n","protected":false},"excerpt":{"rendered":"<p>25.2. 2020 Aktu\u00e1lne v\u00fdzvy v diagnostike a lie\u010dbe inkontinencie mo\u010du  [&#8230;]<\/p>\n","protected":false},"author":1,"featured_media":0,"parent":1968,"menu_order":0,"comment_status":"closed","ping_status":"closed","template":"","meta":{"footnotes":""},"class_list":["post-2053","page","type-page","status-publish","hentry"],"_links":{"self":[{"href":"https:\/\/www.urogynekologia.sk\/index.php?rest_route=\/wp\/v2\/pages\/2053","targetHints":{"allow":["GET"]}}],"collection":[{"href":"https:\/\/www.urogynekologia.sk\/index.php?rest_route=\/wp\/v2\/pages"}],"about":[{"href":"https:\/\/www.urogynekologia.sk\/index.php?rest_route=\/wp\/v2\/types\/page"}],"author":[{"embeddable":true,"href":"https:\/\/www.urogynekologia.sk\/index.php?rest_route=\/wp\/v2\/users\/1"}],"replies":[{"embeddable":true,"href":"https:\/\/www.urogynekologia.sk\/index.php?rest_route=%2Fwp%2Fv2%2Fcomments&post=2053"}],"version-history":[{"count":22,"href":"https:\/\/www.urogynekologia.sk\/index.php?rest_route=\/wp\/v2\/pages\/2053\/revisions"}],"predecessor-version":[{"id":2839,"href":"https:\/\/www.urogynekologia.sk\/index.php?rest_route=\/wp\/v2\/pages\/2053\/revisions\/2839"}],"up":[{"embeddable":true,"href":"https:\/\/www.urogynekologia.sk\/index.php?rest_route=\/wp\/v2\/pages\/1968"}],"wp:attachment":[{"href":"https:\/\/www.urogynekologia.sk\/index.php?rest_route=%2Fwp%2Fv2%2Fmedia&parent=2053"}],"curies":[{"name":"wp","href":"https:\/\/api.w.org\/{rel}","templated":true}]}}