{"id":2085,"date":"2017-11-30T11:58:00","date_gmt":"2017-11-30T09:58:00","guid":{"rendered":"http:\/\/www.urogynekologia.sk\/?page_id=2085"},"modified":"2018-03-20T16:00:28","modified_gmt":"2018-03-20T14:00:28","slug":"kongres-2018","status":"publish","type":"page","link":"https:\/\/www.urogynekologia.sk\/?page_id=2085","title":{"rendered":"Kongres 2018"},"content":{"rendered":"<div class=\"fusion-fullwidth fullwidth-box fusion-builder-row-1 nonhundred-percent-fullwidth non-hundred-percent-height-scrolling\" style=\"--awb-border-radius-top-left:0px;--awb-border-radius-top-right:0px;--awb-border-radius-bottom-right:0px;--awb-border-radius-bottom-left:0px;--awb-flex-wrap:wrap;\" ><div class=\"fusion-builder-row fusion-row\"><div class=\"fusion-layout-column fusion_builder_column fusion-builder-column-0 fusion_builder_column_1_1 1_1 fusion-one-full fusion-column-first fusion-column-last\" style=\"--awb-bg-size:cover;--awb-margin-bottom:0px;\"><div class=\"fusion-column-wrapper fusion-flex-column-wrapper-legacy\"><div class=\"fusion-text fusion-text-1\"><p style=\"text-align: center;\"><span style=\"font-size: 18pt;\"><strong>Slovensk\u00e1 gynekologicko-p\u00f4rodn\u00edcka spolo\u010d<\/strong><strong>nos<\/strong><strong>\u0165<\/strong><\/span><\/p>\n<p style=\"text-align: center;\"><span style=\"font-size: 18pt;\"><strong>Sekcia gynekologickej&nbsp; urol<\/strong><strong>\u00f3<\/strong><strong>gie SGPS <\/strong><\/span><\/p>\n<p style=\"text-align: center;\"><span style=\"font-size: 18pt;\"><strong>Gynpor s.r.o. Slia<\/strong><strong>\u010d<\/strong><\/span><\/p>\n<p style=\"text-align: center;\"><span style=\"font-size: 18pt;\"><strong>&nbsp;<\/strong><\/span><\/p>\n<p style=\"text-align: center;\"><span style=\"font-size: 18pt;\"><strong>si V\u00e1s dovo\u013euj\u00fa pozva\u0165 na<\/strong><\/span><\/p>\n<p style=\"text-align: center;\"><span style=\"font-size: 36pt;\"><strong>VII. Slovensk\u00e1&nbsp; konferencia urogynekol<\/strong><strong>\u00f3<\/strong><strong>gie 2018<\/strong><\/span><\/p>\n<p style=\"text-align: center;\"><strong><em>&nbsp;<\/em><\/strong><\/p>\n<p style=\"text-align: center;\"><span style=\"font-size: 24pt;\"><strong>21.9. 2018<\/strong><\/span><\/p>\n<p style=\"text-align: center;\"><span style=\"font-size: 24pt;\"><strong>Hotel Tenis, Zvolen <\/strong><\/span><\/p>\n<p style=\"text-align: center;\"><span style=\"font-size: 14pt;\">Koordin\u00e1tor konferencie: &nbsp;<strong>MUDr. J\u00e1n Gal\u00e1d<\/strong><\/span><\/p>\n<p style=\"text-align: center;\">&nbsp;<\/p>\n<p style=\"text-align: center;\"><span style=\"font-size: 14pt;\"><em>Hlavnou t\u00e9mou konferencie s&nbsp;dom\u00e1cou i&nbsp;medzin\u00e1rodnou \u00fa\u010das\u0165ou bude <\/em><\/span><\/p>\n<p style=\"text-align: center;\"><span style=\"font-size: 14pt;\"><strong><em>Inkontinencia mo\u010du a&nbsp;poruchy panvov\u00e9ho dna.<\/em><\/strong><\/span><\/p>\n<p style=\"text-align: center;\"><span style=\"font-size: 14pt;\">P\u00f4rod, panvov\u00e9 dno, diagnostika a&nbsp;lie\u010dba inkontinencie mo\u010du, opera\u010dn\u00e1 lie\u010dba POP, endoskopia v&nbsp;urogynekol\u00f3gii, varia.<\/span><\/p>\n<p style=\"text-align: center;\"><span style=\"font-size: 14pt;\"><u>&nbsp;<\/u><\/span><\/p>\n<p style=\"text-align: center;\"><span style=\"font-size: 14pt;\"><strong>Zasielanie prihl\u00e1\u0161ok \u2013 AKT\u00cdVNA \u00da\u010cAS\u0164: 30. 7. 2018<\/strong><\/span><\/p>\n<p style=\"text-align: center;\"><span style=\"font-size: 14pt;\">\u010casov\u00fd limit predn\u00e1\u0161ky je 10 min.<\/span><\/p>\n<p style=\"text-align: center;\"><span style=\"font-size: 14pt;\"><strong>&nbsp;<\/strong><\/span><\/p>\n<p style=\"text-align: center;\"><span style=\"font-size: 14pt;\"><strong>Kongres je zaraden\u00fd do kontinu\u00e1lneho medic\u00ednskeho vzdel\u00e1vania ARS CME.<\/strong><\/span><\/p>\n<\/div><div class=\"fusion-clearfix\"><\/div><\/div><\/div><\/div><\/div>\n","protected":false},"excerpt":{"rendered":"","protected":false},"author":1,"featured_media":0,"parent":0,"menu_order":0,"comment_status":"closed","ping_status":"closed","template":"","meta":{"footnotes":""},"class_list":["post-2085","page","type-page","status-publish","hentry"],"_links":{"self":[{"href":"https:\/\/www.urogynekologia.sk\/index.php?rest_route=\/wp\/v2\/pages\/2085","targetHints":{"allow":["GET"]}}],"collection":[{"href":"https:\/\/www.urogynekologia.sk\/index.php?rest_route=\/wp\/v2\/pages"}],"about":[{"href":"https:\/\/www.urogynekologia.sk\/index.php?rest_route=\/wp\/v2\/types\/page"}],"author":[{"embeddable":true,"href":"https:\/\/www.urogynekologia.sk\/index.php?rest_route=\/wp\/v2\/users\/1"}],"replies":[{"embeddable":true,"href":"https:\/\/www.urogynekologia.sk\/index.php?rest_route=%2Fwp%2Fv2%2Fcomments&post=2085"}],"version-history":[{"count":7,"href":"https:\/\/www.urogynekologia.sk\/index.php?rest_route=\/wp\/v2\/pages\/2085\/revisions"}],"predecessor-version":[{"id":2259,"href":"https:\/\/www.urogynekologia.sk\/index.php?rest_route=\/wp\/v2\/pages\/2085\/revisions\/2259"}],"wp:attachment":[{"href":"https:\/\/www.urogynekologia.sk\/index.php?rest_route=%2Fwp%2Fv2%2Fmedia&parent=2085"}],"curies":[{"name":"wp","href":"https:\/\/api.w.org\/{rel}","templated":true}]}}