{"id":2118,"date":"2018-01-11T10:09:09","date_gmt":"2018-01-11T08:09:09","guid":{"rendered":"http:\/\/www.urogynekologia.sk\/?page_id=2118"},"modified":"2018-03-20T16:00:00","modified_gmt":"2018-03-20T14:00:00","slug":"vseobecne-informacie","status":"publish","type":"page","link":"https:\/\/www.urogynekologia.sk\/?page_id=2118","title":{"rendered":"V\u0161eobecn\u00e9 inform\u00e1cie"},"content":{"rendered":"<div class=\"fusion-fullwidth fullwidth-box fusion-builder-row-1 nonhundred-percent-fullwidth non-hundred-percent-height-scrolling\" style=\"--awb-border-radius-top-left:0px;--awb-border-radius-top-right:0px;--awb-border-radius-bottom-right:0px;--awb-border-radius-bottom-left:0px;--awb-flex-wrap:wrap;\" ><div class=\"fusion-builder-row fusion-row\"><div class=\"fusion-layout-column fusion_builder_column fusion-builder-column-0 fusion_builder_column_1_1 1_1 fusion-one-full fusion-column-first fusion-column-last\" style=\"--awb-bg-size:cover;--awb-margin-bottom:0px;\"><div class=\"fusion-column-wrapper fusion-flex-column-wrapper-legacy\"><div class=\"fusion-text fusion-text-1\"><table style=\"width: 100%;\" border=\"0\">\n<tbody>\n<tr>\n<td style=\"width: 30.776%;\">N\u00e1zov:<\/td>\n<td style=\"width: 67.9894%;\"><b><strong>VII. Slovensk\u00e1&nbsp; konferencia urogynekol\u00f3gie 2018<\/strong><\/b><\/td>\n<\/tr>\n<tr>\n<td style=\"width: 30.776%;\">D\u00e1tum konania:<\/td>\n<td style=\"width: 67.9894%;\">piatok 21.9.2018<\/td>\n<\/tr>\n<tr>\n<td style=\"width: 30.776%;\">Miesto:<\/td>\n<td style=\"width: 67.9894%;\"><b><span lang=\"EN-US\"><a href=\"http:\/\/www.hoteltenis.sk\/\" target=\"_blank\" rel=\"noopener\">Hotel Tenis<\/a>, Zvolen<\/span><\/b>&nbsp;<\/td>\n<\/tr>\n<tr>\n<td style=\"width: 30.776%;\">Organiz\u00e1tor:<\/td>\n<td style=\"width: 67.9894%;\">Slovensk\u00e1 gynekologicko \u2013 p\u00f4rodn\u00edcka spolo\u010dnos\u0165&nbsp; SLS<\/td>\n<\/tr>\n<tr>\n<td style=\"width: 30.776%;\">&nbsp;<\/td>\n<td style=\"width: 67.9894%;\">Sekcia gynekologickej&nbsp; urol\u00f3gie SGPS SLS<\/td>\n<\/tr>\n<tr>\n<td style=\"width: 30.776%;\">&nbsp;<\/td>\n<td style=\"width: 67.9894%;\">Gynpor s.r.o.&nbsp; Slia\u010d<\/td>\n<\/tr>\n<tr>\n<td style=\"width: 30.776%;\">Odbornosti:<\/td>\n<td style=\"width: 67.9894%;\">gynekol\u00f3gia a&nbsp;p\u00f4rodn\u00edctvo, urol\u00f3gia, gynekologick\u00e1 urol\u00f3gia, fyzioterapia<\/td>\n<\/tr>\n<tr>\n<td style=\"width: 30.776%;\">Hlavnou t\u00e9mou konferencie s&nbsp;dom\u00e1cou i&nbsp;medzin\u00e1rodnou \u00fa\u010das\u0165ou bude<\/td>\n<td style=\"width: 67.9894%;\"><strong><em>Inkontinencia mo\u010du a&nbsp;poruchy panvov\u00e9ho dna.&nbsp;<\/em><\/strong><em>P\u00f4rod, panvov\u00e9 dno, diagnostika a&nbsp;lie\u010dba inkontinencie mo\u010du, opera\u010dn\u00e1 lie\u010dba POP, endoskopia v&nbsp;urogynekol\u00f3gii, varia.<\/em><\/td>\n<\/tr>\n<tr>\n<td style=\"width: 30.776%;\">&nbsp;<\/td>\n<td style=\"width: 67.9894%;\">&nbsp;<\/td>\n<\/tr>\n<tr>\n<td style=\"width: 30.776%;\">Zasielanie prihl\u00e1\u0161ok \u2013 AKT\u00cdVNA \u00da\u010cAS\u0164:<\/td>\n<td style=\"width: 67.9894%;\"><strong>30. 7. 2018<\/strong><\/td>\n<\/tr>\n<tr>\n<td style=\"width: 30.776%;\">\u010casov\u00fd limit predn\u00e1\u0161ky je 10 min.<\/td>\n<td style=\"width: 67.9894%;\">&nbsp;<\/td>\n<\/tr>\n<tr>\n<td style=\"width: 30.776%;\" colspan=\"2\"><strong>Kongres je zaraden\u00fd do kontinu\u00e1lneho medic\u00ednskeho vzdel\u00e1vania ARS CME.<\/strong><\/td>\n<\/tr>\n<\/tbody>\n<\/table>\n<p>&nbsp;<\/p>\n<p><strong>Registr\u00e1cia:<\/strong><\/p>\n<p>e-mail: <a href=\"mailto:marketing@gynpor.sk\">marketing@gynpor.sk<br \/>\n<\/a>on-line: <a href=\"http:\/\/www.urogynekologia.sk\">www.urogynekologia.sk<\/a><\/p>\n<p>&nbsp;<\/p>\n<p><strong>Registra<\/strong><strong>\u010dn\u00fd poplatok:<\/strong><\/p>\n<table style=\"width: 500px;\">\n<tbody>\n<tr>\n<td>\u00da\u010dastn\u00edk:<\/td>\n<td style=\"text-align: center;\"><strong>do 31. 8. 2018<\/strong><\/td>\n<td style=\"text-align: center;\"><strong>po 1. 9. 2018<\/strong><\/td>\n<\/tr>\n<tr>\n<td>\u010clen SGPS, \u010cGPS<\/td>\n<td style=\"text-align: center;\">50 \u20ac<\/td>\n<td style=\"text-align: center;\">60 \u20ac<\/td>\n<\/tr>\n<tr>\n<td>Ne\u010dlen<\/td>\n<td style=\"text-align: center;\">60 \u20ac<\/td>\n<td style=\"text-align: center;\">70 \u20ac<\/td>\n<\/tr>\n<tr>\n<td>\u010clen SGPS do 30 rokov<\/td>\n<td style=\"text-align: center;\">40 \u20ac<\/td>\n<td style=\"text-align: center;\">50 \u20ac<\/td>\n<\/tr>\n<tr>\n<td>Sestra<\/td>\n<td style=\"text-align: center;\">&nbsp;30 \u20ac<\/td>\n<td style=\"text-align: center;\">40 \u20ac<\/td>\n<\/tr>\n<\/tbody>\n<\/table>\n<p><strong>Registra\u010dn\u00fd poplatok zah\u0155\u0148a: <\/strong>kongresov\u00fd bal\u00ed\u010dek, organiza\u010dn\u00e9 zabezpe\u010denie konferencie, ob\u010derstvenie, obed.<\/p>\n<p style=\"text-align: justify;\">Organiz\u00e1tor nebude poskytova\u0165 nepe\u0148a\u017en\u00e9 plnenie pre \u00fa\u010dastn\u00edkov podujatia. Ak si \u00fa\u010dastn\u00edk hrad\u00ed registra\u010dn\u00fd poplatok s\u00e1m, nem\u00e1 povinnos\u0165 odvodu zr\u00e1\u017ekovej dane za nepe\u0148a\u017en\u00e9 plnenie v zmysle Z\u00e1kona o dani z pr\u00edjmov \u010d. 595\/2003 Z. z. v znen\u00ed&nbsp;neskor\u0161\u00edch predpisov.<\/p>\n<p><strong>&nbsp;<\/strong><\/p>\n<p><strong>Registra\u010dn\u00fd poplatok uhra\u010fte pros\u00edm na \u00fa\u010det:<\/strong><\/p>\n<table style=\"width: 700px;\" border=\"0\">\n<tbody>\n<tr>\n<td><strong>N\u00e1zov \u00fa\u010dtu: <\/strong><\/td>\n<td>Slovensk\u00e1 gynekologicko-p\u00f4rodn\u00edcka spolo\u010dnos\u0165<\/td>\n<\/tr>\n<tr>\n<td><strong>Pe\u0148a\u017en\u00fd \u00fastav:<\/strong><\/td>\n<td>Tatrabanka a. s., Hod\u017eovo n\u00e1m. 3, 811 06 Bratislava<\/td>\n<\/tr>\n<tr>\n<td><strong>IBAN:<\/strong><\/td>\n<td><strong>SK55 1100 0000 0026 6245 5126<\/strong><\/td>\n<\/tr>\n<tr>\n<td><strong>KS:<\/strong><\/td>\n<td><strong>0558<\/strong><\/td>\n<\/tr>\n<tr>\n<td><strong>VS:<\/strong><\/td>\n<td><strong>21092018<\/strong><\/td>\n<\/tr>\n<tr>\n<td><strong>SWIFT:<\/strong><\/td>\n<td><strong>TATRSKBX<\/strong><\/td>\n<\/tr>\n<tr>\n<td><strong>Pozn\u00e1mka:<\/strong><\/td>\n<td><strong>do spr\u00e1vy pre prij\u00edmate\u013ea uve\u010fte meno \u00fa\u010dastn\u00edka, nie n\u00e1zov firmy.<\/strong><\/td>\n<\/tr>\n<\/tbody>\n<\/table>\n<p>&nbsp;<\/p>\n<p><strong>Organiza\u010dn\u00fd sekretari\u00e1t konferencie:<\/strong><\/p>\n<p>Gynpor Slia\u010d, s.r.o.<br \/>\nSNP 9, 962 31 Slia\u010d<br \/>\nKatar\u00edna Bal\u00e1\u017eov\u00e1<br \/>\nTel: +421&nbsp;907&nbsp;941 361<br \/>\nE-mail: <a href=\"mailto:ekonom@gynpor.sk\"><u>ekonom@gynpor.sk<\/u><\/a>,&nbsp;<br \/>\nwww.gynpor.sk<\/p>\n<\/div><div class=\"fusion-clearfix\"><\/div><\/div><\/div><\/div><\/div>\n","protected":false},"excerpt":{"rendered":"","protected":false},"author":1,"featured_media":0,"parent":2085,"menu_order":0,"comment_status":"closed","ping_status":"closed","template":"","meta":{"footnotes":""},"class_list":["post-2118","page","type-page","status-publish","hentry"],"_links":{"self":[{"href":"https:\/\/www.urogynekologia.sk\/index.php?rest_route=\/wp\/v2\/pages\/2118","targetHints":{"allow":["GET"]}}],"collection":[{"href":"https:\/\/www.urogynekologia.sk\/index.php?rest_route=\/wp\/v2\/pages"}],"about":[{"href":"https:\/\/www.urogynekologia.sk\/index.php?rest_route=\/wp\/v2\/types\/page"}],"author":[{"embeddable":true,"href":"https:\/\/www.urogynekologia.sk\/index.php?rest_route=\/wp\/v2\/users\/1"}],"replies":[{"embeddable":true,"href":"https:\/\/www.urogynekologia.sk\/index.php?rest_route=%2Fwp%2Fv2%2Fcomments&post=2118"}],"version-history":[{"count":11,"href":"https:\/\/www.urogynekologia.sk\/index.php?rest_route=\/wp\/v2\/pages\/2118\/revisions"}],"predecessor-version":[{"id":2258,"href":"https:\/\/www.urogynekologia.sk\/index.php?rest_route=\/wp\/v2\/pages\/2118\/revisions\/2258"}],"up":[{"embeddable":true,"href":"https:\/\/www.urogynekologia.sk\/index.php?rest_route=\/wp\/v2\/pages\/2085"}],"wp:attachment":[{"href":"https:\/\/www.urogynekologia.sk\/index.php?rest_route=%2Fwp%2Fv2%2Fmedia&parent=2118"}],"curies":[{"name":"wp","href":"https:\/\/api.w.org\/{rel}","templated":true}]}}