{"id":2203,"date":"2018-03-19T15:57:59","date_gmt":"2018-03-19T13:57:59","guid":{"rendered":"http:\/\/www.urogynekologia.sk\/?page_id=2203"},"modified":"2018-03-19T16:32:13","modified_gmt":"2018-03-19T14:32:13","slug":"ubytovanie","status":"publish","type":"page","link":"https:\/\/www.urogynekologia.sk\/?page_id=2203","title":{"rendered":"Ubytovanie"},"content":{"rendered":"<div>Ubytovanie si&nbsp; zabezpe\u010duje si ka\u017ed\u00fd \u00fa\u010dastn\u00edk individu\u00e1lne&nbsp;<\/div>\n<div><b>Hotel Tenis&nbsp;<\/b><\/div>\n<div>Neresn\u00edcka cesta 13<\/div>\n<div>960 01 Zvolen<\/div>\n<div>Tel: +421 45 53 22 373<\/div>\n<div>Mobil: +421 915 988 811&nbsp;<\/div>\n<div>E-mail: <a href=\"mailto:info@hoteltenis.sk\">info@hoteltenis.sk<\/a>&nbsp;<\/div>\n<div><a href=\"https:\/\/www.hoteltenis.sk\/kontakt\/\">https:\/\/www.hoteltenis.sk\/kontakt\/<\/a><\/div>\n","protected":false},"excerpt":{"rendered":"<p>Ubytovanie si&nbsp; zabezpe\u010duje si ka\u017ed\u00fd \u00fa\u010dastn\u00edk individu\u00e1lne&nbsp; Hotel Tenis&nbsp; Neresn\u00edcka  [&#8230;]<\/p>\n","protected":false},"author":1,"featured_media":0,"parent":2085,"menu_order":0,"comment_status":"closed","ping_status":"closed","template":"","meta":{"footnotes":""},"class_list":["post-2203","page","type-page","status-publish","hentry"],"_links":{"self":[{"href":"https:\/\/www.urogynekologia.sk\/index.php?rest_route=\/wp\/v2\/pages\/2203","targetHints":{"allow":["GET"]}}],"collection":[{"href":"https:\/\/www.urogynekologia.sk\/index.php?rest_route=\/wp\/v2\/pages"}],"about":[{"href":"https:\/\/www.urogynekologia.sk\/index.php?rest_route=\/wp\/v2\/types\/page"}],"author":[{"embeddable":true,"href":"https:\/\/www.urogynekologia.sk\/index.php?rest_route=\/wp\/v2\/users\/1"}],"replies":[{"embeddable":true,"href":"https:\/\/www.urogynekologia.sk\/index.php?rest_route=%2Fwp%2Fv2%2Fcomments&post=2203"}],"version-history":[{"count":1,"href":"https:\/\/www.urogynekologia.sk\/index.php?rest_route=\/wp\/v2\/pages\/2203\/revisions"}],"predecessor-version":[{"id":2205,"href":"https:\/\/www.urogynekologia.sk\/index.php?rest_route=\/wp\/v2\/pages\/2203\/revisions\/2205"}],"up":[{"embeddable":true,"href":"https:\/\/www.urogynekologia.sk\/index.php?rest_route=\/wp\/v2\/pages\/2085"}],"wp:attachment":[{"href":"https:\/\/www.urogynekologia.sk\/index.php?rest_route=%2Fwp%2Fv2%2Fmedia&parent=2203"}],"curies":[{"name":"wp","href":"https:\/\/api.w.org\/{rel}","templated":true}]}}