{"id":2478,"date":"2018-05-09T13:53:43","date_gmt":"2018-05-09T11:53:43","guid":{"rendered":"http:\/\/www.urogynekologia.sk\/?page_id=2478"},"modified":"2021-09-13T13:45:57","modified_gmt":"2021-09-13T11:45:57","slug":"rok-2021","status":"publish","type":"page","link":"https:\/\/www.urogynekologia.sk\/?page_id=2478","title":{"rendered":"Rok 2021"},"content":{"rendered":"<div class=\"fusion-fullwidth fullwidth-box fusion-builder-row-1 nonhundred-percent-fullwidth non-hundred-percent-height-scrolling\" style=\"--awb-border-radius-top-left:0px;--awb-border-radius-top-right:0px;--awb-border-radius-bottom-right:0px;--awb-border-radius-bottom-left:0px;--awb-flex-wrap:wrap;\" ><div class=\"fusion-builder-row fusion-row\"><div class=\"fusion-layout-column fusion_builder_column fusion-builder-column-0 fusion_builder_column_1_1 1_1 fusion-one-full fusion-column-first fusion-column-last\" style=\"--awb-bg-size:cover;--awb-margin-bottom:0px;\"><div class=\"fusion-column-wrapper fusion-flex-column-wrapper-legacy\"><div class=\"fusion-text fusion-text-1\"><div>\n<div style=\"text-align: center;\"><strong>3. 5. 2021 o 13.00 hod.&nbsp;<br \/>\n<\/strong>webin\u00e1r: Gynekologick\u00e1 laparoskopick\u00e1 anat\u00f3mia so zameran\u00edm na laparoskopick\u00fa hysterekt\u00f3miu&nbsp;&nbsp;<br \/>\n<a href=\"http:\/\/www.urogynekologia.sk\/wp-content\/uploads\/webinar3maja2022.png\" target=\"_blank\" rel=\"noopener noreferrer\">info TU<\/a><\/div>\n<div>&nbsp;<\/div>\n<div style=\"text-align: center;\"><b>16. 9. &#8211; 19. 9. 2021<\/b><\/div>\n<div style=\"text-align: center;\">\n<div>VII. spolo\u010dn\u00e1 konferencia \u010cGPS \u010cLS JEP, a&nbsp;SGPS SLS,&nbsp;hotel Thermal, Karlovy Vary<br \/>\n<a href=\"https:\/\/gynkonference.cz\/\">https:\/\/gynkonference.cz<\/a>&nbsp;<\/div>\n<div>&nbsp;<\/div>\n<\/div>\n<\/div>\n<div>\n<div style=\"text-align: center;\"><b>22. 9. &#8211; 24. 9. 2021<\/b><\/div>\n<div style=\"text-align: center;\">\n<p>28. V\u00fdro\u010dn\u00e1 konferencia Slovenskej urologickej spolo\u010dnosti, Hotel DoubleTree by Hilton, Ko\u0161ice, <span style=\"color: #ff0000;\">PREZEN\u010cNE<\/span><br \/>\n<a href=\"https:\/\/www.sus2021.sk\/\" data-saferedirecturl=\"https:\/\/www.google.com\/url?q=https:\/\/www.sus2021.sk\/&amp;source=gmail&amp;ust=1623831944080000&amp;usg=AFQjCNHAGMpMgYLDWCzzxz2YXr0KOcv7eg\">https:\/\/www.sus2021.sk\/<\/a><\/p>\n<\/div>\n<div>&nbsp;<\/div>\n<\/div>\n<div style=\"text-align: center;\"><del><b>23. 9. &#8211; 24. 9. 2021<br \/>\n<\/b><\/del><span style=\"color: #ff0000;\">NOV\u00dd TERM\u00cdN ZVEREJN\u00cdME<\/span><\/div>\n<div style=\"text-align: center;\">VIII. Slovensk\u00e1 konferencia urogynekol\u00f3gie, Zvolen<\/div>\n<div style=\"text-align: center;\">&nbsp;<\/div>\n<div style=\"text-align: center;\"><b>8. 10. &#8211; 9. 10. 2021<\/b><\/div>\n<div style=\"text-align: center;\">VI. konferencia gynekol\u00f3gov, urol\u00f3gov a sexuol\u00f3gov, Hotel Dru\u017eba, Jasn\u00e1<\/div>\n<div style=\"text-align: center;\"><a href=\"https:\/\/www.amedi.sk\/podujatia\/konferencia-gynekologov-urologov-a-sexuologov-247\/uvod.html\" target=\"_blank\" rel=\"noopener noreferrer\">Konferencia gynekol\u00f3gov, urol\u00f3gov, sexuol\u00f3gov<\/a><\/div>\n<div style=\"text-align: center;\">&nbsp;<\/div>\n<div style=\"text-align: center;\"><strong>14. 10. &#8211; 17. 10. 2021<\/strong><\/div>\n<div style=\"text-align: center;\">ICS Annual Meeting, Melbourne, <span style=\"color: #ff0000;\">ONLINE<\/span><br \/>\n<a href=\"https:\/\/www.ics.org\/2021\">https:\/\/www.ics.org\/2021<\/a><\/div>\n<div>\n<div>&nbsp;<\/div>\n<div style=\"text-align: center;\"><strong>21. 10. &#8211; 28. 10. 2021<\/strong><\/div>\n<div style=\"text-align: center;\">FIGO\u2019s XXIII Congress, Sydney, <span style=\"color: #ff0000;\">ONLINE<\/span>&nbsp;<\/div>\n<div style=\"text-align: center;\"><a href=\"https:\/\/www.figo2021.org\" target=\"_blank\" rel=\"noopener noreferrer\">https:\/\/www.figo2021.org<\/a>&nbsp;<\/div>\n<div style=\"text-align: center;\">&nbsp;<\/div>\n<div style=\"text-align: center;\"><b>2. 12. 2021<\/b>&nbsp;<\/div>\n<div style=\"text-align: center;\">XXIX. \u010cesk\u00e1 urogynekologie, Praha<\/div>\n<div style=\"text-align: center;\"><a title=\"https:\/\/www.congressprague.cz\" href=\"https:\/\/www.congressprague.cz\/kongresy\/urogyn2021.html\" target=\"_blank\" rel=\"noopener noreferrer\">https:\/\/www.congressprague.cz<\/a><\/div>\n<div style=\"text-align: center;\">&nbsp;<\/div>\n<div style=\"text-align: center;\"><strong>2. 12. &#8211; 4. 12. 2021<\/strong><\/div>\n<div style=\"text-align: center;\">EUGA Annual Meeting, Ljubljana, <span style=\"color: #ff0000;\">HYBRID<\/span><\/div>\n<div style=\"text-align: center;\"><a href=\"https:\/\/www.eugacongress.org\/\" target=\"_blank\" rel=\"noopener noreferrer\">https:\/\/www.eugaoffice.org<\/a><\/div>\n<div style=\"text-align: center;\">&nbsp;<\/div>\n<div style=\"text-align: center;\"><strong>8. 12. &#8211; 11. 12. 2021<\/strong><br \/>\nIUGA 46 th Annual Meeting, Singapore, <span style=\"color: #ff0000;\">HYBRID<\/span><\/div>\n<div style=\"text-align: center;\"><a href=\"https:\/\/www.iugameeting.org\/\" target=\"_blank\" rel=\"noopener noreferrer\">https:\/\/www.iugameeting.org\/<\/a><\/div>\n<\/div>\n<\/div><div class=\"fusion-clearfix\"><\/div><\/div><\/div><\/div><\/div>\n","protected":false},"excerpt":{"rendered":"","protected":false},"author":1,"featured_media":0,"parent":1968,"menu_order":0,"comment_status":"closed","ping_status":"closed","template":"","meta":{"footnotes":""},"class_list":["post-2478","page","type-page","status-publish","hentry"],"_links":{"self":[{"href":"https:\/\/www.urogynekologia.sk\/index.php?rest_route=\/wp\/v2\/pages\/2478","targetHints":{"allow":["GET"]}}],"collection":[{"href":"https:\/\/www.urogynekologia.sk\/index.php?rest_route=\/wp\/v2\/pages"}],"about":[{"href":"https:\/\/www.urogynekologia.sk\/index.php?rest_route=\/wp\/v2\/types\/page"}],"author":[{"embeddable":true,"href":"https:\/\/www.urogynekologia.sk\/index.php?rest_route=\/wp\/v2\/users\/1"}],"replies":[{"embeddable":true,"href":"https:\/\/www.urogynekologia.sk\/index.php?rest_route=%2Fwp%2Fv2%2Fcomments&post=2478"}],"version-history":[{"count":20,"href":"https:\/\/www.urogynekologia.sk\/index.php?rest_route=\/wp\/v2\/pages\/2478\/revisions"}],"predecessor-version":[{"id":2923,"href":"https:\/\/www.urogynekologia.sk\/index.php?rest_route=\/wp\/v2\/pages\/2478\/revisions\/2923"}],"up":[{"embeddable":true,"href":"https:\/\/www.urogynekologia.sk\/index.php?rest_route=\/wp\/v2\/pages\/1968"}],"wp:attachment":[{"href":"https:\/\/www.urogynekologia.sk\/index.php?rest_route=%2Fwp%2Fv2%2Fmedia&parent=2478"}],"curies":[{"name":"wp","href":"https:\/\/api.w.org\/{rel}","templated":true}]}}