{"id":249,"date":"2011-08-04T10:52:56","date_gmt":"2011-08-04T08:52:56","guid":{"rendered":"http:\/\/www.urogynekologia.sk\/?page_id=249"},"modified":"2019-10-07T16:22:38","modified_gmt":"2019-10-07T14:22:38","slug":"rok-2014","status":"publish","type":"page","link":"https:\/\/www.urogynekologia.sk\/?page_id=249","title":{"rendered":"Rok 2014"},"content":{"rendered":"<div>20.2.2014<\/div>\n<div>8. jihlavsk\u00e1 konference Poruchy p\u00e1nevn\u00ed statiky a urogynekologie, Jihlava, \u010cesk\u00e1 republika<br \/>\n<a href=\"http:\/\/www.nemji.cz\/\">www.nemji.cz<\/a><\/div>\n<div>28. 3.2014\u00a0 \u00a09.00 &#8211; 14.00 hod.<\/div>\n<div>Gynekologicko-porodnick\u00e1 klinika<\/div>\n<div>1. LF UK a VFN,\u00a0Apolin\u00e1\u0159sk\u00e1 18, Praha 2<\/div>\n<div>Workshop &#8211; ultrazvukov\u00e9 vy\u0161et\u0159en\u00ed p\u00e1nevn\u00edho dna, technika 3D\/4D<\/div>\n<div>Pozv\u00e1nka: <a href=\"\/doc\/Pozvanka%2028.3.2014.doc\">na stiahnutie<\/a><\/div>\n<p>11.-15.4.2014<br \/>\n29<sup>th <\/sup>Annual EAU Congress, Stockholm, Sweden<\/p>\n<div>25. 4. 2014, Praha<br \/>\nGynekologicko \u2013 porodnick\u00e1 klinika 1. LF UK v\u00a0Praze spolu se\u00a0Sekc\u00ed urogynekologie \u010cGPS<\/div>\n<div><strong>Workshop k\u00a0opera\u010dn\u00ed l\u00e9\u010db\u011b stresov\u00e9 inkontinence<\/strong><\/div>\n<div><a href=\"\/doc\/Slideproworkshop2014.pptx\" target=\"_blank\" rel=\"noopener noreferrer\">program akcie<\/a><\/div>\n<p>5.6.-8.6.2013 Brno, \u010cR<br \/>\n1.spole\u010dn\u00e1 konference \u010cGSP a SGPS<br \/>\n<a title=\"http:\/\/www.gynkonference.cz\/\" href=\"http:\/\/www.gynkonference.cz\/\">http:\/\/www.gynkonference.cz\/<\/a><\/p>\n<div>11.6.-13.6.2014<\/div>\n<div>2.International Course on Functional Reconstructive Surgery of Pelvic Floor, Monza, Italy<\/div>\n<div><a title=\"http:\/\/www.emiliaviaggi.it\/vpage.do?codice=4510&amp;dispatch=view&amp;_lang=EN\" href=\"http:\/\/www.emiliaviaggi.it\/vpage.do?codice=4510&amp;dispatch=view&amp;_lang=EN\">http:\/\/www.emiliaviaggi.it\/vpage.do?codice=4510&amp;dispatch=view&amp;_lang=EN<\/a><\/div>\n<p>22.-27.7.2014<br \/>\n39th IUGA Annual Meeting, Washington D.C., U.S.A.<br \/>\n<a href=\"http:\/\/augs-iuga2014.org\/\">http:\/\/augs-iuga2014.org\/<\/a><\/p>\n<div><strong>12.9.2014<\/strong><br \/>\n<strong> V. kongres jednod\u0148ovej chirurgie, PORUCHY PANVOV\u00c9HO DNA, SLIA\u010c-Sielnica<\/strong><br \/>\n<a href=\"http:\/\/www.urogynekologia.sk\/?page_id=435\">http:\/\/www.urogynekologia.sk\/?page_id=435<\/a><\/div>\n<p>2.10.-4.10.2014<br \/>\n7<sup>th<\/sup>\u00a0EUGA Annual Congress, At\u00e9ny, Gr\u00e9cko<br \/>\n<a title=\"http:\/\/www.eugaoffice.org\/events\/\" href=\"http:\/\/www.eugaoffice.org\/events\/\">http:\/\/www.eugaoffice.org\/events\/<\/a><\/p>\n<p>3.10.-4.10.2014<br \/>\nKonferencia ambulantn\u00fdch gynekol\u00f3gov a urol\u00f3gov,\u00a0Hotel Grand, Jasn\u00e1<br \/>\n<a href=\"http:\/\/www.samedi.sk\/kongres\/konferencia-ambulantnych-gynekologov-a-urologov-8\/vseobecne-informacie-15.html\">http:\/\/www.samedi.sk\/kongres\/konferencia-ambulantnych-gynekologov-a-urologov-8\/vseobecne-informacie-15.html<\/a><\/p>\n<p>12.-16.10.2014<br \/>\n34<sup>th<\/sup> Congress of the Societ\u00e9 Internationale d\u00b4Urologie (SIU), Glasgow, Scotland, UK<\/p>\n<p>20.10.-24.10.2014<br \/>\nICS Annual Meeting, Rio de Janeiro, Brazil<br \/>\n<a href=\"http:\/\/www.icsoffice.org\/Events\/ViewEvent.aspx?EventID=218\">http:\/\/www.icsoffice.org\/Events\/ViewEvent.aspx?EventID=218<\/a><\/p>\n<p>22.11.2014<br \/>\nKonferencia Inkoforum, Hotel Permon Podbansk\u00e9<br \/>\n<a href=\"http:\/\/www.inkoforum.sk\/nase-aktivity\">http:\/\/www.inkoforum.sk\/nase-aktivity<\/a><\/p>\n<p>4.12.2014<br \/>\nXXIII. \u010cESK\u00c1 UROGYNEKOLOGIE, Celost\u00e1tn\u00ed konference s mezin\u00e1rodn\u00ed \u00fa\u010dast\u00ed<br \/>\nPraha, \u010cR, Clarion Congress Hotel Prague<br \/>\nHlavn\u00ed t\u00e9ma:\u00a0<strong>Aktu\u00e1ln\u00ed probl\u00e9my urogynekologie 2014\u00a0<\/strong><br \/>\n<a href=\"http:\/\/www.congressprague.cz\/urogyn2014\"> http:\/\/www.congressprague.cz\/urogyn2014<\/a><\/p>\n<p>&nbsp;<\/p>\n<p>&nbsp;<\/p>\n","protected":false},"excerpt":{"rendered":"<p>20.2.2014 8. jihlavsk\u00e1 konference Poruchy p\u00e1nevn\u00ed statiky a urogynekologie, Jihlava,  [&#8230;]<\/p>\n","protected":false},"author":1,"featured_media":0,"parent":1971,"menu_order":4,"comment_status":"closed","ping_status":"closed","template":"","meta":{"footnotes":""},"class_list":["post-249","page","type-page","status-publish","hentry"],"_links":{"self":[{"href":"https:\/\/www.urogynekologia.sk\/index.php?rest_route=\/wp\/v2\/pages\/249","targetHints":{"allow":["GET"]}}],"collection":[{"href":"https:\/\/www.urogynekologia.sk\/index.php?rest_route=\/wp\/v2\/pages"}],"about":[{"href":"https:\/\/www.urogynekologia.sk\/index.php?rest_route=\/wp\/v2\/types\/page"}],"author":[{"embeddable":true,"href":"https:\/\/www.urogynekologia.sk\/index.php?rest_route=\/wp\/v2\/users\/1"}],"replies":[{"embeddable":true,"href":"https:\/\/www.urogynekologia.sk\/index.php?rest_route=%2Fwp%2Fv2%2Fcomments&post=249"}],"version-history":[{"count":39,"href":"https:\/\/www.urogynekologia.sk\/index.php?rest_route=\/wp\/v2\/pages\/249\/revisions"}],"predecessor-version":[{"id":2766,"href":"https:\/\/www.urogynekologia.sk\/index.php?rest_route=\/wp\/v2\/pages\/249\/revisions\/2766"}],"up":[{"embeddable":true,"href":"https:\/\/www.urogynekologia.sk\/index.php?rest_route=\/wp\/v2\/pages\/1971"}],"wp:attachment":[{"href":"https:\/\/www.urogynekologia.sk\/index.php?rest_route=%2Fwp%2Fv2%2Fmedia&parent=249"}],"curies":[{"name":"wp","href":"https:\/\/api.w.org\/{rel}","templated":true}]}}