{"id":2763,"date":"2019-10-07T16:19:57","date_gmt":"2019-10-07T14:19:57","guid":{"rendered":"http:\/\/www.urogynekologia.sk\/?page_id=2763"},"modified":"2023-01-23T10:09:36","modified_gmt":"2023-01-23T08:09:36","slug":"rok-2022","status":"publish","type":"page","link":"https:\/\/www.urogynekologia.sk\/?page_id=2763","title":{"rendered":"Rok 2022"},"content":{"rendered":"<div class=\"fusion-fullwidth fullwidth-box fusion-builder-row-1 nonhundred-percent-fullwidth non-hundred-percent-height-scrolling\" style=\"--awb-border-radius-top-left:0px;--awb-border-radius-top-right:0px;--awb-border-radius-bottom-right:0px;--awb-border-radius-bottom-left:0px;--awb-flex-wrap:wrap;\" ><div class=\"fusion-builder-row fusion-row\"><div class=\"fusion-layout-column fusion_builder_column fusion-builder-column-0 fusion_builder_column_1_1 1_1 fusion-one-full fusion-column-first fusion-column-last\" style=\"--awb-bg-size:cover;--awb-margin-bottom:0px;\"><div class=\"fusion-column-wrapper fusion-flex-column-wrapper-legacy\"><div class=\"fusion-text fusion-text-1\"><p style=\"text-align: center;\"><b>VIII. Slovensk\u00e1 konferencia urogynekologie<\/b>,<\/p>\n<p style=\"text-align: center;\">22. 9. \u2013 23. 9. 2022,&nbsp;hotel Kaskady, Slia\u010d \u2013 Sielnica<\/p>\n<p style=\"text-align: center;\"><a href=\"http:\/\/www.urogynekologia.sk\/?page_id=1022\">FOTOGAL\u00c9RIA<\/a><\/p>\n<\/div><div class=\"fusion-sep-clear\"><\/div><div class=\"fusion-separator fusion-full-width-sep\" style=\"margin-left: auto;margin-right: auto;width:100%;\"><div class=\"fusion-separator-border sep-single sep-solid\" style=\"--awb-height:20px;--awb-amount:20px;border-color:#e0dede;border-top-width:1px;\"><\/div><\/div><div class=\"fusion-sep-clear\"><\/div><div class=\"fusion-text fusion-text-2\"><div>\n<div>\n<p>&nbsp;<\/p>\n<p style=\"text-align: center;\"><strong><strong>30. 4. 2022<\/strong><\/strong><\/p>\n<\/div>\n<div dir=\"ltr\">\n<div style=\"text-align: center;\">Odborn\u00e1 konferencia InkoF\u00f3ra: Konzervat\u00edvna a minim\u00e1lne invaz\u00edvna lie\u010dba mo\u010dovej inkontinencie, Liptovsk\u00fd Mikul\u00e1\u0161<br \/>\n<a href=\"https:\/\/www.inkoforum.sk\/odborny-seminar-pre-lekarov\">https:\/\/www.inkoforum.sk\/odborny-seminar-pre-lekarov<\/a><\/div>\n<div>&nbsp;<\/div>\n<div style=\"text-align: center;\"><strong>19. 5. <b>\u2013<\/b> 22. 5. 2022<\/strong><\/div>\n<div style=\"text-align: center;\">VIII. spolo\u010dn\u00fd kongres \u010cGPS a SGPS, Incheba, Bratislava<br \/>\n<a href=\"https:\/\/www.sgps-kongres.sk\/\">https:\/\/www.sgps-kongres.sk\/<\/a><\/div>\n<div>\n<div>&nbsp;<\/div>\n<div style=\"text-align: center;\"><strong>8. 6. <b>\u2013<\/b> 11. 6. 2022<\/strong><\/div>\n<div style=\"text-align: center;\">V\u00fdro\u010dn\u00e1 konferencia Slovenskej Urologickej Spolo\u010dnosti (SLS), \u0160amor\u00edn<br \/>\n<a href=\"https:\/\/sus2022.sk\/\" target=\"_blank\" rel=\"noopener noreferrer\">https:\/\/sus2022.sk\/<\/a><\/div>\n<\/div>\n<div style=\"text-align: center;\">&nbsp;<\/div>\n<div>\n<div>\n<div dir=\"ltr\">\n<div style=\"text-align: center;\"><strong>14. 6. <b>\u2013<\/b> 18. 6. 2022<\/strong><\/div>\n<div style=\"text-align: center;\">AUGS\/IUGA Scientific Meeting, Austin, Texas, USA<\/div>\n<div style=\"text-align: center;\"><a href=\"https:\/\/www.iuga.org\/events\/annual-meetings\/2022-iuga-47th-annual-meeting\">https:\/\/www.iuga.org\/events\/annual-meetings\/2022-iuga-47th-annual-meeting<\/a>&nbsp;<\/div>\n<\/div>\n<\/div>\n<\/div>\n<\/div>\n<\/div>\n<p><!--more--><\/p>\n<div style=\"text-align: center;\">&nbsp;<\/div>\n<div>\n<div style=\"text-align: center;\"><strong>1. 7. <b>\u2013<\/b> 4. 7. 2022 <\/strong>&nbsp;<\/div>\n<div style=\"text-align: center;\">22nd International EAU Meeting, Amsterdam, The Netherlands<\/div>\n<div style=\"text-align: center;\"><a href=\"https:\/\/eaucongress.uroweb.org\/\">https:\/\/eaucongress.uroweb.org\/<\/a><\/div>\n<div>&nbsp;<\/div>\n<\/div>\n<div>\n<div style=\"text-align: center;\"><strong>7. 9. <b>\u2013<\/b> 10. 9. 2022<\/strong><\/div>\n<div style=\"text-align: center;\">ICS Annual Meeting, Viede\u0148, Rak\u00fasko<\/div>\n<div style=\"text-align: center;\"><a href=\"https:\/\/www.ics.org\/2022\">https:\/\/www.ics.org\/2022<\/a><\/div>\n<div>&nbsp;<\/div>\n<div>\n<div style=\"text-align: center;\">\n<div><b>22. 9. \u2013 23. 9. 2022<\/b><\/div>\n<div><b>VIII. Slovensk\u00e1 konferencia urogynekol\u00f3gie, hotel Kask\u00e1dy, Slia\u010d \u2013 Sielnica<\/b><\/div>\n<div>&nbsp;<\/div>\n<\/div>\n<\/div>\n<div>\n<div style=\"text-align: center;\"><strong>7. 10. <b>\u2013<\/b> 8. 10. 2022<\/strong><\/div>\n<div style=\"text-align: center;\">VI. konferencia gynekol\u00f3gov, urol\u00f3gov a sexuol\u00f3gov, hotel Dru\u017eba, Jasn\u00e1<\/div>\n<\/div>\n<div>\n<div>&nbsp;<\/div>\n<div style=\"text-align: center;\"><strong>19. 10. <b>\u2013<\/b> 21. 10. 2022<\/strong><\/div>\n<div style=\"text-align: center;\">68.v\u00fdro\u010dn\u00ed konference \u010cUS \u010cSL JEP, Olomouc, \u010cesk\u00e1 republika<\/div>\n<div style=\"text-align: center;\"><a href=\"https:\/\/www.cus.cz\/pro-odborniky\/akce\/68-vyrocni-konference-cus-cls-jep\/\">https:\/\/www.cus.cz\/pro-odborniky\/akce\/68-vyrocni-konference-cus-cls-jep\/<\/a><\/div>\n<\/div>\n<div>\n<div>\n<div>&nbsp;<\/div>\n<div style=\"text-align: center;\"><strong>20. 10. <b>\u2013<\/b> 22. 10. 2022<\/strong><\/div>\n<div style=\"text-align: center;\">EUGA 2022 Annual Congress, Antibes, France<\/div>\n<div style=\"text-align: center;\"><a href=\"https:\/\/eugaoffice.org\/\">https:\/\/eugaoffice.org\/<\/a><\/div>\n<\/div>\n<div>&nbsp;<\/div>\n<div style=\"text-align: center;\"><strong>01. 12. \u2013 2. 12. 2022<br \/>\n<\/strong>XXIX. \u010cesk\u00e1 urogynekologie, Praha, Clarion Congress Hotel&nbsp;<br \/>\n<a href=\"https:\/\/www.congressprague.cz\/kongresy\/cur22.html\">https:\/\/www.congressprague.cz\/kongresy\/cur22.html<\/a><\/div>\n<\/div>\n<\/div>\n<\/div><div class=\"fusion-clearfix\"><\/div><\/div><\/div><\/div><\/div>\n","protected":false},"excerpt":{"rendered":"<p>&nbsp; 30. 4. 2022 Odborn\u00e1 konferencia InkoF\u00f3ra: Konzervat\u00edvna a minim\u00e1lne  [&#8230;]<\/p>\n","protected":false},"author":1,"featured_media":0,"parent":1968,"menu_order":0,"comment_status":"closed","ping_status":"closed","template":"","meta":{"footnotes":""},"class_list":["post-2763","page","type-page","status-publish","hentry"],"_links":{"self":[{"href":"https:\/\/www.urogynekologia.sk\/index.php?rest_route=\/wp\/v2\/pages\/2763","targetHints":{"allow":["GET"]}}],"collection":[{"href":"https:\/\/www.urogynekologia.sk\/index.php?rest_route=\/wp\/v2\/pages"}],"about":[{"href":"https:\/\/www.urogynekologia.sk\/index.php?rest_route=\/wp\/v2\/types\/page"}],"author":[{"embeddable":true,"href":"https:\/\/www.urogynekologia.sk\/index.php?rest_route=\/wp\/v2\/users\/1"}],"replies":[{"embeddable":true,"href":"https:\/\/www.urogynekologia.sk\/index.php?rest_route=%2Fwp%2Fv2%2Fcomments&post=2763"}],"version-history":[{"count":23,"href":"https:\/\/www.urogynekologia.sk\/index.php?rest_route=\/wp\/v2\/pages\/2763\/revisions"}],"predecessor-version":[{"id":3086,"href":"https:\/\/www.urogynekologia.sk\/index.php?rest_route=\/wp\/v2\/pages\/2763\/revisions\/3086"}],"up":[{"embeddable":true,"href":"https:\/\/www.urogynekologia.sk\/index.php?rest_route=\/wp\/v2\/pages\/1968"}],"wp:attachment":[{"href":"https:\/\/www.urogynekologia.sk\/index.php?rest_route=%2Fwp%2Fv2%2Fmedia&parent=2763"}],"curies":[{"name":"wp","href":"https:\/\/api.w.org\/{rel}","templated":true}]}}