{"id":2955,"date":"2022-01-27T13:19:46","date_gmt":"2022-01-27T11:19:46","guid":{"rendered":"http:\/\/www.urogynekologia.sk\/?page_id=2955"},"modified":"2022-01-27T13:34:49","modified_gmt":"2022-01-27T11:34:49","slug":"cookies","status":"publish","type":"page","link":"https:\/\/www.urogynekologia.sk\/?page_id=2955","title":{"rendered":"cookies"},"content":{"rendered":"<div class=\"fusion-fullwidth fullwidth-box fusion-builder-row-1 nonhundred-percent-fullwidth non-hundred-percent-height-scrolling\" style=\"--awb-border-radius-top-left:0px;--awb-border-radius-top-right:0px;--awb-border-radius-bottom-right:0px;--awb-border-radius-bottom-left:0px;--awb-flex-wrap:wrap;\" ><div class=\"fusion-builder-row fusion-row\"><div class=\"fusion-layout-column fusion_builder_column fusion-builder-column-0 fusion_builder_column_1_1 1_1 fusion-one-full fusion-column-first fusion-column-last\" style=\"--awb-bg-size:cover;\"><div class=\"fusion-column-wrapper fusion-column-has-shadow fusion-flex-column-wrapper-legacy\"><div class=\"fusion-text fusion-text-1\"><h3 class=\"fusion-responsive-typography-calculated\" data-fontsize=\"22\" data-lineheight=\"48.4px\">Ako pou\u017e\u00edvame cookies<\/h3>\n<p>V\u0161etky na\u0161e webov\u00e9 str\u00e1nky pou\u017e\u00edvaj\u00fa \u201ecookies\u201c.&nbsp;S\u00fabor cookie je mal\u00fd s\u00fabor p\u00edsmen a \u010d\u00edsel, ktor\u00fd umiest\u0148ujeme do v\u00e1\u0161ho po\u010d\u00edta\u010da alebo mobiln\u00e9ho zariadenia, ak s t\u00fdm s\u00fahlas\u00edte.&nbsp;Tieto s\u00fabory cookies n\u00e1m umo\u017e\u0148uj\u00fa odl\u00ed\u0161i\u0165 v\u00e1s od ostatn\u00fdch pou\u017e\u00edvate\u013eov na\u0161ej webovej str\u00e1nky, \u010do n\u00e1m pom\u00e1ha poskytn\u00fa\u0165 v\u00e1m dobr\u00fd z\u00e1\u017eitok z prehliadania a umo\u017e\u0148uje n\u00e1m ju zlep\u0161ova\u0165.<\/p>\n<h3 class=\"fusion-responsive-typography-calculated\" data-fontsize=\"22\" data-lineheight=\"48.4px\">Na ak\u00e9 \u00fa\u010dely pou\u017e\u00edvame cookies<\/h3>\n<ul>\n<li>zabezpe\u010di\u0165 fungovanie webov\u00e9ho s\u00eddla,<\/li>\n<li>\u0161tatistick\u00e9 \u00fa\u010dely,<\/li>\n<li>uklada\u0165 preferencie n\u00e1v\u0161tevn\u00edkov.<\/li>\n<\/ul>\n<h3 class=\"fusion-responsive-typography-calculated\" data-fontsize=\"22\" data-lineheight=\"48.4px\">Typy s\u00faborov cookies, ktor\u00e9 pou\u017e\u00edvame<\/h3>\n<p>Pou\u017e\u00edvame nasleduj\u00face typy cookies:<\/p>\n<ul>\n<li><strong>nevyhnutne potrebn\u00e9 s\u00fabory cookies<\/strong>&nbsp;\u2013 s\u00fa nevyhnutn\u00e9 na to, aby ste sa mohli pohybova\u0165 po webov\u00fdch str\u00e1nkach a vyu\u017e\u00edva\u0165 ich funkcie.&nbsp;Bez t\u00fdchto s\u00faborov cookies nie je mo\u017en\u00e9 poskytova\u0165 slu\u017eby, o ktor\u00e9 ste po\u017eiadali, ako je registr\u00e1cia \u00fa\u010dtu.<\/li>\n<li><strong>v\u00fdkonnostn\u00e9 cookies<\/strong>&nbsp;\u2013 tieto cookies zhroma\u017e\u010fuj\u00fa inform\u00e1cie o tom, ako n\u00e1v\u0161tevn\u00edci pou\u017e\u00edvaj\u00fa webov\u00fa str\u00e1nku, napr\u00edklad, na ktor\u00e9 str\u00e1nky n\u00e1v\u0161tevn\u00edci chodia naj\u010dastej\u0161ie. Tieto inform\u00e1cie pou\u017e\u00edvame na zlep\u0161enie na\u0161ich webov\u00fdch str\u00e1nok. Tieto cookies nezhroma\u017e\u010fuj\u00fa inform\u00e1cie, ktor\u00e9 identifikuj\u00fa n\u00e1v\u0161tevn\u00edka.<\/li>\n<li><strong>funk\u010dn\u00e9 s\u00fabory cookies<\/strong>&nbsp;\u2013 tieto s\u00fabory cookies umo\u017e\u0148uj\u00fa webovej str\u00e1nke zapam\u00e4ta\u0165 si va\u0161e vo\u013eby a poskytn\u00fa\u0165 viac osobn\u00fdch funkci\u00ed. Napr\u00edklad funk\u010dn\u00fd s\u00fabor cookies mo\u017eno pou\u017ei\u0165 na zapam\u00e4tanie \u00farovne hlasitosti, ktor\u00fa uprednost\u0148ujete pri sledovan\u00ed vide\u00ed na na\u0161ich webov\u00fdch str\u00e1nkach. Inform\u00e1cie, ktor\u00e9 tieto s\u00fabory cookies zhroma\u017e\u010fuj\u00fa, m\u00f4\u017eu by\u0165 anonymizovan\u00e9 a nem\u00f4\u017eu sledova\u0165 va\u0161u aktivitu pri prehliadan\u00ed na in\u00fdch webov\u00fdch str\u00e1nkach.<\/li>\n<li><strong>cielen\u00e9 s\u00fabory cookies<\/strong>&nbsp;\u2013 tieto s\u00fabory cookies sa pou\u017e\u00edvaj\u00fa na poskytovanie rekl\u00e1m, ktor\u00e9 s\u00fa pre v\u00e1s a va\u0161e z\u00e1ujmy relevantnej\u0161ie.&nbsp;Zhroma\u017e\u010fuj\u00fa inform\u00e1cie o va\u0161ich zvykoch pri prehliadan\u00ed.&nbsp;Cielen\u00e9 s\u00fabory cookies s\u00fa prepojen\u00e9 so slu\u017ebami poskytovan\u00fdmi tret\u00edmi stranami, ako s\u00fa tla\u010didl\u00e1 \u201ep\u00e1\u010di sa mi\u201c, \u201ezdie\u013ea\u0165\u201c a reklamy.&nbsp;S\u00fabory cookies zacielenia pou\u017e\u00edvame na odosielanie inform\u00e1ci\u00ed o va\u0161ej n\u00e1v\u0161teve tret\u00edm stran\u00e1m, aby mohli urobi\u0165 reklamu pre v\u00e1s relevantnej\u0161ou, ke\u010f nav\u0161t\u00edvite webov\u00e9 str\u00e1nky.<\/li>\n<\/ul>\n<p>V\u00e4\u010d\u0161ina webov\u00fdch prehliada\u010dov umo\u017e\u0148uje ur\u010dit\u00fa kontrolu nad v\u00e4\u010d\u0161inou s\u00faborov cookies prostredn\u00edctvom nastaven\u00ed prehliada\u010da.&nbsp;Ak sa chcete dozvedie\u0165 viac o s\u00faboroch cookies, vr\u00e1tane toho, ako vidie\u0165, ktor\u00e9 s\u00fabory cookies boli nastaven\u00e9 a ako ich spravova\u0165 a vymaza\u0165, nav\u0161t\u00edvte str\u00e1nku&nbsp;<a href=\"http:\/\/www.allaboutcookies.org\/\" target=\"_blank\" rel=\"noopener noreferrer\">http:\/\/www.allaboutcookies.org.<\/a><\/p>\n<\/div><div class=\"fusion-text fusion-text-2\"><div class=\"fusion-text\">\n<h3 class=\"fusion-responsive-typography-calculated\" data-fontsize=\"22\" data-lineheight=\"48.4px\">Konkr\u00e9tne s\u00fabory cookies, ktor\u00e9 pou\u017e\u00edvame<\/h3>\n<p>S\u00fabory cookies m\u00f4\u017ee nastavi\u0165 bu\u010f www.urogynekologia.sk (\u201es\u00fabory cookies prvej strany\u201c), alebo webov\u00e1 lokalita tretej strany (\u201es\u00fabory cookies tretej strany\u201c). Ni\u017e\u0161ie uveden\u00e9 tabu\u013eky identifikuj\u00fa s\u00fabory cookies, ktor\u00e9 pou\u017e\u00edvame, a vysvet\u013euj\u00fa \u00fa\u010dely, na ktor\u00e9 sa pou\u017e\u00edvaj\u00fa.<\/p>\n<\/div>\n<p>S\u00fabory cookies prvej strany<\/p>\n<div class=\"table-1\">\n<table style=\"width: 60%;\" width=\"60%\">\n<thead>\n<tr>\n<th align=\"left\">Poskytovate\u013e<\/th>\n<th align=\"left\">N\u00e1zov<\/th>\n<th align=\"left\">\u00da\u010del<\/th>\n<th>Expir\u00e1cia<\/th>\n<th>Trvanie<\/th>\n<th>Kateg\u00f3ria<\/th>\n<\/tr>\n<\/thead>\n<tbody>\n<tr>\n<td>WordPress<\/td>\n<td>cookie_notice_accepted<\/td>\n<td>Uklad\u00e1 s\u00fahlas, ktor\u00fd ste udelili, v li\u0161te cookie.<\/td>\n<td>1 mesiac<\/td>\n<td>st\u00e1le<\/td>\n<td>technick\u00e9<\/td>\n<\/tr>\n<tr>\n<td>WordPress<\/td>\n<td>wp-settings-time-<\/td>\n<td>\u010c\u00edslo na konci je va\u0161e individu\u00e1lne ID u\u017e\u00edvate\u013ea z tabu\u013eky datab\u00e1zy u\u017e\u00edvate\u013eov. Pou\u017e\u00edva sa na prisp\u00f4sobenie zobrazenia administr\u00e1torsk\u00e9ho rozhrania a pr\u00edpadne aj hlavn\u00e9ho rozhrania str\u00e1nky.<\/td>\n<td>1 rok<\/td>\n<td>st\u00e1le<\/td>\n<td>technick\u00e9<\/td>\n<\/tr>\n<tr>\n<td>WordPress<\/td>\n<td>wordpress_logged_in_<\/td>\n<td>Cookies pre prihl\u00e1sen\u00e9ho pou\u017e\u00edvate\u013ea<\/td>\n<td>rel\u00e1cia<\/td>\n<td>rel\u00e1cia<\/td>\n<td>technick\u00e9<\/td>\n<\/tr>\n<tr>\n<td>WordPress<\/td>\n<td>wp-settings-1<\/td>\n<td>Pou\u017e\u00edva sa na ulo\u017eenie nastaven\u00ed pou\u017e\u00edvate\u013ea wp-admin.<\/td>\n<td>1 rok<\/td>\n<td>st\u00e1le<\/td>\n<td>technick\u00e9<\/td>\n<\/tr>\n<tr>\n<td>PHP<\/td>\n<td>PHPSESSID<\/td>\n<td>na poskytovanie funkci\u00ed naprie\u010d str\u00e1nkami<\/td>\n<td>rel\u00e1cia<\/td>\n<td>&nbsp;<\/td>\n<td>funk\u010dn\u00e9<\/td>\n<\/tr>\n<\/tbody>\n<\/table>\n<\/div>\n<ul>\n<li>Viac inform\u00e1ci\u00ed o&nbsp;<a href=\"https:\/\/codex.wordpress.org\/WordPress_Cookies\">WordPress cookies<\/a><\/li>\n<\/ul>\n<\/div><div class=\"fusion-text fusion-text-3\"><p>S\u00fabory cookies tretej strany<\/p>\n<div class=\"table-1\">\n<table style=\"width: 100%; height: 72px;\" width=\"100%\">\n<thead>\n<tr style=\"height: 18px;\">\n<th style=\"height: 18px; width: 9.23077%;\" align=\"left\">Poskytovate\u013e<\/th>\n<th style=\"height: 18px; width: 11.2821%;\" align=\"left\">N\u00e1zov<\/th>\n<th style=\"height: 18px; width: 63.6751%;\" align=\"left\">\u00da\u010del<\/th>\n<th style=\"width: 14.9573%;\">Kateg\u00f3ria<\/th>\n<\/tr>\n<\/thead>\n<tbody>\n<tr style=\"height: 18px;\">\n<td style=\"height: 18px; width: 9.23077%;\">Twitter<\/td>\n<td style=\"height: 18px; width: 11.2821%;\">guest_id<br \/>\n_ga<br \/>\nexternal_referer<br \/>\npersonalization_id<br \/>\n_twitter_sess<\/td>\n<td style=\"height: 18px; width: 63.6751%;\">Tento s\u00fabor cookie je nastaven\u00fd v\u010faka mo\u017enostiam integr\u00e1cie a zdie\u013eania na Twitteri pre soci\u00e1lne m\u00e9di\u00e1.<\/td>\n<td style=\"width: 14.9573%; text-align: center; vertical-align: middle;\" rowspan=\"8\">Marketing<\/td>\n<\/tr>\n<tr style=\"height: 18px;\">\n<td style=\"height: 18px; width: 9.23077%;\" rowspan=\"7\">Facebook<\/td>\n<td style=\"height: 18px; width: 11.2821%;\">sb<\/td>\n<td style=\"height: 18px; width: 63.6751%;\">S\u00fabor cookie pre reklamy na Facebooku, ktor\u00fd sa pou\u017e\u00edva na sledovanie kampan\u00ed na soci\u00e1lnych sie\u0165ach, rie\u0161enie probl\u00e9mov s nastaveniami kampane a vytv\u00e1ranie kombinovan\u00fdch skup\u00edn publika na zacielenie.<\/td>\n<\/tr>\n<tr>\n<td style=\"width: 11.2821%;\">sb<\/td>\n<td style=\"width: 63.6751%;\">Tento s\u00fabor cookie bezpe\u010dne identifikuje prehliada\u010d.<\/td>\n<\/tr>\n<tr>\n<td style=\"width: 11.2821%;\">usida<\/td>\n<td style=\"width: 63.6751%;\">Toto je s\u00fabor cookie, ktor\u00fd nastavil facebook, aby pomohol s ich funk\u010dnos\u0165ou<\/td>\n<\/tr>\n<tr>\n<td style=\"width: 11.2821%;\">_fbp<\/td>\n<td style=\"width: 63.6751%;\">Tento s\u00fabor cookie identifikuje prehliada\u010de na \u00fa\u010dely poskytovania reklamn\u00fdch slu\u017eieb a slu\u017eieb anal\u00fdzy str\u00e1nok.<\/td>\n<\/tr>\n<tr>\n<td style=\"width: 11.2821%;\">wd<\/td>\n<td style=\"width: 63.6751%;\">Tento s\u00fabor cookie uklad\u00e1 rozmery okna prehliada\u010da a pou\u017e\u00edva ho Facebook na optimaliz\u00e1ciu vykres\u013eovania str\u00e1nky.<\/td>\n<\/tr>\n<tr>\n<td style=\"width: 11.2821%;\">m_pixel_ratio<\/td>\n<td style=\"width: 63.6751%;\">S\u00fabor cookie, ktor\u00fd umo\u017e\u0148uje Facebooku testova\u0165 funk\u010dnos\u0165 str\u00e1nky.<\/td>\n<\/tr>\n<tr>\n<td style=\"width: 11.2821%;\">datr<\/td>\n<td style=\"width: 63.6751%;\">\u00da\u010delom s\u00faboru cookie datr je identifikova\u0165 webov\u00fd prehliada\u010d, ktor\u00fd sa pou\u017e\u00edva na pripojenie k Facebooku, nez\u00e1visle od prihl\u00e1sen\u00e9ho pou\u017e\u00edvate\u013ea.<\/td>\n<\/tr>\n<\/tbody>\n<\/table>\n<\/div>\n<ul>\n<li>Viac inform\u00e1ci\u00ed o&nbsp;<a href=\"https:\/\/policies.google.com\/technologies\/cookies?hl=sk#how-google-uses-cookies\">Google cookies<\/a><\/li>\n<li>Viac inform\u00e1ci\u00ed o <a href=\"https:\/\/help.twitter.com\/en\/rules-and-policies\/twitter-cookies\">Twitter cookies<\/a><\/li>\n<li>Viac inform\u00e1ci\u00ed o <a href=\"https:\/\/www.facebook.com\/policies\/cookies\/\">Facebook cookies<\/a><\/li>\n<\/ul>\n<\/div><div class=\"fusion-text fusion-text-4\"><h3 class=\"fusion-responsive-typography-calculated\" data-fontsize=\"22\" data-lineheight=\"48.4px\"><strong>Z\u00e1sady ochrany osobn\u00fdch \u00fadajov<\/strong><\/h3>\n<p>Prostredn\u00edctvom tejto&nbsp;webovej str\u00e1nky&nbsp;sprac\u00favame iba \u00fadaje, ktor\u00e9 n\u00e1m poskytnete v&nbsp;kontaktnom&nbsp;formul\u00e1ri, a to v\u00fdlu\u010dne na \u00fa\u010dely zaslania po\u017eadovan\u00fdch inform\u00e1ci\u00ed a\/alebo vyrie\u0161enia vami vznesen\u00fdch pochybnost\u00ed alebo ot\u00e1zok;&nbsp;a ak ste v\u00fdslovne s\u00fahlasili so zasielan\u00edm elektronickej komunik\u00e1cie s\u00favisiacej s na\u0161imi aktivitami alebo slu\u017ebami, newsletterov at\u010f.<\/p>\n<p>Pr\u00e1vnym z\u00e1kladom pre spracovanie va\u0161ich \u00fadajov je s\u00fahlas, ktor\u00fd udel\u00edte prijat\u00edm t\u00fdchto Z\u00e1sad ochrany osobn\u00fdch \u00fadajov pred odoslan\u00edm \/ poskytnut\u00edm va\u0161ich \u00fadajov.<\/p>\n<p>Inform\u00e1cie, ktor\u00e9 po\u017eadujeme, s\u00fa vhodn\u00e9, relevantn\u00e9 a nevyhnutne potrebn\u00e9 a v \u017eiadnom pr\u00edpade n\u00e1m ich nie je povinn\u00e1 poskytn\u00fa\u0165, no ich neozn\u00e1menie m\u00f4\u017ee ma\u0165 vplyv na \u00fa\u010del slu\u017eby alebo nemo\u017enos\u0165 jej poskytnutia.<\/p>\n<p><b>Zachovanie \u00fadajov<\/b><\/p>\n<p>Poskytnut\u00e9 osobn\u00e9 \u00fadaje bud\u00fa uchov\u00e1van\u00e9 po dobu nevyhnutn\u00fa na splnenie \u00fa\u010delu, na ktor\u00fd sa zhroma\u017e\u010fuj\u00fa, a na zistenie pr\u00edpadn\u00fdch z\u00e1v\u00e4zkov, ktor\u00e9 m\u00f4\u017eu z \u00fa\u010delu vypl\u00fdva\u0165, okrem leh\u00f4t ustanoven\u00fdch v predpisoch o spisoch a dokument\u00e1cii.<\/p>\n<p><b>D\u00e1tov\u00e1 komunik\u00e1cia<\/b><\/p>\n<p>Osobn\u00e9 \u00fadaje zhroma\u017eden\u00e9 prostredn\u00edctvom r\u00f4znych foriem kontaktu alebo prostredn\u00edctvom e-mailu, po\u0161ty alebo telef\u00f3nu nebud\u00fa prenesen\u00e9 ani ozn\u00e1men\u00e9 tret\u00edm stran\u00e1m, s v\u00fdnimkou pr\u00edpadov potrebn\u00fdch na rozvoj, kontrolu a s\u00falad vyjadren\u00fdch \u00fa\u010delov, v v z\u00e1konom stanoven\u00fdch pr\u00edpadoch, ako aj v konkr\u00e9tnych pr\u00edpadoch, o ktor\u00fdch je u\u017e\u00edvate\u013e v\u00fdslovne informovan\u00fd.<\/p>\n<\/div><div class=\"fusion-clearfix\"><\/div><\/div><\/div><\/div><\/div>\n","protected":false},"excerpt":{"rendered":"","protected":false},"author":1,"featured_media":0,"parent":0,"menu_order":0,"comment_status":"closed","ping_status":"closed","template":"","meta":{"footnotes":""},"class_list":["post-2955","page","type-page","status-publish","hentry"],"_links":{"self":[{"href":"https:\/\/www.urogynekologia.sk\/index.php?rest_route=\/wp\/v2\/pages\/2955","targetHints":{"allow":["GET"]}}],"collection":[{"href":"https:\/\/www.urogynekologia.sk\/index.php?rest_route=\/wp\/v2\/pages"}],"about":[{"href":"https:\/\/www.urogynekologia.sk\/index.php?rest_route=\/wp\/v2\/types\/page"}],"author":[{"embeddable":true,"href":"https:\/\/www.urogynekologia.sk\/index.php?rest_route=\/wp\/v2\/users\/1"}],"replies":[{"embeddable":true,"href":"https:\/\/www.urogynekologia.sk\/index.php?rest_route=%2Fwp%2Fv2%2Fcomments&post=2955"}],"version-history":[{"count":4,"href":"https:\/\/www.urogynekologia.sk\/index.php?rest_route=\/wp\/v2\/pages\/2955\/revisions"}],"predecessor-version":[{"id":2959,"href":"https:\/\/www.urogynekologia.sk\/index.php?rest_route=\/wp\/v2\/pages\/2955\/revisions\/2959"}],"wp:attachment":[{"href":"https:\/\/www.urogynekologia.sk\/index.php?rest_route=%2Fwp%2Fv2%2Fmedia&parent=2955"}],"curies":[{"name":"wp","href":"https:\/\/api.w.org\/{rel}","templated":true}]}}