{"id":2972,"date":"2022-03-14T17:38:51","date_gmt":"2022-03-14T15:38:51","guid":{"rendered":"http:\/\/www.urogynekologia.sk\/?page_id=2972"},"modified":"2023-03-01T10:00:44","modified_gmt":"2023-03-01T08:00:44","slug":"rok-2023","status":"publish","type":"page","link":"https:\/\/www.urogynekologia.sk\/?page_id=2972","title":{"rendered":"Rok 2023"},"content":{"rendered":"<div class=\"fusion-fullwidth fullwidth-box fusion-builder-row-1 nonhundred-percent-fullwidth non-hundred-percent-height-scrolling\" style=\"--awb-border-radius-top-left:0px;--awb-border-radius-top-right:0px;--awb-border-radius-bottom-right:0px;--awb-border-radius-bottom-left:0px;--awb-flex-wrap:wrap;\" ><div class=\"fusion-builder-row fusion-row\"><div class=\"fusion-layout-column fusion_builder_column fusion-builder-column-0 fusion_builder_column_1_1 1_1 fusion-one-full fusion-column-first fusion-column-last\" style=\"--awb-bg-size:cover;--awb-margin-bottom:0px;\"><div class=\"fusion-column-wrapper fusion-flex-column-wrapper-legacy\"><div class=\"fusion-title title fusion-title-1 fusion-sep-none fusion-title-text fusion-title-size-one\"><h1 class=\"fusion-title-heading title-heading-left\" style=\"margin:0;\"><h2 style=\"text-align: center;\">Zoznam odborn\u00fdch podujat\u00ed v roku 2023<\/h2><\/h1><\/div><div class=\"fusion-sep-clear\"><\/div><div class=\"fusion-separator fusion-full-width-sep\" style=\"margin-left: auto;margin-right: auto;margin-bottom:10px;width:100%;\"><\/div><div class=\"fusion-sep-clear\"><\/div><div class=\"fusion-text fusion-text-1\"><div>\n<div style=\"text-align: center;\"><strong>10.3.-13.3.2023<\/strong><\/div>\n<div style=\"text-align: center;\">38th Annual Congress EAU23, Milan, Italy<\/div>\n<div style=\"text-align: center;\"><a href=\"https:\/\/eaucongress.uroweb.org\/\">https:\/\/eaucongress.uroweb.org\/<\/a><\/div>\n<div style=\"text-align: center;\">&nbsp;<\/div>\n<\/div>\n<div style=\"text-align: center;\">\n<div><strong>11.5.-13.5.2023<\/strong><\/div>\n<div>Konferencia SGPS SLS, \u017dilina<br \/>\n<a href=\"https:\/\/www.sgps-kongres.sk\/\" target=\"_blank\" rel=\"noopener noreferrer\">XXIX. kongres SGPS 2023 (sgps-kongres.sk)<\/a><\/div>\n<div>\n<div class=\"gmail_quote\" dir=\"auto\">\n<div dir=\"ltr\">&nbsp;<\/div>\n<div dir=\"ltr\"><strong>14.6.-16.6.2023<br \/>\n<\/strong>Konferencia Slovenskej urologickej spolo\u010dnosti, Pre\u0161ov<\/div>\n<\/div>\n<div class=\"gmail_quote\" dir=\"auto\"><a href=\"http:\/\/www.sus.sk\/\">www.sus.sk<\/a><\/div>\n<\/div>\n<div>&nbsp;<\/div>\n<div>\n<div><strong>21. 6. \u2013 24. 6. 2023<\/strong><\/div>\n<div>48th Annual Meeting, The Hague, The Netherlands<\/div>\n<div><a href=\"https:\/\/www.iugameeting.org\/\">https:\/\/www.iugameeting.org\/<\/a><\/div>\n<\/div>\n<\/div>\n<div style=\"text-align: center;\">&nbsp;<\/div>\n<div style=\"text-align: center;\"><strong>27. 9. \u2013 30. 9. 2023<\/strong><\/div>\n<div style=\"text-align: center;\">ICS&nbsp;Annual Meeting, Toronto, Canada<\/div>\n<div style=\"text-align: center;\"><a href=\"https:\/\/www.ics.org\/2023\">https:\/\/www.ics.org\/2023<\/a><\/div>\n<div style=\"text-align: center;\">\n<p><strong>6.10.-7.10.2023<br \/>\n<\/strong>VIII. konferencia gynekol\u00f3gov,&nbsp;urol\u00f3gov&nbsp;a sexuol\u00f3gov, Grand hotel Jasn\u00e1<br \/>\n<a href=\"https:\/\/sgps.home.sk\/viii-konferencia-gynekologov-urologov-a-sexuologov\/\">VIII. konferencia gynekol\u00f3gov, urol\u00f3gov a sexuol\u00f3gov \u2013 sgps (home.sk)<\/a><\/p>\n<\/div>\n<div>\n<div style=\"text-align: center;\"><strong>9. 10. \u2013 13. 10. 2023<\/strong><\/div>\n<div style=\"text-align: center;\">The 2023 FIGO World Congress, Paris, France<\/div>\n<div style=\"text-align: center;\"><a href=\"https:\/\/www.figo.org\/events\/xxiv-world-congress-gynecology-and-obstetrics\">https:\/\/www.figo.org\/events\/xxiv-world-congress-gynecology-and-obstetrics<\/a><\/div>\n<div style=\"text-align: center;\">\n<p><strong>11.10.-13.10.2023<br \/>\n<\/strong>69. v\u00fdro\u010dn\u00e1 konferencia \u010ceskej urologickej spolo\u010dnosti, \u010cesk\u00e9 Budejovice<br \/>\n<a href=\"https:\/\/www.cus.cz\/pro-odborniky\/akce\/69-vyrocni-konference-ceske-urologicke-spolecnosti-cls-jep\/\">https:\/\/www.cus.cz\/pro-odborniky\/akce\/69-vyrocni-konference-ceske-urologicke-spolecnosti-cls-jep\/<\/a><\/p>\n<\/div>\n<div style=\"text-align: center;\">\n<div><strong>19.10.- 21.10.2023<\/strong>&nbsp;<\/div>\n<div>16th Annual Congress EUGA, Rome<\/div>\n<div><a href=\"https:\/\/eugaoffice.org\/congresses\/\">https:\/\/eugaoffice.org\/congresses\/<\/a><\/div>\n<\/div>\n<div>\n<div style=\"text-align: center;\">&nbsp;<\/div>\n<div style=\"text-align: center;\"><strong>6.12.-7.12.2023<\/strong><\/div>\n<div style=\"text-align: center;\">XXXII. \u010desk\u00e1 urogynekologie 2023, Clarion Congress Hotel Praha<br \/>\n<a href=\"https:\/\/www.congressprague.cz\/kongresy\/cur23\/pozvanka.html\">https:\/\/www.congressprague.cz\/kongresy\/cur23\/pozvanka.html<\/a><\/div>\n<\/div>\n<\/div>\n<\/div><div class=\"fusion-clearfix\"><\/div><\/div><\/div><\/div><\/div>\n","protected":false},"excerpt":{"rendered":"","protected":false},"author":1,"featured_media":0,"parent":1968,"menu_order":0,"comment_status":"closed","ping_status":"closed","template":"","meta":{"footnotes":""},"class_list":["post-2972","page","type-page","status-publish","hentry"],"_links":{"self":[{"href":"https:\/\/www.urogynekologia.sk\/index.php?rest_route=\/wp\/v2\/pages\/2972","targetHints":{"allow":["GET"]}}],"collection":[{"href":"https:\/\/www.urogynekologia.sk\/index.php?rest_route=\/wp\/v2\/pages"}],"about":[{"href":"https:\/\/www.urogynekologia.sk\/index.php?rest_route=\/wp\/v2\/types\/page"}],"author":[{"embeddable":true,"href":"https:\/\/www.urogynekologia.sk\/index.php?rest_route=\/wp\/v2\/users\/1"}],"replies":[{"embeddable":true,"href":"https:\/\/www.urogynekologia.sk\/index.php?rest_route=%2Fwp%2Fv2%2Fcomments&post=2972"}],"version-history":[{"count":4,"href":"https:\/\/www.urogynekologia.sk\/index.php?rest_route=\/wp\/v2\/pages\/2972\/revisions"}],"predecessor-version":[{"id":3096,"href":"https:\/\/www.urogynekologia.sk\/index.php?rest_route=\/wp\/v2\/pages\/2972\/revisions\/3096"}],"up":[{"embeddable":true,"href":"https:\/\/www.urogynekologia.sk\/index.php?rest_route=\/wp\/v2\/pages\/1968"}],"wp:attachment":[{"href":"https:\/\/www.urogynekologia.sk\/index.php?rest_route=%2Fwp%2Fv2%2Fmedia&parent=2972"}],"curies":[{"name":"wp","href":"https:\/\/api.w.org\/{rel}","templated":true}]}}