{"id":2985,"date":"2022-04-04T09:53:37","date_gmt":"2022-04-04T07:53:37","guid":{"rendered":"http:\/\/www.urogynekologia.sk\/?page_id=2985"},"modified":"2024-08-05T14:02:10","modified_gmt":"2024-08-05T12:02:10","slug":"1-informacia","status":"publish","type":"page","link":"https:\/\/www.urogynekologia.sk\/?page_id=2985","title":{"rendered":"1. inform\u00e1cia"},"content":{"rendered":"<p><div class=\"fusion-fullwidth fullwidth-box fusion-builder-row-1 nonhundred-percent-fullwidth non-hundred-percent-height-scrolling\" style=\"--awb-border-radius-top-left:0px;--awb-border-radius-top-right:0px;--awb-border-radius-bottom-right:0px;--awb-border-radius-bottom-left:0px;--awb-flex-wrap:wrap;\" ><div class=\"fusion-builder-row fusion-row\"><div class=\"fusion-layout-column fusion_builder_column fusion-builder-column-0 fusion_builder_column_1_1 1_1 fusion-one-full fusion-column-first fusion-column-last\" style=\"--awb-bg-size:cover;\"><div class=\"fusion-column-wrapper fusion-column-has-shadow fusion-flex-column-wrapper-legacy\"><div class=\"fusion-text fusion-text-1\"><p style=\"text-align: center;\"><a href=\"http:\/\/www.urogynekologia.sk\/wp-content\/uploads\/logo_skuga.jpg\"><img decoding=\"async\" class=\"lazyload alignnone size-medium wp-image-2155\" src=\"http:\/\/www.urogynekologia.sk\/wp-content\/uploads\/logo_skuga-300x86.jpg\" data-orig-src=\"http:\/\/www.urogynekologia.sk\/wp-content\/uploads\/logo_skuga-300x86.jpg\" alt=\"\" width=\"300\" height=\"86\" srcset=\"data:image\/svg+xml,%3Csvg%20xmlns%3D%27http%3A%2F%2Fwww.w3.org%2F2000%2Fsvg%27%20width%3D%27300%27%20height%3D%2786%27%20viewBox%3D%270%200%20300%2086%27%3E%3Crect%20width%3D%27300%27%20height%3D%2786%27%20fill-opacity%3D%220%22%2F%3E%3C%2Fsvg%3E\" data-srcset=\"https:\/\/www.urogynekologia.sk\/wp-content\/uploads\/logo_skuga-200x57.jpg 200w, https:\/\/www.urogynekologia.sk\/wp-content\/uploads\/logo_skuga.jpg 300w\" data-sizes=\"auto\" data-orig-sizes=\"(max-width: 300px) 100vw, 300px\" \/><\/a><\/p>\n<p style=\"text-align: center;\">Slovensk\u00e1 gynekologicko-p\u00f4rodn\u00edcka spolo\u010dnos\u0165<\/p>\n<p style=\"text-align: center;\">Sekcia gynekologickej urol\u00f3gie SGPS<\/p>\n<p style=\"text-align: center;\">Gynpor s.r.o. Slia\u010d<\/p>\n<p style=\"text-align: center;\"><strong>\u00a0<\/strong><\/p>\n<p style=\"text-align: center;\">si V\u00e1s dovo\u013euj\u00fa pozva\u0165 na<\/p>\n<p style=\"text-align: center;\"><span style=\"font-size: 14pt;\"><strong>IX. Slovensk\u00e1 konferencia urogynekol<\/strong><strong>\u00f3<\/strong><strong>gie 2024<\/strong><\/span><\/p>\n<p style=\"text-align: center;\"><span style=\"font-size: 14pt;\"><strong> 26. \u2013 27. 9. 2024<\/strong><\/span><\/p>\n<p style=\"text-align: center;\"><span style=\"font-size: 14pt;\"><strong>Hotel Tenis, Zvolen<\/strong><\/span><\/p>\n<p style=\"text-align: center;\"><strong>\u00a0<\/strong><\/p>\n<p style=\"text-align: center;\"><strong>\u00a0<\/strong>Koordin\u00e1tori konferencie:<\/p>\n<p style=\"text-align: center;\"><strong>MUDr. J\u00e1n Gal\u00e1d, PhD., prof. MUDr. Peter Urdz\u00edk, PhD., MPH<\/strong><\/p>\n<p style=\"text-align: center;\"><em>Hlavn\u00e1 t\u00e9ma konferencie s\u00a0dom\u00e1cou i\u00a0medzin\u00e1rodnou \u00fa\u010das\u0165ou<\/em><\/p>\n<p style=\"text-align: center;\"><span style=\"font-size: 18pt;\"><strong>Poruchy panvov\u00e9ho dna<\/strong><\/span><\/p>\n<p style=\"text-align: center;\">P\u00f4rod, panvov\u00e9 dno, diagnostika a lie\u010dba inkontinencie mo\u010du, opera\u010dn\u00e1 \u00a0lie\u010dba POP, Endoskopia v urogynekol\u00f3gii, varia.<\/p>\n<p>&nbsp;<\/p>\n<p>&nbsp;<\/p>\n<\/div><div class=\"fusion-aligncenter\"><a class=\"fusion-button button-flat fusion-button-default-size button-custom fusion-button-default button-1 fusion-button-default-span \" style=\"--button_accent_color:#ffffff;--button_accent_hover_color:#ffffff;--button_border_hover_color:#ffffff;--button_gradient_top_color:#ff0000;--button_gradient_bottom_color:#ff0000;--button_gradient_top_color_hover:#ff0000;--button_gradient_bottom_color_hover:#ff0000;\" target=\"_self\" href=\"https:\/\/www.urogynekologia.sk\/?page_id=3311\"><span class=\"fusion-button-text\">REGISTR\u00c1CIA<\/span><\/a><\/div><div class=\"fusion-clearfix\"><\/div><\/div><\/div><\/div><\/div><div class=\"fusion-fullwidth fullwidth-box fusion-builder-row-2 nonhundred-percent-fullwidth non-hundred-percent-height-scrolling\" style=\"--awb-border-radius-top-left:0px;--awb-border-radius-top-right:0px;--awb-border-radius-bottom-right:0px;--awb-border-radius-bottom-left:0px;--awb-background-color:#f3f3f3;--awb-flex-wrap:wrap;\" ><div class=\"fusion-builder-row fusion-row\"><div class=\"fusion-layout-column fusion_builder_column fusion-builder-column-1 fusion_builder_column_1_1 1_1 fusion-one-full fusion-column-first fusion-column-last\" style=\"--awb-bg-size:cover;--awb-margin-top:50px;\"><div class=\"fusion-column-wrapper fusion-column-has-shadow fusion-flex-column-wrapper-legacy\"><div class=\"fusion-text fusion-text-2\"><p><strong>Zasielanie prihl\u00e1\u0161ok \u2013 AKT\u00cdVNA \u00da\u010cAS\u0164:\u00a0\u00a0\u00a0\u00a0\u00a0\u00a0 30. 6. 2024<\/strong><\/p>\n<p>\u010casov\u00fd limit predn\u00e1\u0161ky je 10 \u2013 15 min.<\/p>\n<p><strong>Kongres je zaraden\u00fd do kontinu\u00e1lneho medic\u00ednskeho vzdel\u00e1vania ARS CME.<\/strong><\/p>\n<p>Kredity bud\u00fa \u00fa\u010dastn\u00edkovi priznan\u00e9 v zmysle vyhl\u00e1\u0161ky MZ SR \u010d.74\/2019 Z.z. v znen\u00ed neskor\u0161\u00edch predpisov a na z\u00e1klade zmluvy medzi SLK a Eur\u00f3pskou akredita\u010dnou radou. Potvrdenie o \u00fa\u010dasti na vzdel\u00e1vacej aktivite CME si n\u00e1jde lek\u00e1r na str\u00e1nke https:\/\/cmeportal.sk\/, po prihl\u00e1sen\u00ed do svojho konta a pod n\u00e1zvom danej aktivity.<\/p>\n<p><strong>Registr\u00e1cia:<\/strong><\/p>\n<p>on-line: <a href=\"https:\/\/www.urogynekologia.sk\/?page_id=3311\">Registra\u010dn\u00fd formul\u00e1r<\/a><\/p>\n<\/div><div class=\"fusion-clearfix\"><\/div><\/div><\/div><\/div><\/div><div class=\"fusion-fullwidth fullwidth-box fusion-builder-row-3 nonhundred-percent-fullwidth non-hundred-percent-height-scrolling\" style=\"--awb-border-radius-top-left:0px;--awb-border-radius-top-right:0px;--awb-border-radius-bottom-right:0px;--awb-border-radius-bottom-left:0px;--awb-flex-wrap:wrap;\" ><div class=\"fusion-builder-row fusion-row\"><div class=\"fusion-layout-column fusion_builder_column fusion-builder-column-2 fusion_builder_column_1_1 1_1 fusion-one-full fusion-column-first fusion-column-last\" style=\"--awb-bg-size:cover;--awb-margin-top:50px;\"><div class=\"fusion-column-wrapper fusion-column-has-shadow fusion-flex-column-wrapper-legacy\"><div class=\"fusion-text fusion-text-3\"><p><strong>Registra<\/strong><strong>\u010dn\u00fd poplatok:<\/strong><\/p>\n<table style=\"border-collapse: collapse; width: 88.9951%;\">\n<tbody>\n<tr>\n<td style=\"width: 28.2277%;\">\u00da\u010dastn\u00edk:<\/td>\n<td style=\"width: 29.1959%; text-align: center;\"><strong>do 31. 8. 2024<\/strong><\/td>\n<td style=\"width: 31.5728%; text-align: center;\"><strong>od 1. 9. 2024<\/strong><\/td>\n<\/tr>\n<tr>\n<td style=\"width: 28.2277%;\">\u010clen SGPS, \u010cGPS<\/td>\n<td style=\"width: 29.1959%; text-align: center;\">70 \u20ac<\/td>\n<td style=\"width: 31.5728%; text-align: center;\">90 \u20ac<\/td>\n<\/tr>\n<tr>\n<td style=\"width: 28.2277%;\">Ne\u010dlen<\/td>\n<td style=\"width: 29.1959%; text-align: center;\">100 \u20ac<\/td>\n<td style=\"width: 31.5728%; text-align: center;\">130 \u20ac<\/td>\n<\/tr>\n<\/tbody>\n<\/table>\n<p><strong>\u00a0 \u00a0 \u00a0 \u00a0 \u00a0 \u00a0 \u00a0<\/strong><\/p>\n<p><strong>Registra\u010dn\u00fd poplatok zah\u0155\u0148a: <\/strong>kongresov\u00fd bal\u00ed\u010dek, organiza\u010dn\u00e9 zabezpe\u010denie konferencie, ob\u010derstvenie.<\/p>\n<p><strong>Nepe\u0148a\u017en\u00e9 plnenie: <\/strong>Organiz\u00e1tor nebude poskytova\u0165 nepe\u0148a\u017en\u00e9 plnenie pre \u00fa\u010dastn\u00edkov podujatia. Ak si \u00fa\u010dastn\u00edk hrad\u00ed registra\u010dn\u00fd poplatok s\u00e1m, nem\u00e1 povinnos\u0165 odvodu zr\u00e1\u017ekovej dane za nepe\u0148a\u017en\u00e9 plnenie v\u00a0zmysle Z\u00e1kona o\u00a0dani z\u00a0pr\u00edjmov \u010d. \u00a0595\/2003 Z. z. v\u00a0znen\u00ed neskor\u0161\u00edch predpisov.<\/p>\n<p><strong>\u00a0<\/strong><\/p>\n<p><strong>Registra\u010dn\u00fd poplatok uhra\u010fte pros\u00edm na \u00fa\u010det:<\/strong><\/p>\n<table style=\"height: 54px; width: 100%; border-collapse: collapse;\">\n<tbody>\n<tr style=\"height: 18px;\">\n<td style=\"width: 18.9261%; height: 18px;\"><strong>N\u00e1zov \u00fa\u010dtu:<\/strong><\/td>\n<td style=\"width: 36.3556%; height: 18px;\">Slovensk\u00e1 gynekologicko-p\u00f4rodn\u00edcka spolo\u010dnos\u0165<\/td>\n<\/tr>\n<tr style=\"height: 18px;\">\n<td style=\"width: 18.9261%; height: 18px;\"><strong>Pe\u0148a\u017en\u00fd \u00fastav:<\/strong><\/td>\n<td style=\"width: 36.3556%; height: 18px;\">Tatrabanka a. s., Hod\u017eovo n\u00e1m. 3, 811 06 Bratislava<\/td>\n<\/tr>\n<tr style=\"height: 18px;\">\n<td style=\"width: 18.9261%; height: 18px;\"><strong>IBAN:\u00a0\u00a0<\/strong><\/td>\n<td style=\"width: 36.3556%; height: 18px;\"><strong>SK55 1100 0000 0026 6245 5126<\/strong><\/td>\n<\/tr>\n<tr>\n<td style=\"width: 18.9261%;\"><strong>KS:<\/strong>\u00a0\u00a0<strong><br \/>\n<\/strong><\/td>\n<td style=\"width: 36.3556%;\">0558<strong><br \/>\n<\/strong><\/td>\n<\/tr>\n<tr>\n<td style=\"width: 18.9261%;\"><strong>VS:<\/strong><strong><br \/>\n<\/strong><\/td>\n<td style=\"width: 36.3556%;\"><strong>26092024<\/strong><\/td>\n<\/tr>\n<tr>\n<td style=\"width: 18.9261%;\"><strong>SWIFT:<\/strong><strong><br \/>\n<\/strong><\/td>\n<td style=\"width: 36.3556%;\">TATRSKBX<\/td>\n<\/tr>\n<\/tbody>\n<\/table>\n<p>&nbsp;<\/p>\n<p><strong>Pozn\u00e1mka:<\/strong> do spr\u00e1vy pre prij\u00edmate\u013ea uve\u010fte meno \u00fa\u010dastn\u00edka, nie n\u00e1zov firmy.<\/p>\n<p><em>Potvrdenie o \u00fahrade poplatku na \u00fa\u010det SGPS SLS obratom po\u0161lite na e-mail: marketing@gynpor.sk.<\/em><\/p>\n<\/div><div class=\"fusion-clearfix\"><\/div><\/div><\/div><\/div><\/div><div class=\"fusion-fullwidth fullwidth-box fusion-builder-row-4 nonhundred-percent-fullwidth non-hundred-percent-height-scrolling\" style=\"--awb-border-radius-top-left:0px;--awb-border-radius-top-right:0px;--awb-border-radius-bottom-right:0px;--awb-border-radius-bottom-left:0px;--awb-background-color:#f3f3f3;--awb-flex-wrap:wrap;\" ><div class=\"fusion-builder-row fusion-row\"><div class=\"fusion-layout-column fusion_builder_column fusion-builder-column-3 fusion_builder_column_1_1 1_1 fusion-one-full fusion-column-first fusion-column-last\" style=\"--awb-bg-size:cover;--awb-margin-top:50px;\"><div class=\"fusion-column-wrapper fusion-column-has-shadow fusion-flex-column-wrapper-legacy\"><div class=\"fusion-text fusion-text-4\"><p><strong>Organiza\u010dn\u00fd sekretari\u00e1t konferencie:<\/strong><\/p>\n<p>Gynpor Slia\u010d, s.r.o.<\/p>\n<p>SNP 9, 962 31 Slia\u010d<\/p>\n<p>Mgr. August\u00ednov\u00e1 Sl\u00e1vka<\/p>\n<p>Tel: +421\u00a0918\u00a0866 054<\/p>\n<p>E-mail: <a href=\"mailto:marketing@gynpor.sk\">marketing@gynpor.sk<\/a><\/p>\n<p>Web: <a href=\"http:\/\/www.gynpor.sk\">www.gynpor.sk<\/a><\/p>\n<p>&nbsp;<\/p>\n<p><strong>Ubytovanie:<\/strong>\u00a0 zabezpe\u010duje si ka\u017ed\u00fd \u00fa\u010dastn\u00edk individu\u00e1lne<\/p>\n<p>Hotel Tenis, Neresn\u00edcka cesta 13, Zvolen<\/p>\n<p>Tel: +421 45 5322 373, Mobil: +421 915 988 811<\/p>\n<p>E-mail: info@hoteltenis.sk<\/p>\n<p style=\"text-align: center;\"><strong>\u00a0<\/strong><\/p>\n<\/div><div class=\"fusion-clearfix\"><\/div><\/div><\/div><\/div><\/div><\/p>\n","protected":false},"excerpt":{"rendered":"","protected":false},"author":1,"featured_media":0,"parent":0,"menu_order":0,"comment_status":"closed","ping_status":"closed","template":"100-width.php","meta":{"footnotes":""},"class_list":["post-2985","page","type-page","status-publish","hentry"],"_links":{"self":[{"href":"https:\/\/www.urogynekologia.sk\/index.php?rest_route=\/wp\/v2\/pages\/2985","targetHints":{"allow":["GET"]}}],"collection":[{"href":"https:\/\/www.urogynekologia.sk\/index.php?rest_route=\/wp\/v2\/pages"}],"about":[{"href":"https:\/\/www.urogynekologia.sk\/index.php?rest_route=\/wp\/v2\/types\/page"}],"author":[{"embeddable":true,"href":"https:\/\/www.urogynekologia.sk\/index.php?rest_route=\/wp\/v2\/users\/1"}],"replies":[{"embeddable":true,"href":"https:\/\/www.urogynekologia.sk\/index.php?rest_route=%2Fwp%2Fv2%2Fcomments&post=2985"}],"version-history":[{"count":27,"href":"https:\/\/www.urogynekologia.sk\/index.php?rest_route=\/wp\/v2\/pages\/2985\/revisions"}],"predecessor-version":[{"id":3316,"href":"https:\/\/www.urogynekologia.sk\/index.php?rest_route=\/wp\/v2\/pages\/2985\/revisions\/3316"}],"wp:attachment":[{"href":"https:\/\/www.urogynekologia.sk\/index.php?rest_route=%2Fwp%2Fv2%2Fmedia&parent=2985"}],"curies":[{"name":"wp","href":"https:\/\/api.w.org\/{rel}","templated":true}]}}