{"id":3304,"date":"2024-07-12T10:03:13","date_gmt":"2024-07-12T08:03:13","guid":{"rendered":"https:\/\/www.urogynekologia.sk\/?page_id=3304"},"modified":"2024-08-21T16:22:04","modified_gmt":"2024-08-21T14:22:04","slug":"3304-2","status":"publish","type":"page","link":"https:\/\/www.urogynekologia.sk\/?page_id=3304","title":{"rendered":"Vzdel\u00e1vanie"},"content":{"rendered":"<div class=\"page\" title=\"Page 1\">\n<div class=\"layoutArea\">\n<div class=\"column\">\n<p><a href=\"\/doc\/GYNEKOLOGICKA-UROLOGIA.pdf\">S\u030cPECIALIZAC\u030cNY\u0301 S\u030cTUDIJNY\u0301 PROGRAM PRE S\u030cPECIALIZAC\u030cNY\u0301 ODBOR \u2013 Gynekologicka\u0301 urolo\u0301gia<\/a><\/p>\n<\/div>\n<\/div>\n<\/div>\n<p><a href=\"https:\/\/www.urogynekologia.sk\/wp-content\/uploads\/Gynekologicka_urologia-2024.pdf\">MINIM\u00c1LNY \u0160TANDARD PRE \u0160PECIALIZA\u010cN\u00dd \u0160TUDIJN\u00dd PROGRAM V \u0160PECIALIZA\u010cNOM ODBORE GYNEKOLOGICK\u00c1 UROL\u00d3GIA\u00a0<\/a><\/p>\n<p>&nbsp;<\/p>\n","protected":false},"excerpt":{"rendered":"<p>S\u030cPECIALIZAC\u030cNY\u0301 S\u030cTUDIJNY\u0301 PROGRAM PRE S\u030cPECIALIZAC\u030cNY\u0301 ODBOR \u2013 Gynekologicka\u0301 urolo\u0301gia MINIM\u00c1LNY  [&#8230;]<\/p>\n","protected":false},"author":1,"featured_media":0,"parent":0,"menu_order":0,"comment_status":"closed","ping_status":"closed","template":"","meta":{"footnotes":""},"class_list":["post-3304","page","type-page","status-publish","hentry"],"_links":{"self":[{"href":"https:\/\/www.urogynekologia.sk\/index.php?rest_route=\/wp\/v2\/pages\/3304","targetHints":{"allow":["GET"]}}],"collection":[{"href":"https:\/\/www.urogynekologia.sk\/index.php?rest_route=\/wp\/v2\/pages"}],"about":[{"href":"https:\/\/www.urogynekologia.sk\/index.php?rest_route=\/wp\/v2\/types\/page"}],"author":[{"embeddable":true,"href":"https:\/\/www.urogynekologia.sk\/index.php?rest_route=\/wp\/v2\/users\/1"}],"replies":[{"embeddable":true,"href":"https:\/\/www.urogynekologia.sk\/index.php?rest_route=%2Fwp%2Fv2%2Fcomments&post=3304"}],"version-history":[{"count":4,"href":"https:\/\/www.urogynekologia.sk\/index.php?rest_route=\/wp\/v2\/pages\/3304\/revisions"}],"predecessor-version":[{"id":3321,"href":"https:\/\/www.urogynekologia.sk\/index.php?rest_route=\/wp\/v2\/pages\/3304\/revisions\/3321"}],"wp:attachment":[{"href":"https:\/\/www.urogynekologia.sk\/index.php?rest_route=%2Fwp%2Fv2%2Fmedia&parent=3304"}],"curies":[{"name":"wp","href":"https:\/\/api.w.org\/{rel}","templated":true}]}}