{"id":3325,"date":"2024-08-21T16:30:30","date_gmt":"2024-08-21T14:30:30","guid":{"rendered":"https:\/\/www.urogynekologia.sk\/?page_id=3325"},"modified":"2025-05-05T16:31:52","modified_gmt":"2025-05-05T14:31:52","slug":"rok-2025","status":"publish","type":"page","link":"https:\/\/www.urogynekologia.sk\/?page_id=3325","title":{"rendered":"Rok 2025"},"content":{"rendered":"<p><div class=\"fusion-fullwidth fullwidth-box fusion-builder-row-1 fusion-flex-container has-pattern-background has-mask-background nonhundred-percent-fullwidth non-hundred-percent-height-scrolling\" style=\"--awb-border-radius-top-left:0px;--awb-border-radius-top-right:0px;--awb-border-radius-bottom-right:0px;--awb-border-radius-bottom-left:0px;--awb-flex-wrap:wrap;\" ><div class=\"fusion-builder-row fusion-row fusion-flex-align-items-flex-start fusion-flex-content-wrap\" style=\"max-width:1144px;margin-left: calc(-4% \/ 2 );margin-right: calc(-4% \/ 2 );\"><div class=\"fusion-layout-column fusion_builder_column fusion-builder-column-0 fusion_builder_column_1_1 1_1 fusion-flex-column\" style=\"--awb-bg-size:cover;--awb-width-large:100%;--awb-margin-top-large:0px;--awb-spacing-right-large:1.92%;--awb-margin-bottom-large:20px;--awb-spacing-left-large:1.92%;--awb-width-medium:100%;--awb-order-medium:0;--awb-spacing-right-medium:1.92%;--awb-spacing-left-medium:1.92%;--awb-width-small:100%;--awb-order-small:0;--awb-spacing-right-small:1.92%;--awb-spacing-left-small:1.92%;\"><div class=\"fusion-column-wrapper fusion-column-has-shadow fusion-flex-justify-content-flex-start fusion-content-layout-column\">\t\t\t\t\t<div class=\"fusion-slider-container fusion-slider-sc-uro fusion-slider-12 full-width-slider\" style=\"height:300px; max-width:100%;\" data-id=\"12\" data-full_height=\"\">\n\t\t\t\t\t\t<style type=\"text\/css\">.fusion-slider-12 .flex-direction-nav a {width:63px;height:63px;line-height:63px;font-size:25px;}.fusion-slider-12 .flex-control-paging li a {background:rgba(255, 255, 255, 0.6);}.fusion-slider-12 .flex-control-paging li a.flex-active {background:rgba(255, 255, 255, 1);}<\/style>\t\t\t\t\t\t<div class=\"fusion-slider-loading\">Loading...<\/div>\n\t\t\t\t\t\t<div class=\"tfs-slider flexslider main-flex full-width-slider\" data-slider_width=\"100%\" data-slider_height=\"300px\" data-full_screen=\"0\" data-slider_indicator=\"pagination_circles\" data-parallax=\"0\" data-nav_arrows=\"1\" data-nav_box_width=\"63px\" data-nav_box_height=\"63px\" data-nav_arrow_size=\"25px\" data-autoplay=\"1\" data-loop=\"1\" data-orderby=\"date\" data-order=\"DESC\" data-animation=\"fade\" data-slideshow_speed=\"7000\" data-animation_speed=\"600\" data-typo_sensitivity=\"1\" data-typo_factor=\"1.5\" style=\"max-width:100%;\">\n\t\t\t\t\t\t\t<ul class=\"slides\">\n\t\t\t\t\t\t\t\t\t\t\t\t\t\t\t\t\t<li data-mute=\"yes\" data-loop=\"yes\" data-autoplay=\"yes\">\n\t\t\t\t\t\t\t\t\t\t<div class=\"slide-content-container slide-content-center\" style=\"display: none;\">\n\t\t\t\t\t\t\t\t\t\t\t<div class=\"slide-content\" style=\"\">\n\t\t\t\t\t\t\t\t\t\t\t\t\t\t\t\t\t\t\t\t\t\t\t\t\t\t\t\t\t\t\t\t\t\t\t\t\t\t\t\t\t\t\t\t\t\t\t\t\t<div class=\"buttons\" >\n\t\t\t\t\t\t\t\t\t\t\t\t\t\t\t\t\t\t\t\t\t\t\t\t\t\t\t\t\t\t\t\t\t\t\t\t\t\t\t\t\t<\/div>\n\t\t\t\t\t\t\t\t\t\t\t\t\t\t\t\t\t\t\t\t\t\t\t<\/div>\n\t\t\t\t\t\t\t\t\t\t<\/div>\n\t\t\t\t\t\t\t\t\t\t\t\t\t\t\t\t\t\t\t\t\t\t\t\t\t\t\t\t\t\t\t\t\t\t\t\t\t\t\t\t<div class=\"background background-image\" style=\"background-image: url(https:\/\/www.urogynekologia.sk\/wp-content\/uploads\/slider1b.jpg);max-width:100%;height:300px;filter: progid:DXImageTransform.Microsoft.AlphaImageLoader(src='https:\/\/www.urogynekologia.sk\/wp-content\/uploads\/slider1b.jpg', sizingMethod='scale');\" data-imgwidth=\"1920\">\n\t\t\t\t\t\t\t\t\t\t\t\t\t\t\t\t\t\t\t\t\t\t\t\t\t\t\t\t\t\t\t\t\t\t\t\t\t\t\t\t\t\t\t\t\t\t\t\t\t\t\t\t\t\t\t\t\t\t\t\t\t\t\t\t\t\t<\/div>\n\t\t\t\t\t\t\t\t\t<\/li>\n\t\t\t\t\t\t\t\t\t\t\t\t\t\t\t\t\t\t\t\t\t\t\t<\/ul>\n\t\t\t\t\t\t<\/div>\n\t\t\t\t\t<\/div>\n\t\t\t\t\t\t\t\t<\/div><\/div><\/div><\/div><div class=\"fusion-fullwidth fullwidth-box fusion-builder-row-2 nonhundred-percent-fullwidth non-hundred-percent-height-scrolling\" style=\"--awb-border-radius-top-left:0px;--awb-border-radius-top-right:0px;--awb-border-radius-bottom-right:0px;--awb-border-radius-bottom-left:0px;--awb-flex-wrap:wrap;\" ><div class=\"fusion-builder-row fusion-row\"><div class=\"fusion-layout-column fusion_builder_column fusion-builder-column-1 fusion_builder_column_1_1 1_1 fusion-one-full fusion-column-first fusion-column-last\" style=\"--awb-bg-size:cover;--awb-margin-bottom:0px;\"><div class=\"fusion-column-wrapper fusion-flex-column-wrapper-legacy\"><div class=\"fusion-title title fusion-title-1 fusion-sep-none fusion-title-text fusion-title-size-one\"><h1 class=\"fusion-title-heading title-heading-left\" style=\"margin:0;\"><h2 style=\"text-align: center;\"><strong>Zoznam odborn\u00fdch podujat\u00ed v roku 2025<\/strong><\/h2><\/h1><\/div><div class=\"fusion-sep-clear\"><\/div><div class=\"fusion-separator fusion-full-width-sep\" style=\"margin-left: auto;margin-right: auto;margin-bottom:10px;width:100%;\"><\/div><div class=\"fusion-sep-clear\"><\/div><div class=\"fusion-text fusion-text-1\"><\/div><div class=\"fusion-text fusion-text-2\"><div><strong>18.1.2025<\/strong><\/div>\n<div>Medzin\u00e1rodn\u00e1 konferencia fyzioterapie v gynekol\u00f3gii a\u00a0urol\u00f3gii, Park Inn by Radisson Danube, Bratislava<\/div>\n<div><a href=\"https:\/\/events.amedi.sk\/sk\/podujatie\/672\/page\/10848\">https:\/\/events.amedi.sk\/sk\/podujatie\/672\/page\/10848<\/a><\/div>\n<div><strong>24.4.2025<\/strong><\/div>\n<div>Kurz \u2013 Ultrazvuk v urogynekologii, \u00daPMD Praha<\/div>\n<div><a href=\"https:\/\/www.ipvz.cz\/vzdelavaci-akce\/63488-kurz-ultrazvuk-v-urogynekologii\">https:\/\/www.ipvz.cz\/vzdelavaci-akce\/63488-kurz-ultrazvuk-v-urogynekologii<\/a><\/div>\n<div><strong>15.5.-17.5.2025<\/strong><\/div>\n<div>XXXI. kongres SGPS, Ko\u0161ice<\/div>\n<div><a href=\"http:\/\/www.sgps.sk\/\">www.sgps.sk<\/a><\/div>\n<div><strong>4.6.- 6.6.2025<\/strong><\/div>\n<div>32. v\u00fdro\u010dn\u00e1 konferencia Slovenskej Urologickej Spolo\u010dnosti<\/div>\n<div><a href=\"https:\/\/sus.sk\/\" target=\"_blank\" rel=\"noopener\">https:\/\/sus.sk<\/a><\/div>\n<div><strong>18.6.-21.6.2025<\/strong><\/div>\n<div>IUGA\/EUGA Joint Meeting, Barcelona, \u0160panielsko<\/div>\n<div><a href=\"https:\/\/www.iugaeuga2025.org\/\">https:\/\/www.iugaeuga2025.org\/<\/a><\/div>\n<div><strong>18.9.- 20.9.2025<\/strong><\/div>\n<div>A special joint Annual Meeting of the International Continence Society and the Emirates Urological Society, Abu Dhabi ,United Arab Emirates<\/div>\n<div><a href=\"https:\/\/www.ics.org\/2025\">https:\/\/www.ics.org\/2025<\/a><\/div>\n<div><strong>19.9.-20.9.2025<\/strong><\/div>\n<div>Gynekologick\u00e1 a p\u00f4rodn\u00edcka sonografia v ambulantnej a hospitaliza\u010dnej praxi \u2013 VOL. III., Hotel Be\u0161e\u0148ov\u00e1<\/div>\n<div><a href=\"https:\/\/www.amirex.sk\/seminare\/\">https:\/\/www.amirex.sk\/seminare\/<\/a><\/div>\n<div><strong>3.10.- 4.10.2025<\/strong><\/div>\n<div>Konferencia gynekol\u00f3gov, urol\u00f3gov a sexuol\u00f3gov, Hotel Grand, Jasn\u00e1<\/div>\n<div><a href=\"http:\/\/www.amedi.sk\/\" target=\"_blank\" rel=\"noopener\">www.amedi.sk<\/a><\/div>\n<div><strong>5.10.- 9.10.2025<\/strong><\/div>\n<div>XXV. World Congress of Gynecology and Obstetrics, Cape Town, South Africa<\/div>\n<div><a href=\"https:\/\/figo2025.org\/\" target=\"_blank\" rel=\"noopener\">https:\/\/figo2025.org\/<\/a><\/div>\n<div><strong>7.11.2025\u00a0<\/strong><\/div>\n<div>Kurz Ultrazvukov\u00e9 vy\u0161et\u0159en\u00ed panvov\u00e9ho dna a jeho dysfunkci\u00ed,<br \/>Klinika gynekologie, porodnictv\u00ed a neonatologie 1. LF UK a VFN, Praha, koordin\u00e1tor: doc.MUDr.Kamil \u0160vab\u00edk, PhD.<br \/><a href=\"https:\/\/apolinar.eu\/sluzby\/ultrazvukove-vysetreni-panevniho-dna-a-jeho-dysfunkci-2\/\">https:\/\/apolinar.eu\/sluzby\/ultrazvukove-vysetreni-panevniho-dna-a-jeho-dysfunkci-2\/<\/a><\/div>\n<div><strong>3.12.- 4.12.2025<\/strong><\/div>\n<div>XXXIV. \u010desk\u00e1 urogynekologie, O2 universum, Praha<\/div>\n<div><a href=\"https:\/\/www.congressprague.cz\/kongresy\/cur25.html\" target=\"_blank\" rel=\"noopener\">XXXIV. \u010desk\u00e1 urogynekologie | Congress Prague<\/a><\/div>\n<\/div><div class=\"fusion-clearfix\"><\/div><\/div><\/div><\/div><\/div><\/p>\n","protected":false},"excerpt":{"rendered":"","protected":false},"author":1,"featured_media":0,"parent":1968,"menu_order":0,"comment_status":"closed","ping_status":"closed","template":"","meta":{"footnotes":""},"class_list":["post-3325","page","type-page","status-publish","hentry"],"_links":{"self":[{"href":"https:\/\/www.urogynekologia.sk\/index.php?rest_route=\/wp\/v2\/pages\/3325","targetHints":{"allow":["GET"]}}],"collection":[{"href":"https:\/\/www.urogynekologia.sk\/index.php?rest_route=\/wp\/v2\/pages"}],"about":[{"href":"https:\/\/www.urogynekologia.sk\/index.php?rest_route=\/wp\/v2\/types\/page"}],"author":[{"embeddable":true,"href":"https:\/\/www.urogynekologia.sk\/index.php?rest_route=\/wp\/v2\/users\/1"}],"replies":[{"embeddable":true,"href":"https:\/\/www.urogynekologia.sk\/index.php?rest_route=%2Fwp%2Fv2%2Fcomments&post=3325"}],"version-history":[{"count":20,"href":"https:\/\/www.urogynekologia.sk\/index.php?rest_route=\/wp\/v2\/pages\/3325\/revisions"}],"predecessor-version":[{"id":3454,"href":"https:\/\/www.urogynekologia.sk\/index.php?rest_route=\/wp\/v2\/pages\/3325\/revisions\/3454"}],"up":[{"embeddable":true,"href":"https:\/\/www.urogynekologia.sk\/index.php?rest_route=\/wp\/v2\/pages\/1968"}],"wp:attachment":[{"href":"https:\/\/www.urogynekologia.sk\/index.php?rest_route=%2Fwp%2Fv2%2Fmedia&parent=3325"}],"curies":[{"name":"wp","href":"https:\/\/api.w.org\/{rel}","templated":true}]}}