{"id":3456,"date":"2025-07-01T10:16:30","date_gmt":"2025-07-01T08:16:30","guid":{"rendered":"https:\/\/www.urogynekologia.sk\/?page_id=3456"},"modified":"2026-04-20T10:01:44","modified_gmt":"2026-04-20T08:01:44","slug":"rok-2026","status":"publish","type":"page","link":"https:\/\/www.urogynekologia.sk\/","title":{"rendered":"Rok 2026"},"content":{"rendered":"<p><div class=\"fusion-fullwidth fullwidth-box fusion-builder-row-1 fusion-flex-container has-pattern-background has-mask-background nonhundred-percent-fullwidth non-hundred-percent-height-scrolling\" style=\"--awb-border-radius-top-left:0px;--awb-border-radius-top-right:0px;--awb-border-radius-bottom-right:0px;--awb-border-radius-bottom-left:0px;--awb-flex-wrap:wrap;\" ><div class=\"fusion-builder-row fusion-row fusion-flex-align-items-flex-start fusion-flex-content-wrap\" style=\"max-width:1144px;margin-left: calc(-4% \/ 2 );margin-right: calc(-4% \/ 2 );\"><div class=\"fusion-layout-column fusion_builder_column fusion-builder-column-0 fusion_builder_column_1_1 1_1 fusion-flex-column\" style=\"--awb-bg-size:cover;--awb-width-large:100%;--awb-margin-top-large:0px;--awb-spacing-right-large:1.92%;--awb-margin-bottom-large:20px;--awb-spacing-left-large:1.92%;--awb-width-medium:100%;--awb-order-medium:0;--awb-spacing-right-medium:1.92%;--awb-spacing-left-medium:1.92%;--awb-width-small:100%;--awb-order-small:0;--awb-spacing-right-small:1.92%;--awb-spacing-left-small:1.92%;\"><div class=\"fusion-column-wrapper fusion-column-has-shadow fusion-flex-justify-content-flex-start fusion-content-layout-column\">\t\t\t\t\t<div class=\"fusion-slider-container fusion-slider-sc-uro fusion-slider-12 full-width-slider\" style=\"height:300px; max-width:100%;\" data-id=\"12\" data-full_height=\"\">\n\t\t\t\t\t\t<style type=\"text\/css\">.fusion-slider-12 .flex-direction-nav a {width:63px;height:63px;line-height:63px;font-size:25px;}.fusion-slider-12 .flex-control-paging li a {background:rgba(255, 255, 255, 0.6);}.fusion-slider-12 .flex-control-paging li a.flex-active {background:rgba(255, 255, 255, 1);}<\/style>\t\t\t\t\t\t<div class=\"fusion-slider-loading\">Loading...<\/div>\n\t\t\t\t\t\t<div class=\"tfs-slider flexslider main-flex full-width-slider\" data-slider_width=\"100%\" data-slider_height=\"300px\" data-full_screen=\"0\" data-slider_indicator=\"pagination_circles\" data-parallax=\"0\" data-nav_arrows=\"1\" data-nav_box_width=\"63px\" data-nav_box_height=\"63px\" data-nav_arrow_size=\"25px\" data-autoplay=\"1\" data-loop=\"1\" data-orderby=\"date\" data-order=\"DESC\" data-animation=\"fade\" data-slideshow_speed=\"7000\" data-animation_speed=\"600\" data-typo_sensitivity=\"1\" data-typo_factor=\"1.5\" style=\"max-width:100%;\">\n\t\t\t\t\t\t\t<ul class=\"slides\">\n\t\t\t\t\t\t\t\t\t\t\t\t\t\t\t\t\t<li data-mute=\"yes\" data-loop=\"yes\" data-autoplay=\"yes\">\n\t\t\t\t\t\t\t\t\t\t<div class=\"slide-content-container slide-content-center\" style=\"display: none;\">\n\t\t\t\t\t\t\t\t\t\t\t<div class=\"slide-content\" style=\"\">\n\t\t\t\t\t\t\t\t\t\t\t\t\t\t\t\t\t\t\t\t\t\t\t\t\t\t\t\t\t\t\t\t\t\t\t\t\t\t\t\t\t\t\t\t\t\t\t\t\t<div class=\"buttons\" >\n\t\t\t\t\t\t\t\t\t\t\t\t\t\t\t\t\t\t\t\t\t\t\t\t\t\t\t\t\t\t\t\t\t\t\t\t\t\t\t\t\t<\/div>\n\t\t\t\t\t\t\t\t\t\t\t\t\t\t\t\t\t\t\t\t\t\t\t<\/div>\n\t\t\t\t\t\t\t\t\t\t<\/div>\n\t\t\t\t\t\t\t\t\t\t\t\t\t\t\t\t\t\t\t\t\t\t\t\t\t\t\t\t\t\t\t\t\t\t\t\t\t\t\t\t<div class=\"background background-image\" style=\"background-image: url(https:\/\/www.urogynekologia.sk\/wp-content\/uploads\/slider1b.jpg);max-width:100%;height:300px;filter: progid:DXImageTransform.Microsoft.AlphaImageLoader(src='https:\/\/www.urogynekologia.sk\/wp-content\/uploads\/slider1b.jpg', sizingMethod='scale');\" data-imgwidth=\"1920\">\n\t\t\t\t\t\t\t\t\t\t\t\t\t\t\t\t\t\t\t\t\t\t\t\t\t\t\t\t\t\t\t\t\t\t\t\t\t\t\t\t\t\t\t\t\t\t\t\t\t\t\t\t\t\t\t\t\t\t\t\t\t\t\t\t\t\t<\/div>\n\t\t\t\t\t\t\t\t\t<\/li>\n\t\t\t\t\t\t\t\t\t\t\t\t\t\t\t\t\t\t\t\t\t\t\t<\/ul>\n\t\t\t\t\t\t<\/div>\n\t\t\t\t\t<\/div>\n\t\t\t\t\t\t\t\t<\/div><\/div><\/div><\/div><div class=\"fusion-fullwidth fullwidth-box fusion-builder-row-2 nonhundred-percent-fullwidth non-hundred-percent-height-scrolling\" style=\"--awb-border-radius-top-left:0px;--awb-border-radius-top-right:0px;--awb-border-radius-bottom-right:0px;--awb-border-radius-bottom-left:0px;--awb-flex-wrap:wrap;\" ><div class=\"fusion-builder-row fusion-row\"><div class=\"fusion-layout-column fusion_builder_column fusion-builder-column-1 fusion_builder_column_1_1 1_1 fusion-one-full fusion-column-first fusion-column-last\" style=\"--awb-bg-size:cover;--awb-margin-bottom:0px;\"><div class=\"fusion-column-wrapper fusion-flex-column-wrapper-legacy\"><div class=\"fusion-title title fusion-title-1 fusion-sep-none fusion-title-text fusion-title-size-one\"><h1 class=\"fusion-title-heading title-heading-left\" style=\"margin:0;\"><h2 style=\"text-align: center;\"><strong>Zoznam odborn\u00fdch podujat\u00ed v roku 2026<\/strong><\/h2><\/h1><\/div><div class=\"fusion-sep-clear\"><\/div><div class=\"fusion-separator fusion-full-width-sep\" style=\"margin-left: auto;margin-right: auto;margin-bottom:10px;width:100%;\"><\/div><div class=\"fusion-sep-clear\"><\/div><div class=\"fusion-text fusion-text-1\"><\/div><div class=\"fusion-text fusion-text-2\"><div><strong>14.5.-16.5.2026<\/strong><\/div>\n<div>XXXII.kongres SGPS SLS, Tren\u010d\u00edn<\/div>\n<div><a href=\"http:\/\/www.sgps-kongres.sk\/\">www.sgps-kongres.sk<\/a><\/div>\n<div><\/div>\n<div><strong>10.6.-12.6.2026<\/strong><\/div>\n<div>33. v\u00fdro\u010dn\u00e1 konferencia SUS, \u0160trbsk\u00e9 pleso<\/div>\n<div><a href=\"https:\/\/www.sus.sk\">www.sus.sk<\/a><\/div>\n<div><strong>10.6.-13.6.2026<\/strong><\/div>\n<div>\n<p>IUGA 51st Annual Meeting, Rio de Janeiro, Brazil<\/p>\n<div><a href=\"https:\/\/www.iugameeting.org\/\">https:\/\/www.iugameeting.org\/<\/a><\/div>\n<div><\/div>\n<div><strong>6.10.- 9.10.2026<\/strong><\/div>\n<div><span style=\"font-family: arial, sans-serif;\">ICS 2026, International Continence Society Annual Meeting,\u00a0Maastricht, the Netherlands<\/span><\/div>\n<div><a href=\"https:\/\/www.ics.org\/2026\">https:\/\/www.ics.org\/2026<\/a><\/div>\n<div><span style=\"color: #ff0000;\"><strong>24.9.-25.9.2026<\/strong><\/span><\/div>\n<div><span style=\"color: #ff0000;\">X. Slovensk\u00e1 konferencia urogynekol\u00f3gie, Ko\u0161ice<\/span><\/div>\n<div><\/div>\n<div><strong>6.11.2026<\/strong><\/div>\n<div>Kurz Ultrazvukov\u00e9 vy\u0161et\u0159en\u00ed panvov\u00e9ho dna a jeho dysfunkci\u00ed,<br \/>\nKlinika gynekologie, porodnictv\u00ed a neonatologie 1. LF UK a VFN, Praha,<br \/>\nkoordin\u00e1tor: prof MUDr.Kamil \u0160vab\u00edk, PhD.<\/div>\n<div><a href=\"https:\/\/apolinar.eu\/sluzby\/ultrazvukove-vysetreni-panevniho-dna-a-jeho-dysfunkci-2\/\" target=\"_blank\" rel=\"noopener\">https:\/\/apolinar.eu\/sluzby\/ultrazvukove-vysetreni-panevniho-dna-a-jeho-dysfunkci-2\/<\/a><\/div>\n<div><\/div>\n<div><strong>3.12.- 5.12.2026<\/strong><\/div>\n<div>XIX. EUGA\u00a0 Annual Meeting,\u00a0Athens, Greece<\/div>\n<div><a href=\"https:\/\/www.eugacongress.org\/\">https:\/\/www.eugacongress.org\/<\/a><\/div>\n<div><\/div>\n<div><strong>9.12.-10.12.2026<\/strong><\/div>\n<div>\u010desk\u00e1 urogynekologick\u00e1 konference<\/div>\n<div><a href=\"https:\/\/konference-ceskaurogynekologie.cz\/page\/zakladni-informace\">https:\/\/konference-ceskaurogynekologie.cz\/page\/zakladni-informace<\/a><\/div>\n<\/div>\n<\/div><div class=\"fusion-clearfix\"><\/div><\/div><\/div><\/div><\/div><\/p>\n","protected":false},"excerpt":{"rendered":"","protected":false},"author":1,"featured_media":0,"parent":1968,"menu_order":0,"comment_status":"closed","ping_status":"closed","template":"","meta":{"footnotes":""},"class_list":["post-3456","page","type-page","status-publish","hentry"],"_links":{"self":[{"href":"https:\/\/www.urogynekologia.sk\/index.php?rest_route=\/wp\/v2\/pages\/3456","targetHints":{"allow":["GET"]}}],"collection":[{"href":"https:\/\/www.urogynekologia.sk\/index.php?rest_route=\/wp\/v2\/pages"}],"about":[{"href":"https:\/\/www.urogynekologia.sk\/index.php?rest_route=\/wp\/v2\/types\/page"}],"author":[{"embeddable":true,"href":"https:\/\/www.urogynekologia.sk\/index.php?rest_route=\/wp\/v2\/users\/1"}],"replies":[{"embeddable":true,"href":"https:\/\/www.urogynekologia.sk\/index.php?rest_route=%2Fwp%2Fv2%2Fcomments&post=3456"}],"version-history":[{"count":13,"href":"https:\/\/www.urogynekologia.sk\/index.php?rest_route=\/wp\/v2\/pages\/3456\/revisions"}],"predecessor-version":[{"id":3499,"href":"https:\/\/www.urogynekologia.sk\/index.php?rest_route=\/wp\/v2\/pages\/3456\/revisions\/3499"}],"up":[{"embeddable":true,"href":"https:\/\/www.urogynekologia.sk\/index.php?rest_route=\/wp\/v2\/pages\/1968"}],"wp:attachment":[{"href":"https:\/\/www.urogynekologia.sk\/index.php?rest_route=%2Fwp%2Fv2%2Fmedia&parent=3456"}],"curies":[{"name":"wp","href":"https:\/\/api.w.org\/{rel}","templated":true}]}}