{"id":435,"date":"2016-01-04T08:31:57","date_gmt":"2016-01-04T06:31:57","guid":{"rendered":"http:\/\/www.urogynekologia.sk\/?page_id=435"},"modified":"2016-10-05T16:35:58","modified_gmt":"2016-10-05T14:35:58","slug":"kongres-2012","status":"publish","type":"page","link":"https:\/\/www.urogynekologia.sk\/?page_id=435","title":{"rendered":"Kongres 2016"},"content":{"rendered":"<p>&nbsp;<\/p>\n<table border=\"0\" align=\"center\">\n<tbody>\n<tr>\n<td style=\"text-align: center; border: 0px solid #ffffff;\">Slovensk\u00e1 gynekologicko &#8211; p\u00f4rodn\u00edcka spolo\u010dnos\u0165\u00a0 SLS<\/td>\n<\/tr>\n<tr>\n<td style=\"text-align: center; border: 0px solid #ffffff;\">Sekcia gynekologickej\u00a0 urol\u00f3gie SGPS SLS<\/td>\n<\/tr>\n<tr>\n<td style=\"text-align: center; border: 0px solid #ffffff;\"><a href=\"http:\/\/new.gynpor.sk\" target=\"_blank\">Gynpor s.r.o. Slia\u010d<\/a><\/td>\n<\/tr>\n<tr>\n<td style=\"border: 0px solid #ffffff;\">\n<hr \/>\n<\/td>\n<\/tr>\n<tr>\n<td style=\"text-align: center; border: 0px solid #ffffff;\">\u00a0usporiadaj\u00fa<\/p>\n<p>kongres<\/td>\n<\/tr>\n<tr>\n<td style=\"border: 0px solid #ffffff;\">\n<h3 style=\"text-align: center;\">VI.\u00a0SLOVENSK\u00c1 KONFERENCIA<br \/>\nUROGYNEKOL\u00d3GIE 2016<\/h3>\n<\/td>\n<\/tr>\n<tr>\n<td style=\"border: 0px solid #ffffff;\">\n<h1 style=\"text-align: center;\"><a href=\"http:\/\/www.urogynekologia.sk\/wp-content\/uploads\/6uro.jpg\"><img decoding=\"async\" class=\"lazyload aligncenter size-medium wp-image-1527\" src=\"http:\/\/www.urogynekologia.sk\/wp-content\/uploads\/6uro-300x291.jpg\" data-orig-src=\"http:\/\/www.urogynekologia.sk\/wp-content\/uploads\/6uro-300x291.jpg\" alt=\"6uro\" width=\"300\" height=\"291\" srcset=\"data:image\/svg+xml,%3Csvg%20xmlns%3D%27http%3A%2F%2Fwww.w3.org%2F2000%2Fsvg%27%20width%3D%27300%27%20height%3D%27291%27%20viewBox%3D%270%200%20300%20291%27%3E%3Crect%20width%3D%27300%27%20height%3D%27291%27%20fill-opacity%3D%220%22%2F%3E%3C%2Fsvg%3E\" data-srcset=\"https:\/\/www.urogynekologia.sk\/wp-content\/uploads\/6uro-300x291.jpg 300w, https:\/\/www.urogynekologia.sk\/wp-content\/uploads\/6uro-768x745.jpg 768w, https:\/\/www.urogynekologia.sk\/wp-content\/uploads\/6uro.jpg 926w\" data-sizes=\"auto\" data-orig-sizes=\"(max-width: 300px) 100vw, 300px\" \/><\/a><\/h1>\n<\/td>\n<\/tr>\n<tr>\n<td style=\"text-align: center; border: 0px solid #ffffff;\">\n<p class=\"p1\"><span class=\"s1\"><strong>T\u00e9my:<\/strong> Inkontinencia mo\u010du a defekty panvov\u00e9ho dna u \u017eien, <\/span><\/p>\n<p class=\"p1\"><span class=\"s1\">diagnostika, konzervat\u00edvna a opera\u010dn\u00e1 lie\u010dba, <\/span><\/p>\n<p class=\"p1\"><span class=\"s1\">komplik\u00e1cie lie\u010dby a ich rie\u0161enie, vplyv p\u00f4rodu na panvov\u00e9 dno.<\/span><\/p>\n<\/td>\n<\/tr>\n<tr>\n<td style=\"border: 0px solid #ffffff;\"><\/td>\n<\/tr>\n<tr>\n<td style=\"text-align: center; border: 0px solid #ffffff;\"><strong>Hotel Kask\u00e1dy, Slia\u010d<\/strong><\/td>\n<\/tr>\n<tr>\n<td style=\"text-align: center; border: 0px solid #ffffff;\"><strong>14.10.2016<\/strong><\/td>\n<\/tr>\n<tr>\n<td style=\"text-align: center; border: 0px solid #ffffff;\"><\/td>\n<\/tr>\n<\/tbody>\n<\/table>\n<p>&nbsp;<\/p>\n","protected":false},"excerpt":{"rendered":"<p>&nbsp; Slovensk\u00e1 gynekologicko &#8211; p\u00f4rodn\u00edcka spolo\u010dnos\u0165\u00a0 SLS Sekcia gynekologickej\u00a0 urol\u00f3gie  [&#8230;]<\/p>\n","protected":false},"author":1,"featured_media":0,"parent":0,"menu_order":0,"comment_status":"closed","ping_status":"closed","template":"","meta":{"footnotes":""},"class_list":["post-435","page","type-page","status-publish","hentry"],"_links":{"self":[{"href":"https:\/\/www.urogynekologia.sk\/index.php?rest_route=\/wp\/v2\/pages\/435","targetHints":{"allow":["GET"]}}],"collection":[{"href":"https:\/\/www.urogynekologia.sk\/index.php?rest_route=\/wp\/v2\/pages"}],"about":[{"href":"https:\/\/www.urogynekologia.sk\/index.php?rest_route=\/wp\/v2\/types\/page"}],"author":[{"embeddable":true,"href":"https:\/\/www.urogynekologia.sk\/index.php?rest_route=\/wp\/v2\/users\/1"}],"replies":[{"embeddable":true,"href":"https:\/\/www.urogynekologia.sk\/index.php?rest_route=%2Fwp%2Fv2%2Fcomments&post=435"}],"version-history":[{"count":59,"href":"https:\/\/www.urogynekologia.sk\/index.php?rest_route=\/wp\/v2\/pages\/435\/revisions"}],"predecessor-version":[{"id":1403,"href":"https:\/\/www.urogynekologia.sk\/index.php?rest_route=\/wp\/v2\/pages\/435\/revisions\/1403"}],"wp:attachment":[{"href":"https:\/\/www.urogynekologia.sk\/index.php?rest_route=%2Fwp%2Fv2%2Fmedia&parent=435"}],"curies":[{"name":"wp","href":"https:\/\/api.w.org\/{rel}","templated":true}]}}