{"id":52,"date":"2011-03-03T14:18:46","date_gmt":"2011-03-03T12:18:46","guid":{"rendered":"http:\/\/new.urogynekologia.sk\/?page_id=52"},"modified":"2019-10-07T16:22:16","modified_gmt":"2019-10-07T14:22:16","slug":"rok-2012","status":"publish","type":"page","link":"https:\/\/www.urogynekologia.sk\/?page_id=52","title":{"rendered":"Rok 2012"},"content":{"rendered":"<p>23.3.2012<br \/>\nUZ vy\u0161etrenie panvov\u00e9ho dna (3D, 4D), Praha, \u010cR<br \/>\n<a href=\"http:\/\/www.gynstart.cz\/calendar.php?op=special\">http:\/\/www.gynstart.cz\/calendar.php?op=special<\/a><\/p>\n<p>18.4.-20.4.2012<br \/>\nUnited Kingdom Continence Society<br \/>\n19th Annual Scientific Meeting, Liverpool, United Kingdom<br \/>\n<a href=\"http:\/\/ukcsconferences.com\/\">http:\/\/ukcsconferences.com\/<\/a><\/p>\n<p>23.4.-25.4.2012<br \/>\nGlobal Forum on Incontinence<br \/>\nStrategies through life, Koda\u0148, D\u00e1nsko<br \/>\n<a href=\"http:\/\/eu2012.dk\/en\/Meetings\/Other-Meetings\/Apr\/The-fourth-Global-Forum-On-Incontinence\">http:\/\/eu2012.dk\/en\/Meetings\/Other-Meetings\/Apr\/The-fourth-Global-Forum-On-Incontinence<br \/>\n<\/a><\/p>\n<p>31.5.-2.6.2012<br \/>\nXIX.KONGRES SGPS, Bratislava<br \/>\n<a href=\"http:\/\/www.progress.eu.sk\/kongresy\/sgps2012\/\">http:\/\/www.progress.eu.sk\/kongresy\/sgps2012\/<\/a><\/p>\n<p>6.6.-8.6.2012 Martin<br \/>\n19. Konferencia Slovenskej urologickej spolo\u010dnosti SLS<br \/>\n<a href=\"http:\/\/www.events.farmi-profi.sk\/sk\/sus2012\"><span style=\"font-family: 'Times New Roman'; font-size: small;\">http:\/\/www.events.farmi-profi.sk\/sk\/sus2012<\/span><\/a><\/p>\n<p>29.6.-30.6.2012<br \/>\n1st International Neuro-Urology Meeting, Z\u00fcrich, Switzerland<br \/>\n<span class=\"Apple-style-span\" style=\"color: #800080;\"><a href=\"http:\/\/www.swisscontinencefoundation.ch\/veranstaltungen\/intro\/detail.asp?IDEvent=1\">http:\/\/www.swisscontinencefoundation.ch\/veranstaltungen\/intro\/detail.asp?IDEvent=1<\/a><\/span><\/p>\n<p>4. 9. &#8211; 8. 9. 2012<br \/>\n37th Annual Meeting IUGA, Brisbane, Australia<br \/>\n<a href=\"http:\/\/www.iuga2012.com\/\">http:\/\/www.iuga2012.com\/<\/a><\/p>\n<p>28.9.2012<br \/>\nPoruchy panvov\u00e9ho dna (IV.kongres jednod\u0148ovej chirurgie), Hotel Kask\u00e1dy, Sie\u013enica<br \/>\norg.: MUDr.J\u00e1n Gal\u00e1d<\/p>\n<p>30.9.-4.10.2012<br \/>\n32nd Congress of the Soci\u00e9t\u00e9 Internationale d&#8217;Urologie, Fukuoka, Japan<br \/>\n<a href=\"http:\/\/www.siucongress.org\/\">http:\/\/www.siucongress.org\/<\/a><\/p>\n<p>5.10.-6.10.2012, Milan, Italy<br \/>\nEuropean Course: \u00a0Ultrasound in Urogynaecology<br \/>\n<a href=\"http:\/\/www.eugaoffice.org\/data\/articles\/down_215.pdf\">http:\/\/www.eugaoffice.org\/data\/articles\/down_215.pdf<\/a><\/p>\n<p>3.10.-6.10.2012 Chicago, U.S.A.<br \/>\nAUGS 33rd Annual Scientific Meeting<br \/>\n<a href=\"http:\/\/www.augsmeeting.org\/\">http:\/\/www.augsmeeting.org\/<\/a><\/p>\n<p>7. &#8211; 12. 10. 2012<br \/>\nThe 2012 FIGO World Congress, R\u00edm, Taliansko<br \/>\n<a href=\"http:\/\/www.figo2012.org\/home\/\">http:\/\/www.figo2012.org\/home\/<\/a><\/p>\n<p>15.10. &#8211; 19.10. 2012<br \/>\n43. Annual Meeting ICS, Peking, \u010c\u00edna<br \/>\n<a href=\"http:\/\/www2.kenes.com\/ics\/Pages\/Home.aspx\">http:\/\/www2.kenes.com\/ics\/Pages\/Home.aspx<\/a><\/p>\n<p>8.-10.11.2012<br \/>\nLeading Lights in Urogynaecology, Praha, \u010cR<br \/>\n<a href=\"http:\/\/www.eugaoffice.org\/future-meetings\/218-3\">http:\/\/www.eugaoffice.org\/future-meetings\/218-3<\/a><\/p>\n<p>6.12.2012<br \/>\nXXI. \u010cesk\u00e1 urogynekologie 2012<br \/>\nTradi\u010dn\u00ed celost\u00e1tn\u00ed konference Urogynekologick\u00e9 spole\u010dnosti s mezin\u00e1rodn\u00ed \u00fa\u010dast\u00ed, Clarion Congress Hotel, Praha, \u010cR<br \/>\n<a title=\"http:\/\/www.congressprague.cz\/kongresy\/urogyn2012.html\" href=\"http:\/\/www.congressprague.cz\/kongresy\/urogyn2012.html\">http:\/\/www.congressprague.cz\/kongresy\/urogyn2012.html<\/a><\/p>\n<p>&nbsp;<\/p>\n","protected":false},"excerpt":{"rendered":"<p>23.3.2012 UZ vy\u0161etrenie panvov\u00e9ho dna (3D, 4D), Praha, \u010cR http:\/\/www.gynstart.cz\/calendar.php?op=special  [&#8230;]<\/p>\n","protected":false},"author":1,"featured_media":0,"parent":1971,"menu_order":1,"comment_status":"closed","ping_status":"closed","template":"","meta":{"footnotes":""},"class_list":["post-52","page","type-page","status-publish","hentry"],"_links":{"self":[{"href":"https:\/\/www.urogynekologia.sk\/index.php?rest_route=\/wp\/v2\/pages\/52","targetHints":{"allow":["GET"]}}],"collection":[{"href":"https:\/\/www.urogynekologia.sk\/index.php?rest_route=\/wp\/v2\/pages"}],"about":[{"href":"https:\/\/www.urogynekologia.sk\/index.php?rest_route=\/wp\/v2\/types\/page"}],"author":[{"embeddable":true,"href":"https:\/\/www.urogynekologia.sk\/index.php?rest_route=\/wp\/v2\/users\/1"}],"replies":[{"embeddable":true,"href":"https:\/\/www.urogynekologia.sk\/index.php?rest_route=%2Fwp%2Fv2%2Fcomments&post=52"}],"version-history":[{"count":23,"href":"https:\/\/www.urogynekologia.sk\/index.php?rest_route=\/wp\/v2\/pages\/52\/revisions"}],"predecessor-version":[{"id":156,"href":"https:\/\/www.urogynekologia.sk\/index.php?rest_route=\/wp\/v2\/pages\/52\/revisions\/156"}],"up":[{"embeddable":true,"href":"https:\/\/www.urogynekologia.sk\/index.php?rest_route=\/wp\/v2\/pages\/1971"}],"wp:attachment":[{"href":"https:\/\/www.urogynekologia.sk\/index.php?rest_route=%2Fwp%2Fv2%2Fmedia&parent=52"}],"curies":[{"name":"wp","href":"https:\/\/api.w.org\/{rel}","templated":true}]}}