{"id":64,"date":"2011-03-03T14:24:05","date_gmt":"2011-03-03T14:24:05","guid":{"rendered":"http:\/\/new.urogynekologia.sk\/?page_id=64"},"modified":"2024-12-19T15:21:14","modified_gmt":"2024-12-19T13:21:14","slug":"firemne-stranky","status":"publish","type":"page","link":"https:\/\/www.urogynekologia.sk\/?page_id=64","title":{"rendered":"Firemn\u00e9 str\u00e1nky"},"content":{"rendered":"<div class=\"fusion-fullwidth fullwidth-box fusion-builder-row-1 nonhundred-percent-fullwidth non-hundred-percent-height-scrolling\" style=\"--awb-border-radius-top-left:0px;--awb-border-radius-top-right:0px;--awb-border-radius-bottom-right:0px;--awb-border-radius-bottom-left:0px;--awb-flex-wrap:wrap;\" ><div class=\"fusion-builder-row fusion-row\"><div class=\"fusion-layout-column fusion_builder_column fusion-builder-column-0 fusion_builder_column_1_2 1_2 fusion-one-half fusion-column-first\" style=\"--awb-bg-size:cover;--awb-margin-bottom:0px;width:48%; margin-right: 4%;\"><div class=\"fusion-column-wrapper fusion-flex-column-wrapper-legacy\"><div class=\"fusion-text fusion-text-1\"><h2>&#8222;O inkontinencii&#8220;<\/h2>\n<p><a href=\"https:\/\/www.moliklub.sk\/liecba-inkontinencie\">https:\/\/www.moliklub.sk\/liecba-inkontinencie<\/a><\/p>\n<p><a href=\"http:\/\/www.promed.cz\/home\" target=\"_blank\" rel=\"noopener noreferrer\">http:\/\/www.promed.cz\/home<\/a><\/p>\n<p><a href=\"http:\/\/www.jetovsuchu.sk\/je-to-v-suchu.html\">http:\/\/www.jetovsuchu.sk\/je-to-v-suchu.html<\/a><\/p>\n<h2>&#8222;Urodynamick\u00e9 a ultrazvukov\u00e9 pr\u00edstroje&#8220;<\/h2>\n<p><a href=\"http:\/\/www.medkonsult.cz\">http:\/\/www.medkonsult.cz<\/a><\/p>\n<h2>&#8222;Cvi\u010denie svalov panvov\u00e9ho dna&#8220;<\/h2>\n<p><a href=\"https:\/\/www.tena.sk\/tenalady\/zivot-s-unikom-mocu\/posilnovanie-panvoveho-dna\">https:\/\/www.tena.sk\/tenalady\/zivot-s-unikom-mocu\/posilnovanie-panvoveho-dna<\/a><\/p>\n<p><a href=\"https:\/\/www.moliklub.sk\/cviky-pre-posilnenie-svalov-panvoveho-dna\" target=\"_blank\" rel=\"noopener noreferrer\">https:\/\/www.moliklub.sk\/cviky-pre-posilnenie-svalov-panvoveho-dna<\/a><\/p>\n<p><a href=\"http:\/\/www.incovenal.eu\/sk\/ako-riesit-inkontinenciu\" target=\"_blank\" rel=\"noopener noreferrer\">http:\/\/www.incovenal.eu\/sk\/ako-riesit-inkontinenciu<\/a><\/p>\n<h2><\/h2>\n<\/div><div class=\"fusion-text fusion-text-2\"><h2>&#8222;Oper\u00e1cie&#8220;<\/h2>\n<p><a href=\"https:\/\/www.youtube.com\/watch?v=VVunvEjgLTs\" target=\"_blank\" rel=\"noopener noreferrer\">https:\/\/www.youtube.com\/watch?v=VVunvEjgLTs<\/a><\/p>\n<\/div><div class=\"fusion-clearfix\"><\/div><\/div><\/div><div class=\"fusion-layout-column fusion_builder_column fusion-builder-column-1 fusion_builder_column_1_2 1_2 fusion-one-half fusion-column-last\" style=\"--awb-bg-size:cover;--awb-margin-bottom:0px;width:48%;\"><div class=\"fusion-column-wrapper fusion-flex-column-wrapper-legacy\"><div class=\"fusion-text fusion-text-3\"><h2>&#8222;Pom\u00f4cky a pr\u00edstroje na cvi\u010denie svalov panvov\u00e9ho dna&#8220;<\/h2>\n<div><a href=\"https:\/\/www.tensiplus.com\/en\/\">https:\/\/www.tensiplus.com\/en\/<\/a><\/div>\n<h2>&#8222;Zdravotn\u00e9 pom\u00f4cky&#8220;<\/h2>\n<p><a href=\"http:\/\/www.tena.sk\/\" target=\"_blank\" rel=\"noopener noreferrer\">http:\/\/www.tena.sk\/<\/a><\/p>\n<p><a href=\"http:\/\/sk.hartmann.info\/index.php\" target=\"_blank\" rel=\"noopener noreferrer\">http:\/\/sk.hartmann.info\/index.php<\/a><\/p>\n<p><a href=\"http:\/\/www.depend.sk\" target=\"_blank\" rel=\"noopener noreferrer\">http:\/\/www.depend.sk<\/a><\/p>\n<h2>&#8222;Z\u00e1paly&#8220;<\/h2>\n<div><a href=\"https:\/\/utipro.sk\/\">https:\/\/utipro.sk\/<\/a><\/div>\n<\/div><div class=\"fusion-clearfix\"><\/div><\/div><\/div><\/div><\/div>\n","protected":false},"excerpt":{"rendered":"","protected":false},"author":1,"featured_media":0,"parent":18,"menu_order":0,"comment_status":"closed","ping_status":"closed","template":"","meta":{"footnotes":""},"class_list":["post-64","page","type-page","status-publish","hentry"],"_links":{"self":[{"href":"https:\/\/www.urogynekologia.sk\/index.php?rest_route=\/wp\/v2\/pages\/64","targetHints":{"allow":["GET"]}}],"collection":[{"href":"https:\/\/www.urogynekologia.sk\/index.php?rest_route=\/wp\/v2\/pages"}],"about":[{"href":"https:\/\/www.urogynekologia.sk\/index.php?rest_route=\/wp\/v2\/types\/page"}],"author":[{"embeddable":true,"href":"https:\/\/www.urogynekologia.sk\/index.php?rest_route=\/wp\/v2\/users\/1"}],"replies":[{"embeddable":true,"href":"https:\/\/www.urogynekologia.sk\/index.php?rest_route=%2Fwp%2Fv2%2Fcomments&post=64"}],"version-history":[{"count":35,"href":"https:\/\/www.urogynekologia.sk\/index.php?rest_route=\/wp\/v2\/pages\/64\/revisions"}],"predecessor-version":[{"id":3431,"href":"https:\/\/www.urogynekologia.sk\/index.php?rest_route=\/wp\/v2\/pages\/64\/revisions\/3431"}],"up":[{"embeddable":true,"href":"https:\/\/www.urogynekologia.sk\/index.php?rest_route=\/wp\/v2\/pages\/18"}],"wp:attachment":[{"href":"https:\/\/www.urogynekologia.sk\/index.php?rest_route=%2Fwp%2Fv2%2Fmedia&parent=64"}],"curies":[{"name":"wp","href":"https:\/\/api.w.org\/{rel}","templated":true}]}}