{"id":652,"date":"2012-11-19T10:57:19","date_gmt":"2012-11-19T08:57:19","guid":{"rendered":"http:\/\/www.urogynekologia.sk\/?page_id=652"},"modified":"2024-12-19T15:51:47","modified_gmt":"2024-12-19T13:51:47","slug":"dokumenty","status":"publish","type":"page","link":"https:\/\/www.urogynekologia.sk\/?page_id=652","title":{"rendered":"Dokumenty a inform\u00e1cie"},"content":{"rendered":"<div class=\"fusion-fullwidth fullwidth-box fusion-builder-row-1 nonhundred-percent-fullwidth non-hundred-percent-height-scrolling\" style=\"--awb-border-radius-top-left:0px;--awb-border-radius-top-right:0px;--awb-border-radius-bottom-right:0px;--awb-border-radius-bottom-left:0px;--awb-flex-wrap:wrap;\" ><div class=\"fusion-builder-row fusion-row\"><div class=\"fusion-layout-column fusion_builder_column fusion-builder-column-0 fusion_builder_column_1_1 1_1 fusion-one-full fusion-column-first fusion-column-last\" style=\"--awb-bg-size:cover;--awb-margin-bottom:0px;\"><div class=\"fusion-column-wrapper fusion-flex-column-wrapper-legacy\"><div class=\"fusion-text fusion-text-1\"><ul>\n<li><a href=\"http:\/\/www.urogynekologia.sk\/wp-content\/uploads\/EAU-Guidelines-on-Non-Neurogenic-Female-LUTS-2021.pdf\" target=\"_blank\" rel=\"noopener noreferrer\">EAU Guidelines on Management of Non-Neurogenic Female Lower Urinary Tract Symptoms (LUTS) 2021<\/a><\/li>\n<li><a href=\"http:\/\/www.urogynekologia.sk\/wp-content\/uploads\/EAU-guidelines-2020.pdf\">EAU Guidelines 2020<\/a><\/li>\n<li class=\"p1\"><a href=\"http:\/\/www.urogynekologia.sk\/doc\/GuidelinesUrinaryInkontincence-EAU.pdf\" target=\"_blank\" rel=\"noopener noreferrer\">Guidelines on Urinary Incontinence (EAU, 2012)<\/a><\/li>\n<li><a href=\"http:\/\/www.urogynekologia.sk\/doc\/DevelopingPelvicFloorDisorderRegistry.pdf\">Developing of the Pelvic Floor Disorder Registry (FDA)<\/a><\/li>\n<\/ul>\n<p>\u0160tatistick\u00e9 slu\u017eby pri spracovan\u00ed\u00a0v\u00fdsledkov \u0161t\u00fadi\u00ed:<\/p>\n<ul>\n<li><a href=\"http:\/\/www.matstat.eu\/klinicke-studie-a-granty\/\" target=\"_blank\" rel=\"noopener noreferrer\">www.matstat.eu\/klinicke-studie-a-granty\/<\/a><\/li>\n<\/ul>\n<div><\/div>\n<div>\n<div><strong>MIk\u010dn\u00fd denn\u00edk na stiahnutie:<\/strong><\/div>\n<ul>\n<li><a href=\"https:\/\/www.moliklub.sk\/encyklopedia\/mikcny-dennik\">https:\/\/www.moliklub.sk\/encyklopedia\/mikcny-dennik<\/a><\/li>\n<\/ul>\n<div><\/div>\n<div><strong>DVD s cvikmi panvov\u00e9ho dna:<\/strong><\/div>\n<ul>\n<li><a href=\"https:\/\/www.inkoforum.sk\/pre_pacientov\/dvd\/\">https:\/\/www.inkoforum.sk\/pre_pacientov\/dvd\/<\/a><\/li>\n<li>\n<div><a href=\"https:\/\/www.tena.sk\/tenalady\/zivot-s-unikom-mocu\/posilnovanie-panvoveho-dna\/pelvic-floor-posilnovanie\">https:\/\/www.tena.sk\/tenalady\/zivot-s-unikom-mocu\/posilnovanie-panvoveho-dna\/pelvic-floor-posilnovanie<\/a><\/div>\n<\/li>\n<li>\n<div><a href=\"https:\/\/www.moliklub.sk\/cviky-pre-posilnenie-svalov-panvoveho-dna\/v-lahu\">https:\/\/www.moliklub.sk\/cviky-pre-posilnenie-svalov-panvoveho-dna\/v-lahu<\/a><\/div>\n<\/li>\n<\/ul>\n<\/div>\n<\/div><div class=\"fusion-clearfix\"><\/div><\/div><\/div><\/div><\/div>\n","protected":false},"excerpt":{"rendered":"","protected":false},"author":1,"featured_media":0,"parent":0,"menu_order":0,"comment_status":"closed","ping_status":"closed","template":"","meta":{"footnotes":""},"class_list":["post-652","page","type-page","status-publish","hentry"],"_links":{"self":[{"href":"https:\/\/www.urogynekologia.sk\/index.php?rest_route=\/wp\/v2\/pages\/652","targetHints":{"allow":["GET"]}}],"collection":[{"href":"https:\/\/www.urogynekologia.sk\/index.php?rest_route=\/wp\/v2\/pages"}],"about":[{"href":"https:\/\/www.urogynekologia.sk\/index.php?rest_route=\/wp\/v2\/types\/page"}],"author":[{"embeddable":true,"href":"https:\/\/www.urogynekologia.sk\/index.php?rest_route=\/wp\/v2\/users\/1"}],"replies":[{"embeddable":true,"href":"https:\/\/www.urogynekologia.sk\/index.php?rest_route=%2Fwp%2Fv2%2Fcomments&post=652"}],"version-history":[{"count":26,"href":"https:\/\/www.urogynekologia.sk\/index.php?rest_route=\/wp\/v2\/pages\/652\/revisions"}],"predecessor-version":[{"id":3433,"href":"https:\/\/www.urogynekologia.sk\/index.php?rest_route=\/wp\/v2\/pages\/652\/revisions\/3433"}],"wp:attachment":[{"href":"https:\/\/www.urogynekologia.sk\/index.php?rest_route=%2Fwp%2Fv2%2Fmedia&parent=652"}],"curies":[{"name":"wp","href":"https:\/\/api.w.org\/{rel}","templated":true}]}}