{"id":747,"date":"2013-03-09T10:37:47","date_gmt":"2013-03-09T08:37:47","guid":{"rendered":"http:\/\/www.urogynekologia.sk\/?page_id=747"},"modified":"2017-01-02T21:22:22","modified_gmt":"2017-01-02T19:22:22","slug":"rok-2016","status":"publish","type":"page","link":"https:\/\/www.urogynekologia.sk\/?page_id=747","title":{"rendered":"Rok 2016"},"content":{"rendered":"<div><strong>11.03.- 15.03.2016<\/strong><\/div>\n<div>31st Annual European Association of Urology (EAU) Congress, Mn\u00edchov, Nemecko<\/div>\n<div>\n<p><a href=\"http:\/\/eaumunich2016.uroweb.org\/\">http:\/\/eaumunich2016.uroweb.org\/<\/a><\/p>\n<div>\n<div><strong>18.3.-19.3.2016<\/strong><\/div>\n<div>Stretnutie ne\u0161t\u00e1tnych urol\u00f3gov, Hotel Vin\u00e1rsky dom Pezinok<\/div>\n<div>\n<p><a href=\"http:\/\/www.meetingplanner.sk\/stretnutie-nu\/program-205.html\">www.meetingplanner.sk\/stretnutie-nu\/program-205.html<\/a><\/p>\n<div>\n<div><strong>8.4-9.4.2016<\/strong><\/div>\n<div>State of the Art, Zl\u00edn, \u010cR<\/div>\n<div>\n<p><a href=\"http:\/\/www.urogynekologiezlin.cz\/\">http:www.urogynekologiezlin.cz<\/a><\/p>\n<div>\n<div><strong>29.4.2016<\/strong><\/div>\n<div>Workshop Plze\u0148 &#8211; Laparoscopic Sacrocolpopexy &#8211; A practical course, Plze\u0148, \u010cR<\/div>\n<div><a href=\"http:\/\/www.urogynekologie.com\/media\/upload\/images\/laparoscopic.pdf\">http:\/\/www.urogynekologie.com\/media\/upload\/images\/laparoscopic.pdf<\/a><\/div>\n<div>\n<p><a href=\"http:\/\/www.biomedic-plzen.cz\/en\/389-laparoscopic-sacrocolpopexy-29-april-2016\">http:\/\/www.biomedic-plzen.cz\/en\/389-laparoscopic-sacrocolpopexy-29-april-2016<\/a><\/p>\n<div>\n<div><strong>6.5.-10.5.2016<\/strong><\/div>\n<div>64th Annual Meeting, American Urological Association, San Diego, U.S.A.<\/div>\n<div>\n<p><a title=\"http:\/\/www.aua2016.org\/\" href=\"http:\/\/www.aua2016.org\/\">http:\/\/www.aua2016.org\/<\/a><\/p>\n<div>\n<div><strong>9.6.-12.6.2016<\/strong><\/div>\n<div>III. spolo\u010dn\u00e1 konferencia \u010cGPS \u010cLS JEP a SGPS SLS, Karlovy Vary<\/div>\n<div><strong>workshop: Novinky v neinvazivn\u00edm o\u0161et\u0159en\u00ed lehk\u00e9 a st\u0159edn\u00ed stresov\u00e9 inkontinence mo\u010di<\/strong><\/div>\n<div>\n<p><a href=\"http:\/\/rency.cz\/gynkonference\/workshopy\/\" target=\"_blank\">http:\/\/rency.cz\/gynkonference\/workshopy\/<\/a><\/p>\n<div>\n<div><strong>15.6.-17.6.2016<\/strong><\/div>\n<div>23. v\u00fdro\u010dn\u00e1 konferencia SUS a Konferencia sestier pracuj\u00facich v urol\u00f3gii pri SLS\u017dilina<\/div>\n<div>\n<p><a title=\"http:\/\/konferencia.sus.sk\" href=\"http:\/\/konferencia.sus.sk\">http:\/\/konferencia.sus.sk<\/a><\/p>\n<div>\n<div><strong>5.-9.7.2016<\/strong><\/div>\n<div>41st IUGA Annual Meeting, Cape Town, South Africa<\/div>\n<div>\n<p><a title=\"http:\/\/www.iuga.org\/?2016meeting\" href=\"http:\/\/www.iuga.org\/?2016meeting\">http:\/\/www.iuga.org\/?2016meeting<\/a><\/p>\n<div>\n<div><strong>12.9.-16.9.2016<\/strong><\/div>\n<div>ICS Annual Meeting, Tokio, Japan<\/div>\n<div>\n<p><a href=\"http:\/\/www.ics.org\/2016\"> http:\/\/www.ics.org\/2016<\/a><\/p>\n<div>\n<div><strong>22.9.-23.9.2016&nbsp;<\/strong><\/div>\n<div>Global Congress on Lower Urinary Tract Dysfunction 2016, Viede\u0148, Rak\u00fasko<\/div>\n<div>\n<p><a href=\"http:\/\/lutd.org\/\">http:\/\/lutd.org\/<\/a><\/p>\n<div>\n<div><strong>27.9.-1.10.2016<\/strong><\/div>\n<div>PFD Week, AUGS 37<sup>th<\/sup>Annual Scientific Meeting, Colorado Convention Center, Denver, U.S.A.<\/div>\n<div>\n<p><a href=\"http:\/\/www.augs.org\/p\/cm\/ld\/fid=52\">http:\/\/www.augs.org\/p\/cm\/ld\/fid=52<\/a><\/p>\n<div>\n<div><b>14.10.2016<\/b><\/div>\n<div><strong>VI. Slovensk\u00e1 urogynekol\u00f3gia 2016, Hotel Kask\u00e1dy, Slia\u010d-Sielnica<\/strong><\/div>\n<div>\n<p><strong><a href=\"http:\/\/www.urogynekologia.sk\/?page_id=435\">www.urogynekologia.sk<\/a><\/strong><\/p>\n<div>\n<div><strong>20.10.-23.10.2016<\/strong><\/div>\n<div>\n<p>the 36th Congress of the Soci\u00e9t\u00e9 Internationale d\u2019Urologie, Buenos Aires, Argentina<\/p>\n<div>\n<div><strong>28.10.-29.10.2016<\/strong><\/div>\n<div>\n<p>III. konferencia gynekol\u00f3gov a urol\u00f3gov, Wellness hotel Grand, Jasn\u00e1<\/p>\n<div>\n<div><strong>3.11.-5.11.2016<\/strong><\/div>\n<div>9th Annual Congress EUGA, &nbsp;Leading&nbsp; Lights in Urogynaecology, Hilton Shiphol Hotel, Amsterdam, Holandsko<\/div>\n<div>\n<p><a href=\"http:\/\/www.eugacongress.org\/\">http:\/\/www.eugacongress.org\/<\/a><\/p>\n<div>\n<div><strong>26.11.2016<\/strong><\/div>\n<div>Konferencia Inkof\u00f3rum<\/div>\n<div>Hotel Partiz\u00e1n, T\u00e1le<\/div>\n<div>\n<p><a href=\"http:\/\/www.inkoforum.sk\/nase-aktivity\">http:\/\/www.inkoforum.sk\/nase-aktivity<\/a><\/p>\n<div>\n<div><strong>1.12.2016<\/strong><\/div>\n<div>\n<div>XXV. \u010desk\u00e1 urogynekologie 2016, Clarion Congress Hotel, Praha, \u010cR<\/div>\n<div><a href=\"https:\/\/www.congressprague.cz\/kongresy\/urogyn2016.html\">https:\/\/www.congressprague.cz\/kongresy\/urogyn2016.html<\/a><\/div>\n<\/div>\n<\/div>\n<\/div>\n<\/div>\n<\/div>\n<\/div>\n<\/div>\n<\/div>\n<\/div>\n<\/div>\n<\/div>\n<\/div>\n<\/div>\n<\/div>\n<\/div>\n<\/div>\n<\/div>\n<\/div>\n<\/div>\n<\/div>\n<\/div>\n<\/div>\n<\/div>\n<\/div>\n<\/div>\n<\/div>\n<\/div>\n<\/div>\n<\/div>\n<\/div>\n<\/div>\n<\/div>\n<\/div>\n","protected":false},"excerpt":{"rendered":"<p>11.03.- 15.03.2016 31st Annual European Association of Urology (EAU) Congress,  [&#8230;]<\/p>\n","protected":false},"author":1,"featured_media":0,"parent":1971,"menu_order":0,"comment_status":"closed","ping_status":"closed","template":"","meta":{"footnotes":""},"class_list":["post-747","page","type-page","status-publish","hentry"],"_links":{"self":[{"href":"https:\/\/www.urogynekologia.sk\/index.php?rest_route=\/wp\/v2\/pages\/747","targetHints":{"allow":["GET"]}}],"collection":[{"href":"https:\/\/www.urogynekologia.sk\/index.php?rest_route=\/wp\/v2\/pages"}],"about":[{"href":"https:\/\/www.urogynekologia.sk\/index.php?rest_route=\/wp\/v2\/types\/page"}],"author":[{"embeddable":true,"href":"https:\/\/www.urogynekologia.sk\/index.php?rest_route=\/wp\/v2\/users\/1"}],"replies":[{"embeddable":true,"href":"https:\/\/www.urogynekologia.sk\/index.php?rest_route=%2Fwp%2Fv2%2Fcomments&post=747"}],"version-history":[{"count":93,"href":"https:\/\/www.urogynekologia.sk\/index.php?rest_route=\/wp\/v2\/pages\/747\/revisions"}],"predecessor-version":[{"id":1967,"href":"https:\/\/www.urogynekologia.sk\/index.php?rest_route=\/wp\/v2\/pages\/747\/revisions\/1967"}],"up":[{"embeddable":true,"href":"https:\/\/www.urogynekologia.sk\/index.php?rest_route=\/wp\/v2\/pages\/1971"}],"wp:attachment":[{"href":"https:\/\/www.urogynekologia.sk\/index.php?rest_route=%2Fwp%2Fv2%2Fmedia&parent=747"}],"curies":[{"name":"wp","href":"https:\/\/api.w.org\/{rel}","templated":true}]}}