{"id":76,"date":"2011-03-03T14:51:39","date_gmt":"2011-03-03T14:51:39","guid":{"rendered":"http:\/\/new.urogynekologia.sk\/?page_id=76"},"modified":"2021-01-14T12:26:51","modified_gmt":"2021-01-14T10:26:51","slug":"casopisy","status":"publish","type":"page","link":"https:\/\/www.urogynekologia.sk\/?page_id=76","title":{"rendered":"\u010casopisy"},"content":{"rendered":"<div class=\"fusion-fullwidth fullwidth-box fusion-builder-row-1 nonhundred-percent-fullwidth non-hundred-percent-height-scrolling\" style=\"--awb-border-radius-top-left:0px;--awb-border-radius-top-right:0px;--awb-border-radius-bottom-right:0px;--awb-border-radius-bottom-left:0px;--awb-flex-wrap:wrap;\" ><div class=\"fusion-builder-row fusion-row\"><div class=\"fusion-layout-column fusion_builder_column fusion-builder-column-0 fusion_builder_column_1_1 1_1 fusion-one-full fusion-column-first fusion-column-last\" style=\"--awb-bg-size:cover;--awb-margin-bottom:0px;\"><div class=\"fusion-column-wrapper fusion-flex-column-wrapper-legacy\"><div class=\"fusion-text fusion-text-1\"><ul>\n<li><span style=\"font-family: arial, helvetica, sans-serif; font-size: 10pt;\">\u010dasopis <a href=\"http:\/\/www.praktickagynekologie.cz\">Praktick\u00e1 gynekologie<\/a>&nbsp;<\/span><\/li>\n<li><span style=\"font-family: arial, helvetica, sans-serif; font-size: 10pt;\">Ivan Holl\u00fd, Peter Papcun, Marian Kri\u017eko Jr.&nbsp;<span style=\"color: #000000;\"><a href=\"http:\/\/www.samedi.sk\/?page=archiv&amp;act=Archiv_clanok&amp;identif=gynek&amp;clanok_id=346\">P\u00d4RODN\u00c9 PORANENIE PANVOV\u00c9HO DNA \u2013 QUO VADIS ARS OBSTETRICIA?<\/a><br \/>\n<\/span>Gynekol. prax 2012; 10 (1): 6-9<br \/>\n<\/span><\/li>\n<li><span style=\"font-family: arial, helvetica, sans-serif; font-size: 10pt;\">Jaroslav Petri\u0161in&nbsp;<span style=\"color: #000000;\"><a href=\"http:\/\/www.samedi.sk\/?page=archiv&amp;act=Archiv_clanok&amp;identif=gynek&amp;clanok_id=347\">ALGORITMUS VY\u0160ETRENIA PACIENTOK S PORUCHAMI PANVOV\u00c9HO DNA<\/a><br \/>\n<\/span>Gynekol. prax 2012; 10 (1): 10-15<\/span><\/li>\n<li><span style=\"font-family: arial, helvetica, sans-serif; font-size: 10pt;\">Tom\u00e1\u0161 Danys&nbsp;<span style=\"color: #000000;\"><a href=\"http:\/\/www.samedi.sk\/?page=archiv&amp;act=Archiv_clanok&amp;identif=gynek&amp;clanok_id=348\">HYPERAKT\u00cdVNY MO\u010cOV\u00dd MECH\u00daR V AMBULANTNEJ PRAXI<\/a><br \/>\n<\/span>Gynekol. prax 2012; 10 (1): 17-20<\/span><\/li>\n<li><span style=\"font-family: arial, helvetica, sans-serif; font-size: 10pt;\">Branislav Kop\u010dan&nbsp;<span style=\"color: #000000;\"><a href=\"http:\/\/www.samedi.sk\/?page=archiv&amp;act=Archiv_clanok&amp;identif=gynek&amp;clanok_id=349\">S\u00da\u010cASN\u00c9 MO\u017dNOSTI OPERA\u010cNEJ LIE\u010cBY STRESOVEJ INKONTINENCIE MO\u010cU<\/a><br \/>\n<\/span>Gynekol. prax 2012; 10 (1): 21-25<br \/>\n<\/span><\/li>\n<li><span style=\"font-family: arial, helvetica, sans-serif; font-size: 10pt;\">J\u00e1n Gal\u00e1d&nbsp;<span style=\"color: #000000;\"><a href=\"http:\/\/www.samedi.sk\/?page=archiv&amp;act=Archiv_clanok&amp;identif=gynek&amp;clanok_id=350\">VYU\u017dITIE IMPLANT\u00c1TOV PRI REKON\u0160TRUKCII DEFEKTOV PANVOV\u00c9HO DNA<\/a><br \/>\n<\/span>Gynekol. prax 2012; 10 (1): 26-31<br \/>\n<\/span><\/li>\n<li><span style=\"font-family: arial, helvetica, sans-serif; font-size: 10pt;\">Peter Urdz\u00edk&nbsp;<span style=\"color: #000000;\"><a href=\"http:\/\/www.samedi.sk\/?page=archiv&amp;act=Archiv_clanok&amp;identif=gynek&amp;clanok_id=351\">KOMPLIK\u00c1CIE REKON\u0160TRUK\u010cN\u00ddCH OPER\u00c1CI\u00cd PROLAPSU PANVOV\u00ddCH ORG\u00c1NOV POMOCOU SYNTETICK\u00ddCH IMPLANT\u00c1TOV<br \/>\n<\/a><\/span><span class=\"Apple-style-span\">Gynekol. prax 2012; 10 (1): 32-34<\/span><\/span><\/li>\n<li><span style=\"font-family: arial, helvetica, sans-serif; font-size: 10pt;\">J\u00e1n Gal\u00e1d, Peter Urdz\u00edk&nbsp;<span style=\"color: #000000;\"><a href=\"http:\/\/www.samedi.sk\/?page=archiv&amp;act=Archiv_clanok&amp;identif=gynek&amp;clanok_id=352\">GYNEKOLOGICK\u00c1 UROL\u00d3GIA NA SLOVENSKU \u2013 S\u00da\u010cASNOS\u0164 A PERSPEKT\u00cdVY<\/a><br \/>\n<\/span>Gynekol. prax 2012; 10 (1): 35-37<\/span><\/li>\n<li><span style=\"font-family: arial, helvetica, sans-serif; font-size: 10pt;\">Gynekol\u00f3gia pre prax 2008 \/\u010d. 1, T\u00e9ma \u010d\u00edsla: Inkontinencia mo\u010du u \u017eeny<\/span><\/li>\n<li><span style=\"font-family: arial, helvetica, sans-serif; font-size: 10pt;\"><a href=\"http:\/\/www.samedi.sk\/\" target=\"_blank\" rel=\"noopener noreferrer\">www.samedi.sk<\/a> (treba sa registrova\u0165 potom Arch\u00edv)<\/span><\/li>\n<li><span style=\"font-family: arial, helvetica, sans-serif; font-size: 10pt;\">Modern\u00ed gynekologicke a porodnictv\u00ed, <a title=\"pln\u00e1 zn\u011bn\u00ed \u010dl\u00e1nk\u016f\" href=\"http:\/\/www.levret.cz\/publikace\/casopisy\/mgp\/vol15c2s\/index.php\" target=\"_blank\" rel=\"noopener noreferrer\">Volum&nbsp;15, \u010d\u00edslo&nbsp;2, supplementum, 2006 &#8211; Hyperaktivn\u00ed m\u011bch\u00fd\u0159<\/a>, Levret s.r.o,<\/span><\/li>\n<li><span style=\"font-family: arial, helvetica, sans-serif; font-size: 10pt;\"><a href=\"http:\/\/www.levret.cz\/texty\/casopisy\/mgp\/obsahy.php\" target=\"_blank\" rel=\"noopener noreferrer\">http:\/\/www.levret.cz\/texty\/casopisy\/mgp\/obsahy.php<\/a><\/span><\/li>\n<li><span style=\"font-family: arial, helvetica, sans-serif; font-size: 10pt;\">Urdz\u00edk P., Ostr\u00f3 A.: Inkontinencia mo\u010du u \u017eien \u2013 prevencia a lie\u010dba<\/span><\/li>\n<li><span style=\"font-family: arial, helvetica, sans-serif; font-size: 10pt;\"><a href=\"http:\/\/www.solen.sk\/index.php?page=pdf_view&amp;pdf_id=100\" target=\"_blank\" rel=\"noopener noreferrer\">http:\/\/www.solen.sk\/index.php?page=pdf_view&amp;pdf_id=100<\/a><\/span><\/li>\n<li><span style=\"font-family: arial, helvetica, sans-serif; font-size: 10pt;\">Vargov\u00e1 M. a kol:&nbsp; Suburetr\u00e1lne p\u00e1skov\u00e9 oper\u00e1cie&nbsp; v lie\u010dbe stresovej inkontinencie, Gynekol. prax 2009, 7 (4): 212-214.<\/span><\/li>\n<li><span style=\"font-family: arial, helvetica, sans-serif; font-size: 10pt;\">\u0160vihra J.: Diagnostika a lie\u010dba hyperakt\u00edvneho mo\u010dov\u00e9ho mech\u00fara u \u017eien<\/span><br \/>\n<span style=\"font-family: arial, helvetica, sans-serif; font-size: 10pt;\"> Gynekol\u00f3gia \u2013 pr\u00edloha \u010dasopisu Bedeker zdravia, RE-PUBLIC, 1\/2009<\/span><\/li>\n<li><span style=\"font-family: arial, helvetica, sans-serif; font-size: 10pt;\">Danys T.: \u00daloha urodynamick\u00e9ho vy\u0161etrenia v starostlivosti o inkontinentn\u00e9 pacientky,<\/span><br \/>\n<span style=\"font-family: arial, helvetica, sans-serif; font-size: 10pt;\"> Gynekol\u00f3gia \u2013 pr\u00edloha \u010dasopisu Bedeker zdravia, RE-PUBLIC, 1\/2009<\/span><\/li>\n<li><span style=\"font-family: arial, helvetica, sans-serif; font-size: 10pt;\"><a href=\"http:\/\/www.bedekerzdravia.sk\/\" target=\"_blank\" rel=\"noopener noreferrer\">www.bedekerzdravia.sk<\/a><\/span><\/li>\n<li><span style=\"font-family: arial, helvetica, sans-serif; font-size: 10pt;\">Hor\u010di\u010dka L.: Cystitis, Actualgyn, 2009h<\/span><\/li>\n<li><span style=\"font-family: arial, helvetica, sans-serif; font-size: 10pt;\"><a href=\"http:\/\/www.actualgyn.com\/pdf\/2009_10.pdf\">http:\/\/www<\/a><a href=\"http:\/\/www.actualgyn.com\/pdf\/2009_10.pdf\" target=\"_blank\" rel=\"noopener noreferrer\">.actualgyn.com\/pdf\/2009_10.pdf<\/a><\/span><\/li>\n<li><span style=\"font-family: arial, helvetica, sans-serif; font-size: 10pt;\">Zmrhal J.: Diferenci\u00e1ln\u00ed diagnostika hyperakt\u00edvn\u00edho mo\u010dov\u00e9ho m\u011bch\u00fd\u0159e, Actualgyn, 2009<\/span><\/li>\n<li><span style=\"font-family: arial, helvetica, sans-serif; font-size: 10pt;\"><a href=\"http:\/\/www.actualgyn.com\/pdf\/2009_7.pdf\" target=\"_blank\" rel=\"noopener noreferrer\">http:\/\/www.actualgyn.com\/pdf\/2009_7.pdf<\/a><\/span><\/li>\n<li><span style=\"font-family: arial, helvetica, sans-serif; font-size: 10pt;\">Roman\u010d\u00edk M. a kol.: TRANSOBTURAT\u00d3RNA P\u00c1SKA V LIE\u010cBE STRESOVEJ INKONTINENCIE MO\u010cU U \u017dIEN, Klinick\u00e1 urol\u00f3gia 2009\/1, Samedi<\/span><\/li>\n<li><span style=\"font-family: arial, helvetica, sans-serif; font-size: 10pt;\"><a href=\"http:\/\/www.samedi.sk\/?page=archiv&amp;act=Archiv_clanok&amp;identif=urolog&amp;clanok_id=96\" target=\"_blank\" rel=\"noopener noreferrer\">http:\/\/www.samedi.sk\/?page=a<\/a><a href=\"http:\/\/www.samedi.sk\/?page=archiv&amp;act=Archiv_clanok&amp;identif=urolog&amp;clanok_id=96\" target=\"_blank\" rel=\"noopener noreferrer\">rchiv&amp;act=Archiv_clanok&amp;identif=urolog&amp;clanok_id=96<\/a><\/span><\/li>\n<li><span style=\"font-family: arial, helvetica, sans-serif; font-size: 10pt;\">Danys T.: Ako sa vyhn\u00fa\u0165 inkontinencii, Gyneko magaz\u00edn, Medmedia s.r.o., 2010, II.ro\u010dn\u00edk, \u010d\u00edslo 1, str. 18-19<\/span><\/li>\n<li><span style=\"font-family: arial, helvetica, sans-serif; font-size: 10pt;\">Papcun P.: Oper\u00e1cie inkontinencie, Gyneko magaz\u00edn, Medmedia s.r.o., 2010, II.ro\u010dn\u00edk, \u010d\u00edslo 1, str. 21-23<\/span><\/li>\n<li><span style=\"font-family: arial, helvetica, sans-serif; font-size: 10pt;\">\u0160ef\u010dovi\u010dov\u00e1 E. et al.: Posil\u0148ovanie panvov\u00e9ho dna, Gyneko magaz\u00edn, Medmedia s.r.o., 2010, II.ro\u010dn\u00edk, \u010d\u00edslo 1, str. 25-26<\/span><\/li>\n<li><span style=\"font-family: arial, helvetica, sans-serif; font-size: 10pt;\">Krhut J.: Hyperaktivn\u00ed mo\u010dov\u00fd m\u011bch\u00fd\u0159, Medic\u00edna po promoci, ro\u010dn\u00edk 11, Suppl. 1\/2010, str. 29<\/span><\/li>\n<li><span style=\"font-family: arial, helvetica, sans-serif; font-size: 10pt;\">Topinkov\u00e1 E.: Farmakoterapie hyperaktivn\u00edho mo\u010dov\u00e9ho m\u011bch\u00fd\u0159e ve st\u00e1\u0159\u00ed, Medic\u00edna po promoci, ro\u010dn\u00edk 11, Suppl. 1\/2010, str. 36<\/span><\/li>\n<li><span style=\"font-family: arial, helvetica, sans-serif; font-size: 10pt;\">\u013dubom\u00edr Velk, Du\u0161an Martin\u010dok, Tom\u00e1\u0161 Ki\u010dka: STRESOV\u00c1 INKONTINENCIA MO\u010cU U \u017dIEN: \u00daSPE\u0160NOS\u0164 JEDNOTLIV\u00ddCH OPERA\u010cN\u00ddCH TECHN\u00cdK, Klin. urol. 2009; 5 (3): 139-147<\/span><br \/>\n<span style=\"font-family: arial, helvetica, sans-serif; font-size: 10pt;\"> <a href=\"http:\/\/www.samedi.sk\/?page=archiv&amp;act=Archiv_clanok&amp;identif=urolog&amp;clanok_id=116\">http:\/\/www.samedi.sk\/?page=archiv&amp;act=Archiv_clanok&amp;identif=urolog&amp;clanok_id=116<\/a><\/span><\/li>\n<li><span style=\"font-family: arial, helvetica, sans-serif; font-size: 10pt;\">Martin Roman\u010d\u00edk, Peter Weibl, Viera Labudov\u00e1, Ivan Lutter, Milan Ob\u0161itn\u00edk, Frederico Goncalves<\/span><br \/>\n<span style=\"font-family: arial, helvetica, sans-serif; font-size: 10pt;\"> TRANSOBTURAT\u00d3RNA P\u00c1SKA V LIE\u010cBE STRESOVEJ INKONTINENCIE MO\u010cU U \u017dIEN<\/span><br \/>\n<span style=\"font-family: arial, helvetica, sans-serif; font-size: 10pt;\"> Klin. urol. 2009; 5 (1): 25-33<\/span><br \/>\n<span style=\"font-family: arial, helvetica, sans-serif; font-size: 10pt;\"> <a href=\"http:\/\/www.samedi.sk\/?page=archiv&amp;act=Archiv_clanok&amp;identif=urolog&amp;clanok_id=96\">http:\/\/www.samedi.sk\/?page=archiv&amp;act=Archiv_clanok&amp;identif=urolog&amp;clanok_id=96<\/a><\/span><\/li>\n<li><span style=\"font-family: arial, helvetica, sans-serif; font-size: 10pt;\">J. Thuroff, P. Abrams, KE. Andersson, W. Artibani, E. Chartier-Kastler, C. Hampel, P. Kerrebroeck<\/span><br \/>\n<span style=\"font-family: arial, helvetica, sans-serif; font-size: 10pt;\"> ODPOR\u00da\u010cACIE SMERNICE PRE INKONTINENCIU MO\u010cU Klin. urol. 2008; 4 (1): 39 &#8211; 45<\/span><\/li>\n<li><span style=\"font-family: arial, helvetica, sans-serif; font-size: 10pt;\">Jan Krhut, Josef Kopeck\u00fd, Pavel Hrad\u00edlek APLIKACE BOTULINUMTOXINU DO DETRUZORU U PACIENT\u016e S NEUROGENN\u00cdM M\u011aCH\u00dd\u0158EM \u2013 LZE UR\u010cIT OPTIM\u00c1LN\u00cd INDIKA\u010cN\u00cd SKUPINU PACIENT\u016e? Klin. urol. 2007; 3 (3): 149 &#8211; 155<\/span><br \/>\n<span style=\"font-family: arial, helvetica, sans-serif; font-size: 10pt;\"> <a href=\"http:\/\/www.samedi.sk\/index.php?page=archiv&amp;act=Archiv_clanok&amp;identif=urolog&amp;clanok_id=65&amp;ses_id=0470864cf746ff2c2f40d6f810e00bdb\">http:\/\/www.samedi.sk\/index.php?page=archiv&amp;act=Archiv_clanok<br \/>\n&amp;identif=urolog&amp;clanok_id=65&amp;ses_id=0470864cf746ff2c2f40d6f810e00bdb<\/a><\/span><\/li>\n<li><span style=\"font-family: arial, helvetica, sans-serif; font-size: 10pt;\">Martin Roman\u010d\u00edk, Ivan Lutter, Frederico Goncalves, Milan Ob\u0161itn\u00edk, Peter Weibl, Andrej Havalda<\/span><br \/>\n<span style=\"font-family: arial, helvetica, sans-serif; font-size: 10pt;\"> POROVNANIE V\u010cASN\u00ddCH V\u00ddSLEDKOV LIE\u010cBY VSTREBATE\u013dNOU A NEVSTREBATE\u013dNOU TRANSOBTURAT\u00d3RNOU P\u00c1SKOU<\/span><br \/>\n<span style=\"font-family: arial, helvetica, sans-serif; font-size: 10pt;\"> Klin. urol. 2007; 3(3): 156 &#8211; 159<\/span><br \/>\n<span style=\"font-family: arial, helvetica, sans-serif; font-size: 10pt;\"> <a href=\"http:\/\/www.samedi.sk\/index.php?page=archiv&amp;act=Archiv_clanok&amp;identif=urolog&amp;clanok_id=66&amp;ses_id=0470864cf746ff2c2f40d6f810e00bdb\">http:\/\/www.samedi.sk\/index.php?page=archiv&amp;act=Archiv_clanok&amp;identif=urolog&amp;<br \/>\nclanok_id=66&amp;ses_id=0470864cf746ff2c2f40d6f810e00bdb<\/a><\/span><\/li>\n<li><span style=\"font-family: arial, helvetica, sans-serif; font-size: 10pt;\">Peter Zvara, Katar\u00edna Zvarov\u00e1<\/span><br \/>\n<span style=\"font-family: arial, helvetica, sans-serif; font-size: 10pt;\"> HYPERAKT\u00cdVNY MO\u010cOV\u00dd MECH\u00daR ETIOL\u00d3GIA, PATOGEN\u00c9ZA A NOV\u00c9 MO\u017dNOSTI LIE\u010cBY Klin. urol. 2006; 2 (1): 14 &#8211; 17<\/span><br \/>\n<span style=\"font-family: arial, helvetica, sans-serif; font-size: 10pt;\"> <a href=\"http:\/\/www.samedi.sk\/index.php?page=archiv&amp;act=Archiv_clanok&amp;identif=urolog&amp;clanok_id=13&amp;ses_id=0470864cf746ff2c2f40d6f810e00bdb\">http:\/\/www.samedi.sk\/index.php?page=archiv&amp;act=Archiv_clanok&amp;identif=urolog&amp;clanok<br \/>\n_id=13&amp;ses_id=0470864cf746ff2c2f40d6f810e00bdb<\/a><\/span><\/li>\n<li><span style=\"font-family: arial, helvetica, sans-serif; font-size: 10pt;\">Martin Roman\u010d\u00edk, Ivan Lutter, Frederico Goncalves, Milan Ob\u0161itn\u00edk<\/span><br \/>\n<span style=\"font-family: arial, helvetica, sans-serif; font-size: 10pt;\"> OVPLYV\u0147UJE PATOMECHANIZMUS STRESOVEJ INKONTINENCIE MO\u010cU V\u00ddSLEDOK IMPLANT\u00c1CIE TRANSOBTURAT\u00d3RNEJ SUBURETR\u00c1LNEJ P\u00c1SKY?<\/span><br \/>\n<span style=\"font-family: arial, helvetica, sans-serif; font-size: 10pt;\"> Klin. urol. 2006; 2 (1): 18 &#8211; 24<\/span><br \/>\n<span style=\"font-family: arial, helvetica, sans-serif; font-size: 10pt;\"> <a href=\"http:\/\/www.samedi.sk\/index.php?page=archiv&amp;act=Archiv_clanok&amp;identif=urolog&amp;clanok_id=14&amp;ses_id=0470864cf746ff2c2f40d6f810e00bdb\">http:\/\/www.samedi.sk\/index.php?page=archiv&amp;act=Archiv_clanok&amp;identif=urolog&amp;clanok<br \/>\n_id=14&amp;ses_id=0470864cf746ff2c2f40d6f810e00bd<\/a><\/span><\/li>\n<li><span style=\"font-family: arial, helvetica, sans-serif; font-size: 10pt;\">J\u00e1n \u0160vihra, J\u00e1n Kliment KLINICK\u00c9 N\u00c1VODY NA DIAGNOSTIKU A LIE\u010cBU INKONTINENCIE MO\u010cU U \u017dIEN Klin. urol. 2005; 1 (1): 41-45<\/span><br \/>\n<span style=\"font-family: arial, helvetica, sans-serif; font-size: 10pt;\"> <a href=\"http:\/\/www.samedi.sk\/index.php?page=archiv&amp;act=Archiv_clanok&amp;identif=urolog&amp;clanok_id=7&amp;ses_id=0470864cf746ff2c2f40d6f810e00bdb\">http:\/\/www.samedi.sk\/index.php?page=archiv&amp;act=Archiv_clanok&amp;identif=urolog&amp;clanok_id<br \/>\n=7&amp;ses_id=0470864cf746ff2c2f40d6f810e00bdb<\/a><\/span><\/li>\n<li><span style=\"font-family: arial, helvetica, sans-serif; font-size: 10pt;\">Jan Krhut, Romana Hola\u0148ov\u00e1, Iva Muro\u0148ov\u00e1<\/span><br \/>\n<span style=\"font-family: arial, helvetica, sans-serif; font-size: 10pt;\"> SOU\u010cASN\u00dd POHLED NA FYZIOTERAPII V L\u00c9\u010cB\u011a MO\u010cOV\u00c9 INKONTINENCE Klin. urol. 2005 1 (1): 47-50<\/span><br \/>\n<span style=\"font-family: arial, helvetica, sans-serif; font-size: 10pt;\"> <a href=\"http:\/\/www.samedi.sk\/index.php?page=archiv&amp;act=Archiv_clanok&amp;identif=urolog&amp;clanok_id=8&amp;ses_id=0470864cf746ff2c2f40d6f810e00bdb \">http:\/\/www.samedi.sk\/index.php?page=archiv&amp;act=Archiv_clanok&amp;identif=urolog&amp;clanok_id<br \/>\n=8&amp;ses_id=0470864cf746ff2c2f40d6f810e00bdb <\/a><\/span><\/li>\n<li><span style=\"font-family: arial, helvetica, sans-serif; font-size: 10pt;\">Oravec J. et al.: Opera\u010dn\u00e9 rie\u0161enie poruchy predn\u00e9ho a zadn\u00e9ho kompartmentu pomocou implant\u00e1tov NAZCA. Slov. gynek. P\u00f4rod., 18, 2011, s.7-11.<\/span><\/li>\n<li><span style=\"font-family: arial, helvetica, sans-serif; font-size: 10pt;\">Lamprechtov\u00e1 B., \u0160tencl P., Oravec J. a kol.: Vyu\u017eitie ultrasonografie v urogynekol\u00f3gii. Slov. Gynek. P\u00f4rod., 18, 2011, s. 140-145<\/span><\/li>\n<li><span style=\"font-family: arial, helvetica, sans-serif; font-size: 10pt;\">Poruchy p\u00e1nevn\u00edho dna. \u010dasopis Modern\u00ed gynekologie a porodnictv\u00ed, 23, 2015.\u010d.4<\/span><\/li>\n<li><span style=\"font-size: 10pt;\">Urgence a ostatn\u00ed symptomy hyperaktivn\u00edho m\u011bch\u00fd\u0159e v praxi ambulantn\u00edho gynekologa<\/span><br \/>\n<span style=\"font-size: 10pt;\"><a href=\"http:\/\/www.gynstart.cz\/zobraz_clanky.php?op=visit&amp;lid=818\" target=\"_blank\" rel=\"noopener noreferrer\">http:\/\/www.gynstart.cz\/zobraz_clanky.php?op=visit&amp;lid=818<\/a><\/span><\/li>\n<\/ul>\n<\/div><div class=\"fusion-clearfix\"><\/div><\/div><\/div><\/div><\/div>\n","protected":false},"excerpt":{"rendered":"","protected":false},"author":1,"featured_media":0,"parent":20,"menu_order":0,"comment_status":"closed","ping_status":"closed","template":"","meta":{"footnotes":""},"class_list":["post-76","page","type-page","status-publish","hentry"],"_links":{"self":[{"href":"https:\/\/www.urogynekologia.sk\/index.php?rest_route=\/wp\/v2\/pages\/76","targetHints":{"allow":["GET"]}}],"collection":[{"href":"https:\/\/www.urogynekologia.sk\/index.php?rest_route=\/wp\/v2\/pages"}],"about":[{"href":"https:\/\/www.urogynekologia.sk\/index.php?rest_route=\/wp\/v2\/types\/page"}],"author":[{"embeddable":true,"href":"https:\/\/www.urogynekologia.sk\/index.php?rest_route=\/wp\/v2\/users\/1"}],"replies":[{"embeddable":true,"href":"https:\/\/www.urogynekologia.sk\/index.php?rest_route=%2Fwp%2Fv2%2Fcomments&post=76"}],"version-history":[{"count":17,"href":"https:\/\/www.urogynekologia.sk\/index.php?rest_route=\/wp\/v2\/pages\/76\/revisions"}],"predecessor-version":[{"id":2892,"href":"https:\/\/www.urogynekologia.sk\/index.php?rest_route=\/wp\/v2\/pages\/76\/revisions\/2892"}],"up":[{"embeddable":true,"href":"https:\/\/www.urogynekologia.sk\/index.php?rest_route=\/wp\/v2\/pages\/20"}],"wp:attachment":[{"href":"https:\/\/www.urogynekologia.sk\/index.php?rest_route=%2Fwp%2Fv2%2Fmedia&parent=76"}],"curies":[{"name":"wp","href":"https:\/\/api.w.org\/{rel}","templated":true}]}}