{"id":948,"date":"2014-04-20T23:20:17","date_gmt":"2014-04-20T21:20:17","guid":{"rendered":"http:\/\/www.urogynekologia.sk\/?page_id=948"},"modified":"2019-10-07T16:22:50","modified_gmt":"2019-10-07T14:22:50","slug":"rok-2017","status":"publish","type":"page","link":"https:\/\/www.urogynekologia.sk\/?page_id=948","title":{"rendered":"Rok 2017"},"content":{"rendered":"<div>\n<div><strong>10.2.-11.2.2017<\/strong><\/div>\n<div>Konferencia ne\u0161t\u00e1tnych urol\u00f3gov, Donovaly<\/div>\n<div>\n<p><strong>15.3.2017 Bratislava, &nbsp;22.3.2017 Nov\u00e9 Z\u00e1mky, &nbsp;29.3.2017 Ko\u0161ice<br \/>\n<\/strong>Odborn\u00fd semin\u00e1r: Konzervat\u00edvne a medikament\u00f3zne rie\u0161enie inkontinencie mo\u010du, org. Inkof\u00f3rum<br \/>\n<a href=\"http:\/\/www.inkoforum.sk\/seminar-pre-lekarov\">http:\/\/www.inkoforum.sk\/seminar-pre-lekarov<\/a><\/p>\n<\/div>\n<\/div>\n<div><strong>24.3.-28.3.2017<\/strong><\/div>\n<div>32<sup>nd<\/sup> Annual Congress of European Association of Urology, London<br \/>\n<a href=\"http:\/\/eau17.uroweb.org\/\">http:\/\/eau17.uroweb.org\/<\/a><\/div>\n<div>&nbsp;<\/div>\n<div><strong>12.4. \u2013 Dunajsk\u00e1 Streda, 19.4. \u2013 \u017dilina, 20.4. \u2013 Ko\u0161ice<\/strong>, <strong>27.4. \u2013 Michalovce<\/strong>, <strong>10.5. \u2013 Skalica, 11.5. \u2013 Bardejov<br \/>\n<\/strong>Odborn\u00fd seminar: Medic\u00ednsko &#8211; pr\u00e1vne minimum pri mana\u017emente pacientky s inkontinenciou mo\u010du v gynekologickej ambulancii, Spolupr\u00e1ca urol\u00f3ga a gynekol\u00f3ga v ambulantnej praxi, Management ochoren\u00ed prsn\u00edka pre ambulantn\u00fa prax.<br \/>\n<a href=\"\/html\/www\/doc\/Seminare2017.docx\">Program na stiahnutie<\/a><\/div>\n<div>\n<p><strong>2.5.2017 Ko\u0161ice, &nbsp;9.5.2017 Bratislava<\/strong><br \/>\nSemin\u00e1r G-U F\u00f3rum 2017, org. Edukafarm<br \/>\n<a href=\"http:\/\/www.edukafarm.sk\/c1456-g-u-forum-2017\">http:\/\/www.edukafarm.sk\/c1456-g-u-forum-2017<\/a><\/p>\n<\/div>\n<div><strong>12.5.-16.5.2017<\/strong><\/div>\n<div>\n<div>Annual Meeting of American Urological Association, Boston, U.S.A.<br \/>\n<a href=\"http:\/\/www.aua2016.org\/attendees\/future-annual-meeting-dates.cfm\">http:\/\/www.aua2016.org\/attendees\/future-annual-meeting-dates.cfm<\/a><\/div>\n<div>&nbsp;<\/div>\n<div>\n<div><strong>25.5.-28.5.2017<\/strong><\/div>\n<div>IV.spolo\u010dn\u00e1 konferencia SGPS SLS a \u010cGPS \u010cLS JEP, Incheba Expo, Bratislava<br \/>\n<a href=\"http:\/\/www.sgps-kongres.sk\/\">www.sgps-kongres.sk<\/a><\/div>\n<div><a href=\"http:\/\/www.sgps-kongres.sk\/\"><br \/>\n<\/a><strong>7.6.-9.6.2017<\/strong><\/div>\n<div>\n<div>24. V\u00fdro\u010dn\u00e1 konferencia SUS,&nbsp; Tren\u010dianske Teplice<\/div>\n<div><a href=\"http:\/\/www.sus.sk\/\">www.sus.sk<\/a><\/div>\n<div>&nbsp;<\/div>\n<\/div>\n<div>\n<div><strong>20.6.-24.6.2017<\/strong><\/div>\n<div>42<sup>nd<\/sup> Annual IUGA Meeting, Vancouver, Canada<br \/>\n<a href=\"http:\/\/iugameeting.org\/\">http:\/\/iugameeting.org\/<\/a><\/div>\n<div>&nbsp;<\/div>\n<div>\n<div><strong>11.9.-15.9.2017<\/strong><\/div>\n<div>ICS Annual Meeting, Florence, Italy<br \/>\n<a href=\"https:\/\/www.ics.org\/news\/599\">https:\/\/www.ics.org\/news\/599<\/a><\/div>\n<div>&nbsp;<\/div>\n<div>\n<div>\n<div>\n<div><strong>22.9.23.9.2017<\/strong><\/div>\n<div>Stretnutie ambulantn\u00fdch urol\u00f3gov a urogynekol\u00f3gov&nbsp;<\/div>\n<p><strong>6.10.-7.10.2017&nbsp;<br \/>\n<\/strong>Konferencia gynekol\u00f3gov a sexuol\u00f3gov, Hotel Grand Jasn\u00e1<br \/>\n<a href=\"http:\/\/www.amedi.sk\/podujatia\/konferencia-gynekologov-a-sexuologov-96\/uvod.html\">http:\/\/www.amedi.sk\/podujatia\/konferencia-gynekologov-a-sexuologov-96\/uvod.html<\/a><\/p>\n<\/div>\n<\/div>\n<div><strong>19.10.-22.10.2017<\/strong><\/div>\n<div><span style=\"color: #000000;\">37th Congress of the Soci\u00e9t\u00e9 Internationale d&#8217;Urologie (SIU),&nbsp;<\/span>Lisbon, Portugal&nbsp;<\/div>\n<div><a href=\"http:\/\/www.pr-medicalevents.com\/congress\/siu-2017\/\">http:\/\/www.pr-medicalevents.com\/congress\/siu-2017\/<\/a><\/div>\n<div>&nbsp;<\/div>\n<div><strong>19.10.-21.10.2017<br \/>\n<\/strong>EUGA 10th Annual Congress,&nbsp;Barcelona, Spain<br \/>\n<a href=\"http:\/\/www.eugaoffice.org\/euga-meetings\">http:\/\/www.eugaoffice.org\/euga-meetings<\/a><\/div>\n<div>\n<div>&nbsp;<\/div>\n<div><strong>24.10.-28.10.2017<br \/>\n<\/strong>PFD Week 2017 AUGS 38<sup>th<\/sup>Annual Scientific Meeting, Charlotte, North Carolina, U.S.A.&nbsp;<\/div>\n<\/div>\n<div>\n<div>\n<p><strong>24.11.- 25.11.2017<br \/>\n<\/strong>Konferencia Inkoforum na t\u00e9mu: &#8222;Starn\u00faci mo\u010dov\u00fd mech\u00far u \u017eien&#8220;,&nbsp;&nbsp;hotel Residence, Donovaly<br \/>\n<a href=\"http:\/\/www.inkoforum.sk\/uvod\">http:\/\/www.inkoforum.sk\/uvod<\/a><\/p>\n<p><strong>6.12.-7.12.2017<br \/>\n<\/strong>26. ro\u010dn\u00edk konference Praktick\u00e1 urogynekologie, Praha, \u010cR<br \/>\n<a href=\"http:\/\/www.congressprague.cz\/urogyn2017\" target=\"_blank\" rel=\"noopener noreferrer\">www.congressprague.cz\/<wbr>urogyn2017<\/a><\/p>\n<\/div>\n<\/div>\n<\/div>\n<\/div>\n<\/div>\n<\/div>\n<\/div>\n<div>&nbsp;<\/div>\n","protected":false},"excerpt":{"rendered":"<p>10.2.-11.2.2017 Konferencia ne\u0161t\u00e1tnych urol\u00f3gov, Donovaly 15.3.2017 Bratislava, &nbsp;22.3.2017 Nov\u00e9 Z\u00e1mky,  [&#8230;]<\/p>\n","protected":false},"author":1,"featured_media":0,"parent":1971,"menu_order":0,"comment_status":"closed","ping_status":"closed","template":"","meta":{"footnotes":""},"class_list":["post-948","page","type-page","status-publish","hentry"],"_links":{"self":[{"href":"https:\/\/www.urogynekologia.sk\/index.php?rest_route=\/wp\/v2\/pages\/948","targetHints":{"allow":["GET"]}}],"collection":[{"href":"https:\/\/www.urogynekologia.sk\/index.php?rest_route=\/wp\/v2\/pages"}],"about":[{"href":"https:\/\/www.urogynekologia.sk\/index.php?rest_route=\/wp\/v2\/types\/page"}],"author":[{"embeddable":true,"href":"https:\/\/www.urogynekologia.sk\/index.php?rest_route=\/wp\/v2\/users\/1"}],"replies":[{"embeddable":true,"href":"https:\/\/www.urogynekologia.sk\/index.php?rest_route=%2Fwp%2Fv2%2Fcomments&post=948"}],"version-history":[{"count":40,"href":"https:\/\/www.urogynekologia.sk\/index.php?rest_route=\/wp\/v2\/pages\/948\/revisions"}],"predecessor-version":[{"id":2016,"href":"https:\/\/www.urogynekologia.sk\/index.php?rest_route=\/wp\/v2\/pages\/948\/revisions\/2016"}],"up":[{"embeddable":true,"href":"https:\/\/www.urogynekologia.sk\/index.php?rest_route=\/wp\/v2\/pages\/1971"}],"wp:attachment":[{"href":"https:\/\/www.urogynekologia.sk\/index.php?rest_route=%2Fwp%2Fv2%2Fmedia&parent=948"}],"curies":[{"name":"wp","href":"https:\/\/api.w.org\/{rel}","templated":true}]}}