{"id":957,"date":"2014-05-13T09:30:22","date_gmt":"2014-05-13T07:30:22","guid":{"rendered":"http:\/\/www.urogynekologia.sk\/?page_id=957"},"modified":"2024-07-12T09:59:44","modified_gmt":"2024-07-12T07:59:44","slug":"spravy-z-rokovani-vyboru","status":"publish","type":"page","link":"https:\/\/www.urogynekologia.sk\/?page_id=957","title":{"rendered":"Spr\u00e1vy z rokovan\u00ed v\u00fdboru"},"content":{"rendered":"<div class=\"fusion-fullwidth fullwidth-box fusion-builder-row-1 nonhundred-percent-fullwidth non-hundred-percent-height-scrolling\" style=\"--awb-border-radius-top-left:0px;--awb-border-radius-top-right:0px;--awb-border-radius-bottom-right:0px;--awb-border-radius-bottom-left:0px;--awb-flex-wrap:wrap;\" ><div class=\"fusion-builder-row fusion-row\"><div class=\"fusion-layout-column fusion_builder_column fusion-builder-column-0 fusion_builder_column_1_2 1_2 fusion-one-half fusion-column-first\" style=\"--awb-bg-size:cover;--awb-margin-bottom:0px;width:48%; margin-right: 4%;\"><div class=\"fusion-column-wrapper fusion-flex-column-wrapper-legacy\"><div class=\"fusion-text fusion-text-1\"><p>18.5.2024<\/p>\n<p>Bratislava &#8211; Spr\u00e1va z rokovania v\u00fdboru &#8211; <a href=\"\/doc\/218052024SpravaVyboruUrogynBA.pdf\">na stiahnutie<\/a><\/p>\n<p>2020<\/p>\n<p>vzh\u013eadom na epidemiologick\u00fa situ\u00e1ciu\u00a0 sa rokovanie v\u00fdboru neuskuto\u010dnilo<\/p>\n<p>22.6.2019<\/p>\n<p>Bratislava &#8211; Spr\u00e1va z rokovania V\u00fdboru &#8211; <a href=\"\/doc\/220619SpravaVyboruUrogynBA.pdf\">na stiahnutie<\/a><\/p>\n<p>8.6.2018<\/p>\n<p>Brno &#8211;\u00a0Z\u00e1pisnica zo sch\u00f4dze V\u00fdboru &#8211; <a href=\"\/doc\/080618SpravaVyboruUrogynBrno.pdf\">na stiahnutie<\/a><\/p>\n<p>26.5.2017<\/p>\n<p>Bratislava &#8211; Spr\u00e1va z rokovania V\u00fdboru &#8211; <a href=\"\/doc\/260517SpravaVyboruUrogynBA.pdf\">na stiahnutie<\/a><\/p>\n<p>9.4.2016<br \/>\nZl\u00edn\u00a0 &#8211; Spr\u00e1va z rokovania v\u00fdboru &#8211;\u00a0<a href=\"http:\/\/www.urogynekologia.sk\/wp-content\/uploads\/160409SpravaVyboruUrogynZl\u00edn.pdf\">na stiahnutie<\/a><\/p>\n<p>9.10.2015<br \/>\nT\u00e1le \u00a0&#8211; Spr\u00e1va z rokovania v\u00fdboru &#8211;\u00a0<a href=\"http:\/\/www.urogynekologia.sk\/doc\/151009SpravaVyboruUrogynTale.pdf\">na stiahnutie<\/a><\/p>\n<p>15.5.2015<br \/>\nBratislava\u00a0&#8211; Spr\u00e1va z rokovania v\u00fdboru &#8211;\u00a0<a href=\"http:\/\/www.urogynekologia.sk\/doc\/150515SpravaVyboruUrogynBratislava.pdf\">na stiahnutie<\/a><\/p>\n<\/div><div class=\"fusion-clearfix\"><\/div><\/div><\/div><div class=\"fusion-layout-column fusion_builder_column fusion-builder-column-1 fusion_builder_column_1_2 1_2 fusion-one-half fusion-column-last\" style=\"--awb-bg-size:cover;--awb-margin-bottom:0px;width:48%;\"><div class=\"fusion-column-wrapper fusion-flex-column-wrapper-legacy\"><div class=\"fusion-text fusion-text-2\"><p>10.1.2015<br \/>\nBystr\u00e1 &#8211; Spr\u00e1va z rokovania v\u00fdboru &#8211; <a href=\"http:\/\/www.urogynekologia.sk\/doc\/150110.pdf\">na stiahnutie<\/a><\/p>\n<p>6.6.2014<br \/>\nBrno &#8211; Spr\u00e1va z rokovania v\u00fdboru &#8211; <a href=\"http:\/\/www.urogynekologia.sk\/doc\/140606SpravaVyboruUrogynBrno.pdf\">na stiahnutie<\/a><\/p>\n<p>23.9.2013<br \/>\nSlia\u010d \u2013 Spr\u00e1va z rokovania v\u00fdboru \u2013\u00a0<a href=\"http:\/\/www.urogynekologia.sk\/doc\/130923SpravaVyboruUrogynSliac.pdf\">na stiahnutie<\/a><\/p>\n<p>31.5.2012<br \/>\nBratislava Spr\u00e1va z rokovania v\u00fdboru \u2013\u00a0<a href=\"http:\/\/www.urogynekologia.sk\/doc\/120531SpravaVyboruUrogyn.pdf\">na stiahnutie<\/a><\/p>\n<p>17.6.2011<br \/>\nPl\u00e1\u0161\u0165ovce \u2013 Spr\u00e1va z rokovania v\u00fdboru \u2013\u00a0<a href=\"http:\/\/www.urogynekologia.sk\/doc\/110617SpravaVyboruUrogyn.doc\">na stiahnutie<\/a><\/p>\n<p>12.5.2011<br \/>\nNitra \u2013 Spr\u00e1va z rokovania v\u00fdboru \u2013\u00a0<a href=\"http:\/\/www.urogynekologia.sk\/doc\/110512SpravaVyboruUrogyn.doc\">na stiahnutie<\/a><\/p>\n<\/div><div class=\"fusion-clearfix\"><\/div><\/div><\/div><\/div><\/div>\n","protected":false},"excerpt":{"rendered":"","protected":false},"author":1,"featured_media":0,"parent":14,"menu_order":0,"comment_status":"closed","ping_status":"closed","template":"","meta":{"footnotes":""},"class_list":["post-957","page","type-page","status-publish","hentry"],"_links":{"self":[{"href":"https:\/\/www.urogynekologia.sk\/index.php?rest_route=\/wp\/v2\/pages\/957","targetHints":{"allow":["GET"]}}],"collection":[{"href":"https:\/\/www.urogynekologia.sk\/index.php?rest_route=\/wp\/v2\/pages"}],"about":[{"href":"https:\/\/www.urogynekologia.sk\/index.php?rest_route=\/wp\/v2\/types\/page"}],"author":[{"embeddable":true,"href":"https:\/\/www.urogynekologia.sk\/index.php?rest_route=\/wp\/v2\/users\/1"}],"replies":[{"embeddable":true,"href":"https:\/\/www.urogynekologia.sk\/index.php?rest_route=%2Fwp%2Fv2%2Fcomments&post=957"}],"version-history":[{"count":23,"href":"https:\/\/www.urogynekologia.sk\/index.php?rest_route=\/wp\/v2\/pages\/957\/revisions"}],"predecessor-version":[{"id":3303,"href":"https:\/\/www.urogynekologia.sk\/index.php?rest_route=\/wp\/v2\/pages\/957\/revisions\/3303"}],"up":[{"embeddable":true,"href":"https:\/\/www.urogynekologia.sk\/index.php?rest_route=\/wp\/v2\/pages\/14"}],"wp:attachment":[{"href":"https:\/\/www.urogynekologia.sk\/index.php?rest_route=%2Fwp%2Fv2%2Fmedia&parent=957"}],"curies":[{"name":"wp","href":"https:\/\/api.w.org\/{rel}","templated":true}]}}